{"id":11235,"date":"2011-01-21T00:00:00","date_gmt":"2011-01-21T00:00:00","guid":{"rendered":"https:\/\/visualarqv2.asuni.cloud\/legal\/privacy-policy\/"},"modified":"2020-10-19T13:19:21","modified_gmt":"2020-10-19T13:19:21","slug":"privacy-policy","status":"publish","type":"page","link":"https:\/\/visualarqv2.instawp.xyz\/de\/legal\/privacy-policy\/","title":{"rendered":"Datenschutzrichtlinien"},"content":{"rendered":"<h1>Datenschutzrichtlinien<\/h1>\r\n<em>Aktualisiert: 23. Mai 2018<\/em>\r\n\r\nDiese Datenschutzrichtlinien sind auf die Websites von Asuni Soft anwendbar, sowie alle durch Asuni Soft zur Verf\u00fcgung gestellten Funktionen und Onlinedienste, die einen Link zu diesen Datenschutzrichtlinien posten oder enthalten.\r\n<h4>1. Erhobene Daten<\/h4>\r\n\r\n<p>Personenbezogene Daten<\/p>\r\n\r\nWenn Sie etwas von unserer Website herunterladen, erheben wir bestimmte personenbezogene Daten von Ihnen, die dazu verwendet werden k\u00f6nnen, Sie zu identifizieren. Dazu geh\u00f6ren Daten, die wir f\u00fcr die Bereitstellung unserer Dienstleistung als notwendig erachten und solche, die Sie uns freiwillig \u00fcbermitteln. Erhobene personenbezogene Daten werden nur in \u00dcbereinstimmung mit unseren Allgemeinen Gesch\u00e4ftsbedingungen und\/oder diesen Datenschutzrichtlinien offengelegt.\r\n\r\n<p>Nicht personenbezogene Daten<\/p>\r\n\r\nBei jedem Besuch unserer Website k\u00f6nnen nicht personenbezogene Daten wie Ihre IP-Adresse, der verweisende URL, Ihr Browser, Ihr Betriebssystem, Cookie-Informationen und Ihr Internetdienstanbieter erfasst werden. Diese Daten k\u00f6nnen ohne Vorlage einer Zwangsandrohung (Subpoena) zur Herausgabe der dazugeh\u00f6rigen personenbezogenen Daten durch Ihren Internetdienstanbieter bzw. die freiwillige Herausgabe durch denselben, oder durch Hinzuziehung weiterer, durch Dritte erfasster Daten, normalerweise nicht zu Ihrer Identifizierung verwendet werden.\r\n<h4>2. Was wir mit Ihren Daten machen<\/h4>\r\n<ul>\r\n \t<li>Sie vertraulich behandeln.<\/li>\r\n \t<li>Diese Webseite verbessern, damit sie Ihren Bed\u00fcrfnissen besser entspricht.<\/li>\r\n \t<li>Unsere Produkte verbessern, damit sie Ihren Bed\u00fcrfnissen besser entsprechen.<\/li>\r\n \t<li>Eine elektronische Newsletter-Verteilerliste aufbauen, damit wir den Abonnenten aktuelle Informationen \u00fcber unsere Produkte (und andere Produkte), Support, Schulung, Veranstaltungen, etc. zukommen lassen k\u00f6nnen.<\/li>\r\n<\/ul>\r\n<h4>3. Was wir mit Ihren Daten NICHT machen<\/h4>\r\n<ul>\r\n \t<li>Sie an Dritte au\u00dferhalb dieses Unternehmens verkaufen oder weiterleiten.<\/li>\r\n \t<li>Sie an unsere H\u00e4ndler oder Verteiler weiterleiten<\/li>\r\n<\/ul>\r\n<h4>4. Zugriff auf Informationen<\/h4>\r\nSie haben das Recht, von uns Zugriff auf die Informationen zu erfordern, die wir \u00fcber Sie besitzen. Hierf\u00fcr k\u00f6nnen Sie uns \u00fcber contact@asuni.com erreichen. Wir sorgen daf\u00fcr, dass Sie in weniger als einem Monat eine Kopie der von uns verarbeiteten und auf Ihre Person bezogenen Daten erhalten. Um Ihrer Anforderung nachzukommen, werden wir Sie m\u00f6glicherweise bitten, Ihre Identit\u00e4t nachzuweisen. Ihre Anforderung erf\u00fcllen wir dann durch elektronischen Versand Ihrer Kopie. F\u00fcr jeden folgende Zugriffsanfrage k\u00f6nnen wir Bearbeitungsgeb\u00fchren entheben.\r\n<h4>5. Korrektur und L\u00f6schung von Informationen<\/h4>\r\nSie haben das Recht, alle von uns erfassten und auf Ihre Person bezogenen Daten zu berichtigen oder zu l\u00f6schen. Ebenso haben Sie das Recht auf Daten\u00fcbertragbarkeit sowie das Recht darauf, die Verarbeitung Ihrer von uns durch die Dienste gesammelten pers\u00f6nlichen Daten zu beschr\u00e4nken oder ihr zu wiedersprechen. Dar\u00fcberhinaus sind Sie auch berechtigt, uns zur Nichtverarbeitung Ihrer pers\u00f6nlichen Daten aufzufordern (bzw. sie nicht zur Verarbeitung an Dritte weiterzuleiten), wenn diese zu Marketingzwecken geschieht oder anderweitig in grundlegender Weise von den urspr\u00fcnglich vorgesehenen oder durch Sie genehmigten Zwecken abweicht. Sie k\u00f6nnen Ihre Zustimmung zu jeglicher Datenverarbeitung unsererseits aufgrund einer von Ihnen erhaltenen Autorisierung jederzeit widerrufen.\r\n\r\nZu Aus\u00fcbung eines dieser Rechte treten Sie mit uns unter Verwendung der im untenstehenden Abschnitt 7 stehenden Informationen in Verbindung und machen Sie genaue Angaben, welches Recht Sie aus\u00fcben m\u00f6chten. Wir werden Ihrer Anfrage innerhalb von 30 Tagen nachkommen. M\u00f6glicherweise fordern wir von Ihnen zus\u00e4tzliche Informationen an, um Ihre Identit\u00e4t zu \u00fcberpr\u00fcfen. Bitte beachten Sie, dass wir Informationen gem\u00e4\u00df ihrer Notwendigkeit zur Erf\u00fcllung der zu ihrer Erfassung vorgesehenen Zwecke speichern, und dass wir diese Informationen auch nach dem Unterlassungsantrag eines Betroffenen beibehalten und verwenden k\u00f6nnen, sofern dies zu f\u00fcr uns legitimen Zwecken geschieht, einschlie\u00dflich derjeniger, die zur Erf\u00fcllung unserer rechtlichen Verpflichtungen, Kl\u00e4rung von Streitf\u00e4llen, Verhinderung von Betrug und Durchsetzung unserer Vereinbarungen notwendig sind.\r\n<h4>6. Sicherheitsma\u00dfnahmen<\/h4>\r\nWir ergreifen bestimmte Ma\u00dfnahmen zur Verbesserung der Sicherheit unserer Website und Dienstleistungen, da es in unserem Interesse ist, dies zu tun. Wir k\u00f6nnen jedoch keine Garantie bez\u00fcglich der Sicherheit oder dem Schutz Ihrer Daten geben. Es ist in unserem eigenen Interesse, f\u00fcr die Sicherheit unserer Websites zu sorgen, aber wir empfehlen Ihnen, Antivirensoftware und Firewalls zu verwenden sowie andere geeignete Ma\u00dfnahmen zu ergreifen, um sich vor Sicherheitsbedrohungen zu sch\u00fctzen.\r\n<h4>7. Kontakt f\u00fcr zus\u00e4tzliche Informationen, Austritt, Datenzugriff und Berichtigung<\/h4>\r\nSollten Sie zu diesen Datenschutzrichtlinien Fragen oder Beschwerden haben, oder falls Sie von Ihrem darin enthaltenen Austrittsrecht Gebrauch machen oder auf Sie bezogene Daten korrigieren oder darauf zugreifen m\u00f6chten, kontaktieren Sie uns bitte:\r\n\r\nPer E-Mail: contact@asuni.com\r\nPer Post:\r\nDatenschutzbeauftragter\r\nAsuni Soft S.L.\r\nCarrer Roger de Flor, 32-34, bajos\r\n08018 Barcelona (Spanien)\r\n<h4>8. \u00c4nderungen<\/h4>\r\nWir behalten uns das Recht vor, diese Datenschutzrichtlinien jederzeit zu \u00e4ndern. Wenn wir die Datenschutzrichtlinien \u00e4ndern, wird auch diese Seite entsprechend angepasst. Sie m\u00fcssen diese Seite daher jedes Mal lesen, wenn Sie unsere Dienstleistungen nutzen und Ihre weitere Verwendung unserer Dienstleistungen dient daher als Zustimmung zu jeder dieser \u00c4nderungen.","protected":false},"excerpt":{"rendered":"<p>Datenschutzrichtlinien Aktualisiert: 23. Mai 2018 Diese Datenschutzrichtlinien sind auf die Websites von Asuni Soft anwendbar, sowie alle durch Asuni Soft zur Verf\u00fcgung gestellten Funktionen und Onlinedienste, die einen Link zu diesen Datenschutzrichtlinien posten oder enthalten. 1. Erhobene Daten Personenbezogene Daten Wenn Sie etwas von unserer Website herunterladen, erheben wir bestimmte personenbezogene Daten von Ihnen, die [&hellip;]<\/p>\n","protected":false},"author":1,"featured_media":0,"parent":11233,"menu_order":110,"comment_status":"closed","ping_status":"closed","template":"","meta":{"_et_pb_use_builder":"off","_et_pb_old_content":"","_et_gb_content_width":"","_monsterinsights_skip_tracking":false,"_monsterinsights_sitenote_active":false,"_monsterinsights_sitenote_note":"","_monsterinsights_sitenote_category":0,"footnotes":""},"class_list":["post-11235","page","type-page","status-publish","hentry"],"yoast_head":"<!-- This site is optimized with the Yoast SEO plugin v23.3 - https:\/\/yoast.com\/wordpress\/plugins\/seo\/ -->\n<title>Datenschutzrichtlinien - VisualARQ<\/title>\n<meta name=\"robots\" content=\"index, follow, max-snippet:-1, max-image-preview:large, max-video-preview:-1\" \/>\n<link rel=\"canonical\" href=\"https:\/\/visualarqv2.instawp.xyz\/de\/legal\/privacy-policy\/\" \/>\n<meta property=\"og:locale\" content=\"de_DE\" \/>\n<meta property=\"og:type\" content=\"article\" \/>\n<meta property=\"og:title\" content=\"Datenschutzrichtlinien - VisualARQ\" \/>\n<meta property=\"og:description\" content=\"Datenschutzrichtlinien Aktualisiert: 23. Mai 2018 Diese Datenschutzrichtlinien sind auf die Websites von Asuni Soft anwendbar, sowie alle durch Asuni Soft zur Verf\u00fcgung gestellten Funktionen und Onlinedienste, die einen Link zu diesen Datenschutzrichtlinien posten oder enthalten. 1. Erhobene Daten Personenbezogene Daten Wenn Sie etwas von unserer Website herunterladen, erheben wir bestimmte personenbezogene Daten von Ihnen, die [&hellip;]\" \/>\n<meta property=\"og:url\" content=\"https:\/\/visualarqv2.instawp.xyz\/de\/legal\/privacy-policy\/\" \/>\n<meta property=\"og:site_name\" content=\"VisualARQ\" \/>\n<meta property=\"article:publisher\" content=\"https:\/\/www.facebook.com\/visualarq\" \/>\n<meta property=\"article:modified_time\" content=\"2020-10-19T13:19:21+00:00\" \/>\n<meta name=\"twitter:card\" content=\"summary_large_image\" \/>\n<meta name=\"twitter:site\" content=\"@VisualARQ\" \/>\n<meta name=\"twitter:label1\" content=\"Gesch\u00e4tzte Lesezeit\" \/>\n\t<meta name=\"twitter:data1\" content=\"4\u00a0Minuten\" \/>\n<script type=\"application\/ld+json\" class=\"yoast-schema-graph\">{\"@context\":\"https:\/\/schema.org\",\"@graph\":[{\"@type\":\"WebPage\",\"@id\":\"https:\/\/visualarqv2.instawp.xyz\/de\/legal\/privacy-policy\/\",\"url\":\"https:\/\/visualarqv2.instawp.xyz\/de\/legal\/privacy-policy\/\",\"name\":\"Datenschutzrichtlinien - VisualARQ\",\"isPartOf\":{\"@id\":\"https:\/\/visualarqv2.instawp.xyz\/de\/#website\"},\"datePublished\":\"2011-01-21T00:00:00+00:00\",\"dateModified\":\"2020-10-19T13:19:21+00:00\",\"breadcrumb\":{\"@id\":\"https:\/\/visualarqv2.instawp.xyz\/de\/legal\/privacy-policy\/#breadcrumb\"},\"inLanguage\":\"de\",\"potentialAction\":[{\"@type\":\"ReadAction\",\"target\":[\"https:\/\/visualarqv2.instawp.xyz\/de\/legal\/privacy-policy\/\"]}]},{\"@type\":\"BreadcrumbList\",\"@id\":\"https:\/\/visualarqv2.instawp.xyz\/de\/legal\/privacy-policy\/#breadcrumb\",\"itemListElement\":[{\"@type\":\"ListItem\",\"position\":1,\"name\":\"Home\",\"item\":\"https:\/\/visualarqv2.instawp.xyz\/de\/home2\/\"},{\"@type\":\"ListItem\",\"position\":2,\"name\":\"Rechtliche Bestimmungen\",\"item\":\"https:\/\/visualarqv2.instawp.xyz\/de\/legal\/\"},{\"@type\":\"ListItem\",\"position\":3,\"name\":\"Datenschutzrichtlinien\"}]},{\"@type\":\"WebSite\",\"@id\":\"https:\/\/visualarqv2.instawp.xyz\/de\/#website\",\"url\":\"https:\/\/visualarqv2.instawp.xyz\/de\/\",\"name\":\"VisualARQ\",\"description\":\"Flexible BIM for Rhino\",\"potentialAction\":[{\"@type\":\"SearchAction\",\"target\":{\"@type\":\"EntryPoint\",\"urlTemplate\":\"https:\/\/visualarqv2.instawp.xyz\/de\/?s={search_term_string}\"},\"query-input\":\"required name=search_term_string\"}],\"inLanguage\":\"de\"}]}<\/script>\n<!-- \/ Yoast SEO plugin. -->","yoast_head_json":{"title":"Datenschutzrichtlinien - VisualARQ","robots":{"index":"index","follow":"follow","max-snippet":"max-snippet:-1","max-image-preview":"max-image-preview:large","max-video-preview":"max-video-preview:-1"},"canonical":"https:\/\/visualarqv2.instawp.xyz\/de\/legal\/privacy-policy\/","og_locale":"de_DE","og_type":"article","og_title":"Datenschutzrichtlinien - VisualARQ","og_description":"Datenschutzrichtlinien Aktualisiert: 23. Mai 2018 Diese Datenschutzrichtlinien sind auf die Websites von Asuni Soft anwendbar, sowie alle durch Asuni Soft zur Verf\u00fcgung gestellten Funktionen und Onlinedienste, die einen Link zu diesen Datenschutzrichtlinien posten oder enthalten. 1. Erhobene Daten Personenbezogene Daten Wenn Sie etwas von unserer Website herunterladen, erheben wir bestimmte personenbezogene Daten von Ihnen, die [&hellip;]","og_url":"https:\/\/visualarqv2.instawp.xyz\/de\/legal\/privacy-policy\/","og_site_name":"VisualARQ","article_publisher":"https:\/\/www.facebook.com\/visualarq","article_modified_time":"2020-10-19T13:19:21+00:00","twitter_card":"summary_large_image","twitter_site":"@VisualARQ","twitter_misc":{"Gesch\u00e4tzte Lesezeit":"4\u00a0Minuten"},"schema":{"@context":"https:\/\/schema.org","@graph":[{"@type":"WebPage","@id":"https:\/\/visualarqv2.instawp.xyz\/de\/legal\/privacy-policy\/","url":"https:\/\/visualarqv2.instawp.xyz\/de\/legal\/privacy-policy\/","name":"Datenschutzrichtlinien - VisualARQ","isPartOf":{"@id":"https:\/\/visualarqv2.instawp.xyz\/de\/#website"},"datePublished":"2011-01-21T00:00:00+00:00","dateModified":"2020-10-19T13:19:21+00:00","breadcrumb":{"@id":"https:\/\/visualarqv2.instawp.xyz\/de\/legal\/privacy-policy\/#breadcrumb"},"inLanguage":"de","potentialAction":[{"@type":"ReadAction","target":["https:\/\/visualarqv2.instawp.xyz\/de\/legal\/privacy-policy\/"]}]},{"@type":"BreadcrumbList","@id":"https:\/\/visualarqv2.instawp.xyz\/de\/legal\/privacy-policy\/#breadcrumb","itemListElement":[{"@type":"ListItem","position":1,"name":"Home","item":"https:\/\/visualarqv2.instawp.xyz\/de\/home2\/"},{"@type":"ListItem","position":2,"name":"Rechtliche Bestimmungen","item":"https:\/\/visualarqv2.instawp.xyz\/de\/legal\/"},{"@type":"ListItem","position":3,"name":"Datenschutzrichtlinien"}]},{"@type":"WebSite","@id":"https:\/\/visualarqv2.instawp.xyz\/de\/#website","url":"https:\/\/visualarqv2.instawp.xyz\/de\/","name":"VisualARQ","description":"Flexible BIM for Rhino","potentialAction":[{"@type":"SearchAction","target":{"@type":"EntryPoint","urlTemplate":"https:\/\/visualarqv2.instawp.xyz\/de\/?s={search_term_string}"},"query-input":"required name=search_term_string"}],"inLanguage":"de"}]}},"_links":{"self":[{"href":"https:\/\/visualarqv2.instawp.xyz\/de\/wp-json\/wp\/v2\/pages\/11235"}],"collection":[{"href":"https:\/\/visualarqv2.instawp.xyz\/de\/wp-json\/wp\/v2\/pages"}],"about":[{"href":"https:\/\/visualarqv2.instawp.xyz\/de\/wp-json\/wp\/v2\/types\/page"}],"author":[{"embeddable":true,"href":"https:\/\/visualarqv2.instawp.xyz\/de\/wp-json\/wp\/v2\/users\/1"}],"replies":[{"embeddable":true,"href":"https:\/\/visualarqv2.instawp.xyz\/de\/wp-json\/wp\/v2\/comments?post=11235"}],"version-history":[{"count":0,"href":"https:\/\/visualarqv2.instawp.xyz\/de\/wp-json\/wp\/v2\/pages\/11235\/revisions"}],"up":[{"embeddable":true,"href":"https:\/\/visualarqv2.instawp.xyz\/de\/wp-json\/wp\/v2\/pages\/11233"}],"wp:attachment":[{"href":"https:\/\/visualarqv2.instawp.xyz\/de\/wp-json\/wp\/v2\/media?parent=11235"}],"curies":[{"name":"wp","href":"https:\/\/api.w.org\/{rel}","templated":true}]}}