{"id":11239,"date":"2011-05-10T00:00:00","date_gmt":"2011-05-10T00:00:00","guid":{"rendered":"https:\/\/visualarqv2.asuni.cloud\/legal\/about-us\/"},"modified":"2019-01-02T15:56:39","modified_gmt":"2019-01-02T15:56:39","slug":"about-us","status":"publish","type":"page","link":"https:\/\/visualarqv2.instawp.xyz\/de\/legal\/about-us\/","title":{"rendered":"Wir \u00fcber uns"},"content":{"rendered":"[et_pb_section bb_built=&#8220;1&#8243;][et_pb_row][et_pb_column type=&#8220;4_4&#8243;][et_pb_post_title admin_label=&#8220;T\u00edtulo de la p\u00e1gina&#8220; _builder_version=&#8220;3.0.62&#8243; title=&#8220;on&#8220; meta=&#8220;off&#8220; author=&#8220;on&#8220; date=&#8220;on&#8220; categories=&#8220;on&#8220; comments=&#8220;on&#8220; featured_image=&#8220;off&#8220; featured_placement=&#8220;below&#8220; parallax_method=&#8220;on&#8220; text_orientation=&#8220;left&#8220; text_color=&#8220;dark&#8220; text_background=&#8220;off&#8220; border_style=&#8220;solid&#8220; \/][et_pb_text _builder_version=&#8220;3.0.62&#8243; background_layout=&#8220;light&#8220; text_orientation=&#8220;left&#8220; border_style=&#8220;solid&#8220;]\n\n<p><a href=\"https:\/\/www.asuni.com\/\"><img loading=\"lazy\" decoding=\"async\" class=\"size-full wp-image-11174 alignright\" alt=\"Logo Asuni\" src=\"https:\/\/visualarqv2.instawp.xyz\/wp-content\/uploads\/2019\/01\/Logo-Asuni-New-400.png\" width=\"400\" height=\"113\"><\/a><\/p>\n<br clear=\"all\"><p>Asuni CAD wurde 1993 gegr\u00fcndet und ist auf die Entwicklung von CAD-Anwendungen f\u00fcr Rhino und AutoCAD spezialisiert.<\/p>\n<p>Dabei bieten wir nicht nur Software und neue Technologien, sondern auch Support f\u00fcr Designer der Bereiche Architektur, Ingenieurwesen, Industriedesign, Grafikdesign und \u00e4hnlichen Industrien an.<\/p>\n<p>Im Laufe der Jahre ist Asuni zu einer Firmengruppe gewachsen, deren wichtigste Vertreter McNeel Europe und Asuni Soft (mit den Marken Asuni CAD und iCreatia (fr\u00fcher &#8222;La Tienda del CAD&#8220;)) sind.<\/p>\n<p>Mit den Einnahmen der Firmengruppe werden Forschung und Entwicklung neuer Software sowie Infrastruktur und Personal finanziert.<\/p>\n<p>Weitere Infos: <a href=\"https:\/\/www.asuni.com\/\">www.asunicad.com<\/a><\/p>\n\n\n<p><strong>Adresse: <\/strong>Roger de Flor 32-34 &#8211; 08018 Barcelona &#8211; Spanien <br><strong>Telefon: <\/strong>+ 34 93 319 68 68 <br><strong>Fax:<\/strong> +34 93 319 58 33<\/p>\n\n[\/et_pb_text][et_pb_text admin_label=&#8220;Mapa&#8220; _builder_version=&#8220;3.0.62&#8243; background_layout=&#8220;light&#8220; text_orientation=&#8220;left&#8220; border_style=&#8220;solid&#8220;]\n\n<strong>Besuchen Sie unsere B\u00fcros:<\/strong><iframe loading=\"lazy\" src=\"https:\/\/www.google.com\/maps\/embed?pb=!1m18!1m12!1m3!1d2993.2112243079123!2d2.1806811157028414!3d41.39121900372008!2m3!1f0!2f0!3f0!3m2!1i1024!2i768!4f13.1!3m3!1m2!1s0x12a4a2e2cf5b4c2f%3A0x990c25c293f0bc25!2sAsuni+Cad!5e0!3m2!1sen!2ses!4v1455032567666\" width=\"100%\" height=\"675\" frameborder=\"0\" style=\"border:0\" allowfullscreen=\"\"><\/iframe><br><small><a style=\"color:#0000FF;text-align:left\" href=\"https:\/\/goo.gl\/maps\/tEVxmgvUdu12\">Gr\u00f6\u00dfere Karte ansehen<\/a><\/small>\n\n[\/et_pb_text][\/et_pb_column][\/et_pb_row][\/et_pb_section]","protected":false},"excerpt":{"rendered":"<p><div class=\"et_pb_row et_pb_row_0 et_pb_row_empty\">\n\t\t\t\t\n\t\t\t\t\n\t\t\t\t\n\t\t\t\t\n\t\t\t\t\n\t\t\t<\/div> Asuni CAD wurde 1993 gegr\u00fcndet und ist auf die Entwicklung von CAD-Anwendungen f\u00fcr Rhino und AutoCAD spezialisiert. Dabei bieten wir nicht nur Software und neue Technologien, sondern auch Support f\u00fcr Designer der Bereiche Architektur, Ingenieurwesen, Industriedesign, Grafikdesign und \u00e4hnlichen Industrien an. Im Laufe der Jahre ist Asuni zu einer Firmengruppe gewachsen, deren wichtigste Vertreter [&hellip;]<\/p>\n","protected":false},"author":4,"featured_media":0,"parent":11233,"menu_order":0,"comment_status":"closed","ping_status":"closed","template":"","meta":{"_et_pb_use_builder":"on","_et_pb_old_content":"<p><a href=\"https:\/\/www.asuni.com\/\"><img class=\"size-full wp-image-11174 alignright\" src=\"https:\/\/visualarqv2.instawp.xyz\/wp-content\/uploads\/sites\/2\/2015\/06\/Logo-Asuni-New-400.png\" alt=\"Logo Asuni\" width=\"400\" height=\"113\" \/><\/a><\/p><p>\u00a0<\/p><p>Asuni CAD is a software development company founded in 1993 specialized in CAD applications based in Rhino and AutoCAD.<\/p><p>Since its foundation in 1993, Asuni's goal has been to provide software and new technologies and give support to design professionals specialized in Architecture, Engineering, Industrial Design, Graphic Design and related industries.<\/p><p>During these years, Asuni has become a company group, the most important being Asuni Soft (commercial names are Asuni CAD and iCreatia (the former \"La Tienda del CAD\") and McNeel Europe.<\/p><p>The company\u2019s funding, for investigation and development of new software as well as for infrastructure and staff, has been raised from retained earnings.<\/p><p>More information: <a href=\"https:\/\/www.asuni.com\/\">www.asunicad.com<\/a><\/p><p><strong>Address: <\/strong>Roger de Flor 32-34 - 08018 Barcelona - Spain<br \/> <strong>Telephone: <\/strong>+ 34 93 319 68 68<br \/> <strong>Fax:<\/strong> +34 93 319 58 33<\/p><p><strong>Visit our offices:<\/strong><iframe style=\"border: 0;\" src=\"https:\/\/www.google.com\/maps\/embed?pb=!1m18!1m12!1m3!1d2993.2112243079123!2d2.1806811157028414!3d41.39121900372008!2m3!1f0!2f0!3f0!3m2!1i1024!2i768!4f13.1!3m3!1m2!1s0x12a4a2e2cf5b4c2f%3A0x990c25c293f0bc25!2sAsuni+Cad!5e0!3m2!1sen!2ses!4v1455032567666\" width=\"900\" height=\"675\" frameborder=\"0\" allowfullscreen=\"allowfullscreen\"><\/iframe><br \/> <small><a style=\"color: #0000ff; text-align: left;\" href=\"https:\/\/goo.gl\/maps\/tEVxmgvUdu12\">See a larger map<\/a><\/small><\/p>","_et_gb_content_width":"","_monsterinsights_skip_tracking":false,"_monsterinsights_sitenote_active":false,"_monsterinsights_sitenote_note":"","_monsterinsights_sitenote_category":0,"footnotes":""},"class_list":["post-11239","page","type-page","status-publish","hentry"],"yoast_head":"<!-- This site is optimized with the Yoast SEO plugin v23.3 - https:\/\/yoast.com\/wordpress\/plugins\/seo\/ -->\n<title>Wir \u00fcber uns - VisualARQ<\/title>\n<meta name=\"robots\" content=\"index, follow, max-snippet:-1, max-image-preview:large, max-video-preview:-1\" \/>\n<link rel=\"canonical\" href=\"https:\/\/visualarqv2.instawp.xyz\/de\/legal\/about-us\/\" \/>\n<meta property=\"og:locale\" content=\"de_DE\" \/>\n<meta property=\"og:type\" content=\"article\" \/>\n<meta property=\"og:title\" content=\"Wir \u00fcber uns - VisualARQ\" \/>\n<meta property=\"og:description\" content=\"Asuni CAD wurde 1993 gegr\u00fcndet und ist auf die Entwicklung von CAD-Anwendungen f\u00fcr Rhino und AutoCAD spezialisiert. Dabei bieten wir nicht nur Software und neue Technologien, sondern auch Support f\u00fcr Designer der Bereiche Architektur, Ingenieurwesen, Industriedesign, Grafikdesign und \u00e4hnlichen Industrien an. Im Laufe der Jahre ist Asuni zu einer Firmengruppe gewachsen, deren wichtigste Vertreter [&hellip;]\" \/>\n<meta property=\"og:url\" content=\"https:\/\/visualarqv2.instawp.xyz\/de\/legal\/about-us\/\" \/>\n<meta property=\"og:site_name\" content=\"VisualARQ\" \/>\n<meta property=\"article:publisher\" content=\"https:\/\/www.facebook.com\/visualarq\" \/>\n<meta property=\"article:modified_time\" content=\"2019-01-02T15:56:39+00:00\" \/>\n<meta property=\"og:image\" content=\"https:\/\/visualarqv2.instawp.xyz\/wp-content\/uploads\/2019\/01\/Logo-Asuni-New-400.png\" \/>\n<meta name=\"twitter:card\" content=\"summary_large_image\" \/>\n<meta name=\"twitter:site\" content=\"@VisualARQ\" \/>\n<meta name=\"twitter:label1\" content=\"Gesch\u00e4tzte Lesezeit\" \/>\n\t<meta name=\"twitter:data1\" content=\"1\u00a0Minute\" \/>\n<script type=\"application\/ld+json\" class=\"yoast-schema-graph\">{\"@context\":\"https:\/\/schema.org\",\"@graph\":[{\"@type\":\"WebPage\",\"@id\":\"https:\/\/visualarqv2.instawp.xyz\/de\/legal\/about-us\/\",\"url\":\"https:\/\/visualarqv2.instawp.xyz\/de\/legal\/about-us\/\",\"name\":\"Wir \u00fcber uns - VisualARQ\",\"isPartOf\":{\"@id\":\"https:\/\/visualarqv2.instawp.xyz\/de\/#website\"},\"primaryImageOfPage\":{\"@id\":\"https:\/\/visualarqv2.instawp.xyz\/de\/legal\/about-us\/#primaryimage\"},\"image\":{\"@id\":\"https:\/\/visualarqv2.instawp.xyz\/de\/legal\/about-us\/#primaryimage\"},\"thumbnailUrl\":\"https:\/\/visualarqv2.instawp.xyz\/wp-content\/uploads\/2019\/01\/Logo-Asuni-New-400.png\",\"datePublished\":\"2011-05-10T00:00:00+00:00\",\"dateModified\":\"2019-01-02T15:56:39+00:00\",\"breadcrumb\":{\"@id\":\"https:\/\/visualarqv2.instawp.xyz\/de\/legal\/about-us\/#breadcrumb\"},\"inLanguage\":\"de\",\"potentialAction\":[{\"@type\":\"ReadAction\",\"target\":[\"https:\/\/visualarqv2.instawp.xyz\/de\/legal\/about-us\/\"]}]},{\"@type\":\"ImageObject\",\"inLanguage\":\"de\",\"@id\":\"https:\/\/visualarqv2.instawp.xyz\/de\/legal\/about-us\/#primaryimage\",\"url\":\"https:\/\/visualarqv2.instawp.xyz\/wp-content\/uploads\/2019\/01\/Logo-Asuni-New-400.png\",\"contentUrl\":\"https:\/\/visualarqv2.instawp.xyz\/wp-content\/uploads\/2019\/01\/Logo-Asuni-New-400.png\"},{\"@type\":\"BreadcrumbList\",\"@id\":\"https:\/\/visualarqv2.instawp.xyz\/de\/legal\/about-us\/#breadcrumb\",\"itemListElement\":[{\"@type\":\"ListItem\",\"position\":1,\"name\":\"Home\",\"item\":\"https:\/\/visualarqv2.instawp.xyz\/de\/home2\/\"},{\"@type\":\"ListItem\",\"position\":2,\"name\":\"Rechtliche Bestimmungen\",\"item\":\"https:\/\/visualarqv2.instawp.xyz\/de\/legal\/\"},{\"@type\":\"ListItem\",\"position\":3,\"name\":\"Wir \u00fcber uns\"}]},{\"@type\":\"WebSite\",\"@id\":\"https:\/\/visualarqv2.instawp.xyz\/de\/#website\",\"url\":\"https:\/\/visualarqv2.instawp.xyz\/de\/\",\"name\":\"VisualARQ\",\"description\":\"Flexible BIM for Rhino\",\"potentialAction\":[{\"@type\":\"SearchAction\",\"target\":{\"@type\":\"EntryPoint\",\"urlTemplate\":\"https:\/\/visualarqv2.instawp.xyz\/de\/?s={search_term_string}\"},\"query-input\":\"required name=search_term_string\"}],\"inLanguage\":\"de\"}]}<\/script>\n<!-- \/ Yoast SEO plugin. -->","yoast_head_json":{"title":"Wir \u00fcber uns - VisualARQ","robots":{"index":"index","follow":"follow","max-snippet":"max-snippet:-1","max-image-preview":"max-image-preview:large","max-video-preview":"max-video-preview:-1"},"canonical":"https:\/\/visualarqv2.instawp.xyz\/de\/legal\/about-us\/","og_locale":"de_DE","og_type":"article","og_title":"Wir \u00fcber uns - VisualARQ","og_description":"Asuni CAD wurde 1993 gegr\u00fcndet und ist auf die Entwicklung von CAD-Anwendungen f\u00fcr Rhino und AutoCAD spezialisiert. Dabei bieten wir nicht nur Software und neue Technologien, sondern auch Support f\u00fcr Designer der Bereiche Architektur, Ingenieurwesen, Industriedesign, Grafikdesign und \u00e4hnlichen Industrien an. Im Laufe der Jahre ist Asuni zu einer Firmengruppe gewachsen, deren wichtigste Vertreter [&hellip;]","og_url":"https:\/\/visualarqv2.instawp.xyz\/de\/legal\/about-us\/","og_site_name":"VisualARQ","article_publisher":"https:\/\/www.facebook.com\/visualarq","article_modified_time":"2019-01-02T15:56:39+00:00","og_image":[{"url":"https:\/\/visualarqv2.instawp.xyz\/wp-content\/uploads\/2019\/01\/Logo-Asuni-New-400.png"}],"twitter_card":"summary_large_image","twitter_site":"@VisualARQ","twitter_misc":{"Gesch\u00e4tzte Lesezeit":"1\u00a0Minute"},"schema":{"@context":"https:\/\/schema.org","@graph":[{"@type":"WebPage","@id":"https:\/\/visualarqv2.instawp.xyz\/de\/legal\/about-us\/","url":"https:\/\/visualarqv2.instawp.xyz\/de\/legal\/about-us\/","name":"Wir \u00fcber uns - VisualARQ","isPartOf":{"@id":"https:\/\/visualarqv2.instawp.xyz\/de\/#website"},"primaryImageOfPage":{"@id":"https:\/\/visualarqv2.instawp.xyz\/de\/legal\/about-us\/#primaryimage"},"image":{"@id":"https:\/\/visualarqv2.instawp.xyz\/de\/legal\/about-us\/#primaryimage"},"thumbnailUrl":"https:\/\/visualarqv2.instawp.xyz\/wp-content\/uploads\/2019\/01\/Logo-Asuni-New-400.png","datePublished":"2011-05-10T00:00:00+00:00","dateModified":"2019-01-02T15:56:39+00:00","breadcrumb":{"@id":"https:\/\/visualarqv2.instawp.xyz\/de\/legal\/about-us\/#breadcrumb"},"inLanguage":"de","potentialAction":[{"@type":"ReadAction","target":["https:\/\/visualarqv2.instawp.xyz\/de\/legal\/about-us\/"]}]},{"@type":"ImageObject","inLanguage":"de","@id":"https:\/\/visualarqv2.instawp.xyz\/de\/legal\/about-us\/#primaryimage","url":"https:\/\/visualarqv2.instawp.xyz\/wp-content\/uploads\/2019\/01\/Logo-Asuni-New-400.png","contentUrl":"https:\/\/visualarqv2.instawp.xyz\/wp-content\/uploads\/2019\/01\/Logo-Asuni-New-400.png"},{"@type":"BreadcrumbList","@id":"https:\/\/visualarqv2.instawp.xyz\/de\/legal\/about-us\/#breadcrumb","itemListElement":[{"@type":"ListItem","position":1,"name":"Home","item":"https:\/\/visualarqv2.instawp.xyz\/de\/home2\/"},{"@type":"ListItem","position":2,"name":"Rechtliche Bestimmungen","item":"https:\/\/visualarqv2.instawp.xyz\/de\/legal\/"},{"@type":"ListItem","position":3,"name":"Wir \u00fcber uns"}]},{"@type":"WebSite","@id":"https:\/\/visualarqv2.instawp.xyz\/de\/#website","url":"https:\/\/visualarqv2.instawp.xyz\/de\/","name":"VisualARQ","description":"Flexible BIM for Rhino","potentialAction":[{"@type":"SearchAction","target":{"@type":"EntryPoint","urlTemplate":"https:\/\/visualarqv2.instawp.xyz\/de\/?s={search_term_string}"},"query-input":"required name=search_term_string"}],"inLanguage":"de"}]}},"_links":{"self":[{"href":"https:\/\/visualarqv2.instawp.xyz\/de\/wp-json\/wp\/v2\/pages\/11239"}],"collection":[{"href":"https:\/\/visualarqv2.instawp.xyz\/de\/wp-json\/wp\/v2\/pages"}],"about":[{"href":"https:\/\/visualarqv2.instawp.xyz\/de\/wp-json\/wp\/v2\/types\/page"}],"author":[{"embeddable":true,"href":"https:\/\/visualarqv2.instawp.xyz\/de\/wp-json\/wp\/v2\/users\/4"}],"replies":[{"embeddable":true,"href":"https:\/\/visualarqv2.instawp.xyz\/de\/wp-json\/wp\/v2\/comments?post=11239"}],"version-history":[{"count":0,"href":"https:\/\/visualarqv2.instawp.xyz\/de\/wp-json\/wp\/v2\/pages\/11239\/revisions"}],"up":[{"embeddable":true,"href":"https:\/\/visualarqv2.instawp.xyz\/de\/wp-json\/wp\/v2\/pages\/11233"}],"wp:attachment":[{"href":"https:\/\/visualarqv2.instawp.xyz\/de\/wp-json\/wp\/v2\/media?parent=11239"}],"curies":[{"name":"wp","href":"https:\/\/api.w.org\/{rel}","templated":true}]}}