{"id":11321,"date":"2017-09-01T00:00:00","date_gmt":"2017-09-01T00:00:00","guid":{"rendered":"https:\/\/visualarqv2.asuni.cloud\/features\/v2\/"},"modified":"2020-10-29T13:46:37","modified_gmt":"2020-10-29T13:46:37","slug":"v2","status":"publish","type":"page","link":"https:\/\/visualarqv2.instawp.xyz\/de\/features\/v2\/","title":{"rendered":"Neuheiten in VisualARQ 2"},"content":{"rendered":"<h1>Neuheiten in VisualARQ 2<\/h1>\r\nIn der untenstehenden Liste finden Sie einige der neuen Features von VisualARQ 2:\r\nEine vollst\u00e4ndige Auflistung der Verbesserungen, \u00c4nderungen und Einschr\u00e4nkungen finden Sie <a href=\"https:\/\/visualarqv2.instawp.xyz\/de\/info\/whats-new\/\">hier<\/a>.\r\n<table class=\"features\" style=\"width: 100%;\">\r\n<tbody>\r\n<tr style=\"vertical-align: top;\">\r\n<td width=\"33%\"><img loading=\"lazy\" decoding=\"async\" class=\"aligncenter size-full wp-image-12835\" src=\"https:\/\/visualarqv2.instawp.xyz\/wp-content\/uploads\/sites\/2\/2016\/12\/VisualARQ-2.0-Grasshopper-styles-250.jpg\" alt=\"VisualARQ 2 Grasshopperstile 250\" width=\"250\" height=\"200\" \/><\/td>\r\n<td width=\"33%\"><img loading=\"lazy\" decoding=\"async\" class=\"aligncenter size-full wp-image-12840\" src=\"https:\/\/visualarqv2.instawp.xyz\/wp-content\/uploads\/sites\/2\/2016\/12\/Page-Layout-250.png\" alt=\"Seitenlayout 250\" width=\"250\" height=\"200\" \/><\/td>\r\n<td width=\"33%\"><img loading=\"lazy\" decoding=\"async\" class=\"aligncenter size-full wp-image-12837\" src=\"https:\/\/visualarqv2.instawp.xyz\/wp-content\/uploads\/sites\/2\/2016\/12\/Custom-Parameters-new-250.jpg\" alt=\"Neue Benutzerdefinierte Parameter 250\" width=\"250\" height=\"200\" \/><\/td>\r\n<\/tr>\r\n<tr style=\"vertical-align: top;\">\r\n<td style=\"text-align: center;\" width=\"33%\"><a href=\"https:\/\/visualarqv2.instawp.xyz\/de\/learn\/grasshopper-styles\/\"><strong>Grasshopper-Stile<\/strong><\/a>\r\nErzeugung neuer VisualARQ-Objektstile aus Grasshopper-Definitionen.\r\n<strong><a href=\"https:\/\/youtu.be\/zMVkngblezA\">Werfen Sie einen Blick auf das Video<\/a><\/strong><\/td>\r\n<td style=\"text-align: center;\" width=\"33%\"><a href=\"https:\/\/visualarqv2.instawp.xyz\/de\/features\/documentation-tools\/#VectorOutput\"><strong>2D Vektor-Zeichnungen mit ausgeblendeten Linien<\/strong><\/a>\r\nEinfach das 3D-Modell in perspektivischer, Schnitt- und Planansicht drucken, um eine Echtzeit-Ausgabe des 2D-Vektors zu erhalten.\r\n<strong><a href=\"https:\/\/youtu.be\/1qdNB5v_fwE\">Werfen Sie einen Blick auf das Video<\/a><\/strong><\/td>\r\n<td style=\"text-align: center;\" width=\"33%\"><a href=\"https:\/\/visualarqv2.instawp.xyz\/de\/features\/documentation-tools\/#Parameters\"><strong>Benutzerdefinierte Parameter<\/strong><\/a>\r\nErzeugung neuer Parameter und Hinzuf\u00fcgung von Information in Rhino- und VisualARQ-Objekten, um sie in Tabellen f\u00fcr die Mengenermittlung aufzulisten.\r\n<strong><a href=\"https:\/\/youtu.be\/rdX7I79qTTI\">Werfen Sie einen Blick auf das Video<\/a><\/strong><\/td>\r\n<\/tr>\r\n<tr style=\"vertical-align: top;\">\r\n<td style=\"text-align: center;\" width=\"33%\"><\/td>\r\n<td style=\"text-align: center;\" width=\"33%\"><\/td>\r\n<td style=\"text-align: center;\" width=\"33%\"><\/td>\r\n<\/tr>\r\n<tr style=\"vertical-align: top;\">\r\n<td width=\"33%\"><img loading=\"lazy\" decoding=\"async\" class=\"aligncenter size-full wp-image-12842\" src=\"https:\/\/visualarqv2.instawp.xyz\/wp-content\/uploads\/sites\/2\/2016\/12\/Section-Manager-2.0-250.png\" alt=\"Schnittmanager 2 250\" width=\"250\" height=\"200\" \/><\/td>\r\n<td width=\"33%\"><img loading=\"lazy\" decoding=\"async\" class=\"aligncenter size-full wp-image-12838\" src=\"https:\/\/visualarqv2.instawp.xyz\/wp-content\/uploads\/sites\/2\/2016\/12\/Furniture-Object-Screenshot-250.jpg\" alt=\"M\u00f6belobjekt Screenshot 250\" width=\"250\" height=\"200\" \/><\/td>\r\n<td width=\"33%\"><img loading=\"lazy\" decoding=\"async\" class=\"aligncenter size-full wp-image-12854\" src=\"https:\/\/visualarqv2.instawp.xyz\/wp-content\/uploads\/sites\/2\/2016\/12\/Wind-Rose-250.png\" alt=\"Windrose 250\" width=\"250\" height=\"200\" \/><\/td>\r\n<\/tr>\r\n<tr style=\"vertical-align: top;\">\r\n<td style=\"text-align: center;\" width=\"33%\"><a href=\"https:\/\/visualarqv2.instawp.xyz\/de\/features\/management\/#Sections\"><strong>Schnittkurven-Manager<\/strong><\/a>\r\nVerwalten Sie in Ihrem Modell die Schnitte so, wie Sie die Ebenen mit dem Ebenenmanager verwalten.\r\n<strong><a href=\"https:\/\/www.youtube.com\/watch?v=rp6AnuMj3Ro&amp;feature=youtu.be&amp;t=9m7s\">Werfen Sie einen Blick auf das Video<\/a><\/strong><\/td>\r\n<td style=\"text-align: center;\" width=\"33%\"><a href=\"https:\/\/visualarqv2.instawp.xyz\/de\/features\/parametric-objects\/#Elements\"><strong>Neue Element- und M\u00f6belobjekte<\/strong><\/a>\r\nNeue Objekte zur Erzeugung benutzerdefinierter parametrischer Objekte bei unterschiedlicher Darstellung in 2D und 3D.\r\n<strong><a href=\"https:\/\/youtu.be\/-w04bGUOV8c\">Werfen Sie einen Blick auf das Video<\/a><\/strong><\/td>\r\n<td style=\"text-align: center;\" width=\"33%\"><a href=\"https:\/\/visualarqv2.instawp.xyz\/de\/features\/documentation-tools\/#Annotations\"><strong><strong>Neues Anmerkungsobjekt<\/strong><\/strong><\/a>\r\nNeues parametrisches 2D-Element f\u00fcr Symbole und Beschriftungen in 2D-Zeichnungen.\r\n<strong><a href=\"https:\/\/youtu.be\/UTqIEOVsKpg\">Werfen Sie einen Blick auf das Video<\/a><\/strong><\/td>\r\n<\/tr>\r\n<tr style=\"vertical-align: top;\">\r\n<td style=\"text-align: center;\" width=\"33%\"><\/td>\r\n<td style=\"text-align: center;\" width=\"33%\"><\/td>\r\n<td style=\"text-align: center;\" width=\"33%\"><\/td>\r\n<\/tr>\r\n<tr style=\"vertical-align: top;\">\r\n<td width=\"33%\"><img loading=\"lazy\" decoding=\"async\" class=\"aligncenter size-full wp-image-12844\" src=\"https:\/\/visualarqv2.instawp.xyz\/wp-content\/uploads\/sites\/2\/2016\/12\/Spiral-Stair-Solid-Subtracted-250.jpg\" alt=\"Wendeltreppen Volumenk\u00f6rper Subtrahiert 250\" width=\"250\" height=\"200\" \/><\/td>\r\n<td width=\"33%\"><img loading=\"lazy\" decoding=\"async\" class=\"aligncenter size-full wp-image-12839\" src=\"https:\/\/visualarqv2.instawp.xyz\/wp-content\/uploads\/sites\/2\/2016\/12\/IFC-Imported-file-2.0-250.png\" alt=\"IFC Importierte Datei 2 250\" width=\"250\" height=\"200\" \/><\/td>\r\n<td width=\"33%\"><img loading=\"lazy\" decoding=\"async\" class=\"aligncenter size-full wp-image-12836\" src=\"https:\/\/visualarqv2.instawp.xyz\/wp-content\/uploads\/sites\/2\/2016\/12\/Beams-2.0-250.png\" alt=\"Balken 2 250\" width=\"250\" height=\"200\" \/><\/td>\r\n<\/tr>\r\n<tr style=\"vertical-align: top;\">\r\n<td style=\"text-align: center;\" width=\"33%\"><strong>Volumenk\u00f6rper hinzuf\u00fcgen + abziehen<\/strong>\r\nErzeugung boolescher Vereinigungen und Differenzen zwischen Rhino-Volumenk\u00f6rpern und jedem beliebigen VisualARQ-Objekt ohne Verlust ihrer parametrischen Eigenschaften.\r\n<strong><a href=\"https:\/\/youtu.be\/-4ZK6GDq4Fk\">Werfen Sie einen Blick auf das Video<\/a><\/strong><\/td>\r\n<td style=\"text-align: center;\" width=\"33%\"><a href=\"https:\/\/visualarqv2.instawp.xyz\/de\/features\/collaboration\/ifc\/\"><strong>IFC-Materialien und -Attribute<\/strong><\/a>\r\nMaterialien, Farben und Ebenen werden jetzt innerhalb der IFC-Dateien importiert und exportiert.<\/td>\r\n<td style=\"text-align: center;\" width=\"33%\"><strong>Balkenverbindungen und Schnitte an den Enden<\/strong>\r\nBalkenschnittpunkte werden berechnet und Schnitte k\u00f6nnen auf die Enden berechnet werden.\r\n<strong><a href=\"https:\/\/youtu.be\/7NnbKIO8Jao\">Werfen Sie einen Blick auf das Video<\/a><\/strong><\/td>\r\n<\/tr>\r\n<tr style=\"vertical-align: top;\">\r\n<td style=\"text-align: center;\" width=\"33%\"><\/td>\r\n<td style=\"text-align: center;\" width=\"33%\"><\/td>\r\n<td style=\"text-align: center;\" width=\"33%\"><\/td>\r\n<\/tr>\r\n<tr style=\"vertical-align: top;\">\r\n<td width=\"33%\"><img loading=\"lazy\" decoding=\"async\" class=\"aligncenter size-full wp-image-12841\" src=\"https:\/\/visualarqv2.instawp.xyz\/wp-content\/uploads\/sites\/2\/2016\/12\/Roofs-2.0-250.png\" alt=\"D\u00e4cher 2 250\" width=\"250\" height=\"200\" \/><\/td>\r\n<td width=\"33%\"><img loading=\"lazy\" decoding=\"async\" class=\"aligncenter size-full wp-image-12860\" src=\"https:\/\/visualarqv2.instawp.xyz\/wp-content\/uploads\/sites\/2\/2016\/12\/Space-object-Wireframe-250.png\" alt=\"Fl\u00e4chenobjekt Gitternetz 250\" width=\"250\" height=\"200\" \/><\/td>\r\n<td width=\"33%\"><img loading=\"lazy\" decoding=\"async\" class=\"aligncenter size-full wp-image-12843\" src=\"https:\/\/visualarqv2.instawp.xyz\/wp-content\/uploads\/sites\/2\/2016\/12\/Select-toolbar-250.png\" alt=\"Werkzeugleiste Ausw\u00e4hlen 250\" width=\"250\" height=\"200\" \/><\/td>\r\n<\/tr>\r\n<tr style=\"vertical-align: top;\">\r\n<td style=\"text-align: center;\" width=\"33%\"><a href=\"https:\/\/visualarqv2.instawp.xyz\/de\/features\/parametric-objects\/#SlabsRoofs\"><strong>Neue Dachfunktionen<\/strong><\/a>\r\nDachschnittpunkte, D\u00e4cher aus Fl\u00e4chen und mehrschichtige Dachstile.\r\n<strong><a href=\"https:\/\/youtu.be\/Zu2BjvLzHAY\">Werfen Sie einen Blick auf das Video<\/a><\/strong><\/td>\r\n<td style=\"text-align: center;\" width=\"33%\"><a href=\"https:\/\/visualarqv2.instawp.xyz\/de\/features\/documentation-tools\/#Annotations\"><strong>Neue Fl\u00e4chenfunktionen<\/strong><\/a>\r\n3D-Anzeige, Fassaden werden erkannt, Option zum Hinzuf\u00fcgen und Entfernen von Elementen zur Fl\u00e4chenberechnung.\r\n<strong><a href=\"https:\/\/youtu.be\/FPuXLGeSN78\">Werfen Sie einen Blick auf das Video<\/a><\/strong><\/td>\r\n<td style=\"text-align: center;\" width=\"33%\"><strong>Befehle zur Objektauswahl<\/strong>\r\nNeue Befehle zur erleichterten Auswahl von VisualARQ-Objekten des gleichen Typs.\r\n<strong><a href=\"https:\/\/youtu.be\/t_c6R-Ok0U8\">Werfen Sie einen Blick auf das Video<\/a><\/strong><\/td>\r\n<\/tr>\r\n<tr style=\"vertical-align: top;\">\r\n<td style=\"text-align: center;\" width=\"33%\"><\/td>\r\n<td style=\"text-align: center;\" width=\"33%\"><\/td>\r\n<td style=\"text-align: center;\" width=\"33%\"><\/td>\r\n<\/tr>\r\n<tr style=\"vertical-align: top;\">\r\n<td width=\"33%\"><img loading=\"lazy\" decoding=\"async\" class=\"aligncenter size-full wp-image-12867\" src=\"https:\/\/visualarqv2.instawp.xyz\/wp-content\/uploads\/sites\/2\/2016\/12\/External-references-support-250.png\" alt=\"Externe Referenzen Support 250\" width=\"250\" height=\"200\" \/><\/td>\r\n<td width=\"33%\"><img loading=\"lazy\" decoding=\"async\" class=\"aligncenter size-full wp-image-12869\" src=\"https:\/\/visualarqv2.instawp.xyz\/wp-content\/uploads\/sites\/2\/2016\/12\/Dockable-Insert-dialog-250.png\" alt=\"Andockbarer Einf\u00fcgedialog 250\" width=\"250\" height=\"200\" \/><\/td>\r\n<td width=\"33%\"><img loading=\"lazy\" decoding=\"async\" class=\"aligncenter size-full wp-image-12874\" src=\"https:\/\/visualarqv2.instawp.xyz\/wp-content\/uploads\/sites\/2\/2016\/12\/Section-symbols-250.png\" alt=\"Schnittsymbole 250\" width=\"250\" height=\"200\" \/><\/td>\r\n<\/tr>\r\n<tr style=\"vertical-align: top;\">\r\n<td style=\"text-align: center;\" width=\"33%\"><a href=\"https:\/\/visualarqv2.instawp.xyz\/de\/features\/compatibility\/#xref\"><strong>Support in externen Referenzen<\/strong><\/a>\r\nBehobene Fehler im Zusammenhang mit dem VisualARQ-Support von Objekten in Bl\u00f6cken und externen Referenzen.<\/td>\r\n<td style=\"text-align: center;\" width=\"33%\"><strong>Andockbare Einf\u00fcgedialoge<\/strong>\r\nVerbesserte Einf\u00fcgedialoge, die zum besseren Arbeitsablauf angedockt werden k\u00f6nnen.<\/td>\r\n<td style=\"text-align: center;\" width=\"33%\"><strong>Neue Beschriftungs- und Schnittsymbole<\/strong>\r\nSymbole f\u00fcr Beschriftungen und Schnittpfeile k\u00f6nnen personalisiert werden.<\/td>\r\n<\/tr>\r\n<\/tbody>\r\n<\/table>","protected":false},"excerpt":{"rendered":"<p>Neuheiten in VisualARQ 2 In der untenstehenden Liste finden Sie einige der neuen Features von VisualARQ 2: Eine vollst\u00e4ndige Auflistung der Verbesserungen, \u00c4nderungen und Einschr\u00e4nkungen finden Sie hier. Grasshopper-Stile Erzeugung neuer VisualARQ-Objektstile aus Grasshopper-Definitionen. Werfen Sie einen Blick auf das Video 2D Vektor-Zeichnungen mit ausgeblendeten Linien Einfach das 3D-Modell in perspektivischer, Schnitt- und Planansicht drucken, [&hellip;]<\/p>\n","protected":false},"author":5,"featured_media":0,"parent":11391,"menu_order":-1,"comment_status":"closed","ping_status":"closed","template":"","meta":{"_et_pb_use_builder":"","_et_pb_old_content":"","_et_gb_content_width":"","_monsterinsights_skip_tracking":false,"_monsterinsights_sitenote_active":false,"_monsterinsights_sitenote_note":"","_monsterinsights_sitenote_category":0,"footnotes":""},"class_list":["post-11321","page","type-page","status-publish","hentry"],"yoast_head":"<!-- This site is optimized with the Yoast SEO plugin v23.3 - https:\/\/yoast.com\/wordpress\/plugins\/seo\/ -->\n<title>Neuheiten in VisualARQ 2 - VisualARQ<\/title>\n<meta name=\"robots\" content=\"index, follow, max-snippet:-1, max-image-preview:large, max-video-preview:-1\" \/>\n<link rel=\"canonical\" href=\"https:\/\/visualarqv2.instawp.xyz\/de\/features\/v2\/\" \/>\n<meta property=\"og:locale\" content=\"de_DE\" \/>\n<meta property=\"og:type\" content=\"article\" \/>\n<meta property=\"og:title\" content=\"Neuheiten in VisualARQ 2 - VisualARQ\" \/>\n<meta property=\"og:description\" content=\"Neuheiten in VisualARQ 2 In der untenstehenden Liste finden Sie einige der neuen Features von VisualARQ 2: Eine vollst\u00e4ndige Auflistung der Verbesserungen, \u00c4nderungen und Einschr\u00e4nkungen finden Sie hier. Grasshopper-Stile Erzeugung neuer VisualARQ-Objektstile aus Grasshopper-Definitionen. Werfen Sie einen Blick auf das Video 2D Vektor-Zeichnungen mit ausgeblendeten Linien Einfach das 3D-Modell in perspektivischer, Schnitt- und Planansicht drucken, [&hellip;]\" \/>\n<meta property=\"og:url\" content=\"https:\/\/visualarqv2.instawp.xyz\/de\/features\/v2\/\" \/>\n<meta property=\"og:site_name\" content=\"VisualARQ\" \/>\n<meta property=\"article:publisher\" content=\"https:\/\/www.facebook.com\/visualarq\" \/>\n<meta property=\"article:modified_time\" content=\"2020-10-29T13:46:37+00:00\" \/>\n<meta property=\"og:image\" content=\"https:\/\/visualarqv2.instawp.xyz\/wp-content\/uploads\/sites\/2\/2016\/12\/VisualARQ-2.0-Grasshopper-styles-250.jpg\" \/>\n<meta name=\"twitter:card\" content=\"summary_large_image\" \/>\n<meta name=\"twitter:site\" content=\"@VisualARQ\" \/>\n<meta name=\"twitter:label1\" content=\"Gesch\u00e4tzte Lesezeit\" \/>\n\t<meta name=\"twitter:data1\" content=\"2\u00a0Minuten\" \/>\n<script type=\"application\/ld+json\" class=\"yoast-schema-graph\">{\"@context\":\"https:\/\/schema.org\",\"@graph\":[{\"@type\":\"WebPage\",\"@id\":\"https:\/\/visualarqv2.instawp.xyz\/de\/features\/v2\/\",\"url\":\"https:\/\/visualarqv2.instawp.xyz\/de\/features\/v2\/\",\"name\":\"Neuheiten in VisualARQ 2 - VisualARQ\",\"isPartOf\":{\"@id\":\"https:\/\/visualarqv2.instawp.xyz\/de\/#website\"},\"primaryImageOfPage\":{\"@id\":\"https:\/\/visualarqv2.instawp.xyz\/de\/features\/v2\/#primaryimage\"},\"image\":{\"@id\":\"https:\/\/visualarqv2.instawp.xyz\/de\/features\/v2\/#primaryimage\"},\"thumbnailUrl\":\"https:\/\/visualarqv2.instawp.xyz\/wp-content\/uploads\/sites\/2\/2016\/12\/VisualARQ-2.0-Grasshopper-styles-250.jpg\",\"datePublished\":\"2017-09-01T00:00:00+00:00\",\"dateModified\":\"2020-10-29T13:46:37+00:00\",\"breadcrumb\":{\"@id\":\"https:\/\/visualarqv2.instawp.xyz\/de\/features\/v2\/#breadcrumb\"},\"inLanguage\":\"de\",\"potentialAction\":[{\"@type\":\"ReadAction\",\"target\":[\"https:\/\/visualarqv2.instawp.xyz\/de\/features\/v2\/\"]}]},{\"@type\":\"ImageObject\",\"inLanguage\":\"de\",\"@id\":\"https:\/\/visualarqv2.instawp.xyz\/de\/features\/v2\/#primaryimage\",\"url\":\"https:\/\/visualarqv2.instawp.xyz\/wp-content\/uploads\/sites\/2\/2016\/12\/VisualARQ-2.0-Grasshopper-styles-250.jpg\",\"contentUrl\":\"https:\/\/visualarqv2.instawp.xyz\/wp-content\/uploads\/sites\/2\/2016\/12\/VisualARQ-2.0-Grasshopper-styles-250.jpg\"},{\"@type\":\"BreadcrumbList\",\"@id\":\"https:\/\/visualarqv2.instawp.xyz\/de\/features\/v2\/#breadcrumb\",\"itemListElement\":[{\"@type\":\"ListItem\",\"position\":1,\"name\":\"Home\",\"item\":\"https:\/\/visualarqv2.instawp.xyz\/de\/home2\/\"},{\"@type\":\"ListItem\",\"position\":2,\"name\":\"Features\",\"item\":\"https:\/\/visualarqv2.instawp.xyz\/de\/features\/\"},{\"@type\":\"ListItem\",\"position\":3,\"name\":\"Neuheiten in VisualARQ 2\"}]},{\"@type\":\"WebSite\",\"@id\":\"https:\/\/visualarqv2.instawp.xyz\/de\/#website\",\"url\":\"https:\/\/visualarqv2.instawp.xyz\/de\/\",\"name\":\"VisualARQ\",\"description\":\"Flexible BIM for Rhino\",\"potentialAction\":[{\"@type\":\"SearchAction\",\"target\":{\"@type\":\"EntryPoint\",\"urlTemplate\":\"https:\/\/visualarqv2.instawp.xyz\/de\/?s={search_term_string}\"},\"query-input\":\"required name=search_term_string\"}],\"inLanguage\":\"de\"}]}<\/script>\n<!-- \/ Yoast SEO plugin. -->","yoast_head_json":{"title":"Neuheiten in VisualARQ 2 - VisualARQ","robots":{"index":"index","follow":"follow","max-snippet":"max-snippet:-1","max-image-preview":"max-image-preview:large","max-video-preview":"max-video-preview:-1"},"canonical":"https:\/\/visualarqv2.instawp.xyz\/de\/features\/v2\/","og_locale":"de_DE","og_type":"article","og_title":"Neuheiten in VisualARQ 2 - VisualARQ","og_description":"Neuheiten in VisualARQ 2 In der untenstehenden Liste finden Sie einige der neuen Features von VisualARQ 2: Eine vollst\u00e4ndige Auflistung der Verbesserungen, \u00c4nderungen und Einschr\u00e4nkungen finden Sie hier. Grasshopper-Stile Erzeugung neuer VisualARQ-Objektstile aus Grasshopper-Definitionen. Werfen Sie einen Blick auf das Video 2D Vektor-Zeichnungen mit ausgeblendeten Linien Einfach das 3D-Modell in perspektivischer, Schnitt- und Planansicht drucken, [&hellip;]","og_url":"https:\/\/visualarqv2.instawp.xyz\/de\/features\/v2\/","og_site_name":"VisualARQ","article_publisher":"https:\/\/www.facebook.com\/visualarq","article_modified_time":"2020-10-29T13:46:37+00:00","og_image":[{"url":"https:\/\/visualarqv2.instawp.xyz\/wp-content\/uploads\/sites\/2\/2016\/12\/VisualARQ-2.0-Grasshopper-styles-250.jpg"}],"twitter_card":"summary_large_image","twitter_site":"@VisualARQ","twitter_misc":{"Gesch\u00e4tzte Lesezeit":"2\u00a0Minuten"},"schema":{"@context":"https:\/\/schema.org","@graph":[{"@type":"WebPage","@id":"https:\/\/visualarqv2.instawp.xyz\/de\/features\/v2\/","url":"https:\/\/visualarqv2.instawp.xyz\/de\/features\/v2\/","name":"Neuheiten in VisualARQ 2 - VisualARQ","isPartOf":{"@id":"https:\/\/visualarqv2.instawp.xyz\/de\/#website"},"primaryImageOfPage":{"@id":"https:\/\/visualarqv2.instawp.xyz\/de\/features\/v2\/#primaryimage"},"image":{"@id":"https:\/\/visualarqv2.instawp.xyz\/de\/features\/v2\/#primaryimage"},"thumbnailUrl":"https:\/\/visualarqv2.instawp.xyz\/wp-content\/uploads\/sites\/2\/2016\/12\/VisualARQ-2.0-Grasshopper-styles-250.jpg","datePublished":"2017-09-01T00:00:00+00:00","dateModified":"2020-10-29T13:46:37+00:00","breadcrumb":{"@id":"https:\/\/visualarqv2.instawp.xyz\/de\/features\/v2\/#breadcrumb"},"inLanguage":"de","potentialAction":[{"@type":"ReadAction","target":["https:\/\/visualarqv2.instawp.xyz\/de\/features\/v2\/"]}]},{"@type":"ImageObject","inLanguage":"de","@id":"https:\/\/visualarqv2.instawp.xyz\/de\/features\/v2\/#primaryimage","url":"https:\/\/visualarqv2.instawp.xyz\/wp-content\/uploads\/sites\/2\/2016\/12\/VisualARQ-2.0-Grasshopper-styles-250.jpg","contentUrl":"https:\/\/visualarqv2.instawp.xyz\/wp-content\/uploads\/sites\/2\/2016\/12\/VisualARQ-2.0-Grasshopper-styles-250.jpg"},{"@type":"BreadcrumbList","@id":"https:\/\/visualarqv2.instawp.xyz\/de\/features\/v2\/#breadcrumb","itemListElement":[{"@type":"ListItem","position":1,"name":"Home","item":"https:\/\/visualarqv2.instawp.xyz\/de\/home2\/"},{"@type":"ListItem","position":2,"name":"Features","item":"https:\/\/visualarqv2.instawp.xyz\/de\/features\/"},{"@type":"ListItem","position":3,"name":"Neuheiten in VisualARQ 2"}]},{"@type":"WebSite","@id":"https:\/\/visualarqv2.instawp.xyz\/de\/#website","url":"https:\/\/visualarqv2.instawp.xyz\/de\/","name":"VisualARQ","description":"Flexible BIM for Rhino","potentialAction":[{"@type":"SearchAction","target":{"@type":"EntryPoint","urlTemplate":"https:\/\/visualarqv2.instawp.xyz\/de\/?s={search_term_string}"},"query-input":"required name=search_term_string"}],"inLanguage":"de"}]}},"_links":{"self":[{"href":"https:\/\/visualarqv2.instawp.xyz\/de\/wp-json\/wp\/v2\/pages\/11321"}],"collection":[{"href":"https:\/\/visualarqv2.instawp.xyz\/de\/wp-json\/wp\/v2\/pages"}],"about":[{"href":"https:\/\/visualarqv2.instawp.xyz\/de\/wp-json\/wp\/v2\/types\/page"}],"author":[{"embeddable":true,"href":"https:\/\/visualarqv2.instawp.xyz\/de\/wp-json\/wp\/v2\/users\/5"}],"replies":[{"embeddable":true,"href":"https:\/\/visualarqv2.instawp.xyz\/de\/wp-json\/wp\/v2\/comments?post=11321"}],"version-history":[{"count":0,"href":"https:\/\/visualarqv2.instawp.xyz\/de\/wp-json\/wp\/v2\/pages\/11321\/revisions"}],"up":[{"embeddable":true,"href":"https:\/\/visualarqv2.instawp.xyz\/de\/wp-json\/wp\/v2\/pages\/11391"}],"wp:attachment":[{"href":"https:\/\/visualarqv2.instawp.xyz\/de\/wp-json\/wp\/v2\/media?parent=11321"}],"curies":[{"name":"wp","href":"https:\/\/api.w.org\/{rel}","templated":true}]}}