{"id":23836,"date":"2021-09-23T20:29:12","date_gmt":"2021-09-23T20:29:12","guid":{"rendered":"https:\/\/visualarqv2.asuni.cloud\/learn\/webinars\/webinar-anmeldung\/"},"modified":"2021-09-27T08:39:12","modified_gmt":"2021-09-27T08:39:12","slug":"registration","status":"publish","type":"page","link":"https:\/\/visualarqv2.instawp.xyz\/de\/learn\/webinars\/registration\/","title":{"rendered":"Webinar-Anmeldung"},"content":{"rendered":"<h1 style=\"text-align: center;\">Webinar-Anmeldung<\/h1>\r\n<p style=\"text-align: center;\"><div class=\"div-sobre-iframe\"><iframe loading=\"lazy\" onload=\"iFrameResize()\" src=\"https:\/\/fz2.asuni.com\/form\/?fz=69&lang=de\" width=\"100%\" height=\"40px\" frameborder=\"0\">Form<\/iframe><\/div><\/p>\r\n<p style=\"text-align: center;\"><small>Die von Ihnen zur Anmeldung \u00fcbermittelten Informationen k\u00f6nnen von Asuni Soft SL in \u00dcbereinstimmung mit den <a href=\"https:\/\/visualarqv2.instawp.xyz\/de\/legal\/privacy-policy\/\">Datenschutzrichtlinien<\/a> verwendet und geteilt werden.<\/small><\/p>\r\n&nbsp;","protected":false},"excerpt":{"rendered":"<p>Webinar-Anmeldung Die von Ihnen zur Anmeldung \u00fcbermittelten Informationen k\u00f6nnen von Asuni Soft SL in \u00dcbereinstimmung mit den Datenschutzrichtlinien verwendet und geteilt werden. &nbsp;<\/p>\n","protected":false},"author":1,"featured_media":0,"parent":11312,"menu_order":0,"comment_status":"closed","ping_status":"closed","template":"page-download.php","meta":{"_et_pb_use_builder":"","_et_pb_old_content":"","_et_gb_content_width":"","_monsterinsights_skip_tracking":false,"_monsterinsights_sitenote_active":false,"_monsterinsights_sitenote_note":"","_monsterinsights_sitenote_category":0,"footnotes":""},"class_list":["post-23836","page","type-page","status-publish","hentry"],"yoast_head":"<!-- This site is optimized with the Yoast SEO plugin v23.3 - https:\/\/yoast.com\/wordpress\/plugins\/seo\/ -->\n<title>Webinar-Anmeldung - VisualARQ<\/title>\n<meta name=\"robots\" content=\"index, follow, max-snippet:-1, max-image-preview:large, max-video-preview:-1\" \/>\n<link rel=\"canonical\" href=\"https:\/\/visualarqv2.instawp.xyz\/de\/learn\/webinars\/registration\/\" \/>\n<meta property=\"og:locale\" content=\"de_DE\" \/>\n<meta property=\"og:type\" content=\"article\" \/>\n<meta property=\"og:title\" content=\"Webinar-Anmeldung - VisualARQ\" \/>\n<meta property=\"og:description\" content=\"Webinar-Anmeldung Die von Ihnen zur Anmeldung \u00fcbermittelten Informationen k\u00f6nnen von Asuni Soft SL in \u00dcbereinstimmung mit den Datenschutzrichtlinien verwendet und geteilt werden. &nbsp;\" \/>\n<meta property=\"og:url\" content=\"https:\/\/visualarqv2.instawp.xyz\/de\/learn\/webinars\/registration\/\" \/>\n<meta property=\"og:site_name\" content=\"VisualARQ\" \/>\n<meta property=\"article:publisher\" content=\"https:\/\/www.facebook.com\/visualarq\" \/>\n<meta property=\"article:modified_time\" content=\"2021-09-27T08:39:12+00:00\" \/>\n<meta name=\"twitter:card\" content=\"summary_large_image\" \/>\n<meta name=\"twitter:site\" content=\"@VisualARQ\" \/>\n<script type=\"application\/ld+json\" class=\"yoast-schema-graph\">{\"@context\":\"https:\/\/schema.org\",\"@graph\":[{\"@type\":\"WebPage\",\"@id\":\"https:\/\/visualarqv2.instawp.xyz\/de\/learn\/webinars\/registration\/\",\"url\":\"https:\/\/visualarqv2.instawp.xyz\/de\/learn\/webinars\/registration\/\",\"name\":\"Webinar-Anmeldung - VisualARQ\",\"isPartOf\":{\"@id\":\"https:\/\/visualarqv2.instawp.xyz\/de\/#website\"},\"datePublished\":\"2021-09-23T20:29:12+00:00\",\"dateModified\":\"2021-09-27T08:39:12+00:00\",\"breadcrumb\":{\"@id\":\"https:\/\/visualarqv2.instawp.xyz\/de\/learn\/webinars\/registration\/#breadcrumb\"},\"inLanguage\":\"de\",\"potentialAction\":[{\"@type\":\"ReadAction\",\"target\":[\"https:\/\/visualarqv2.instawp.xyz\/de\/learn\/webinars\/registration\/\"]}]},{\"@type\":\"BreadcrumbList\",\"@id\":\"https:\/\/visualarqv2.instawp.xyz\/de\/learn\/webinars\/registration\/#breadcrumb\",\"itemListElement\":[{\"@type\":\"ListItem\",\"position\":1,\"name\":\"Home\",\"item\":\"https:\/\/visualarqv2.instawp.xyz\/de\/home2\/\"},{\"@type\":\"ListItem\",\"position\":2,\"name\":\"Schulung\",\"item\":\"https:\/\/visualarqv2.instawp.xyz\/de\/learn\/\"},{\"@type\":\"ListItem\",\"position\":3,\"name\":\"Webinare\",\"item\":\"https:\/\/visualarqv2.instawp.xyz\/de\/learn\/webinars\/\"},{\"@type\":\"ListItem\",\"position\":4,\"name\":\"Webinar-Anmeldung\"}]},{\"@type\":\"WebSite\",\"@id\":\"https:\/\/visualarqv2.instawp.xyz\/de\/#website\",\"url\":\"https:\/\/visualarqv2.instawp.xyz\/de\/\",\"name\":\"VisualARQ\",\"description\":\"Flexible BIM for Rhino\",\"potentialAction\":[{\"@type\":\"SearchAction\",\"target\":{\"@type\":\"EntryPoint\",\"urlTemplate\":\"https:\/\/visualarqv2.instawp.xyz\/de\/?s={search_term_string}\"},\"query-input\":\"required name=search_term_string\"}],\"inLanguage\":\"de\"}]}<\/script>\n<!-- \/ Yoast SEO plugin. -->","yoast_head_json":{"title":"Webinar-Anmeldung - VisualARQ","robots":{"index":"index","follow":"follow","max-snippet":"max-snippet:-1","max-image-preview":"max-image-preview:large","max-video-preview":"max-video-preview:-1"},"canonical":"https:\/\/visualarqv2.instawp.xyz\/de\/learn\/webinars\/registration\/","og_locale":"de_DE","og_type":"article","og_title":"Webinar-Anmeldung - VisualARQ","og_description":"Webinar-Anmeldung Die von Ihnen zur Anmeldung \u00fcbermittelten Informationen k\u00f6nnen von Asuni Soft SL in \u00dcbereinstimmung mit den Datenschutzrichtlinien verwendet und geteilt werden. &nbsp;","og_url":"https:\/\/visualarqv2.instawp.xyz\/de\/learn\/webinars\/registration\/","og_site_name":"VisualARQ","article_publisher":"https:\/\/www.facebook.com\/visualarq","article_modified_time":"2021-09-27T08:39:12+00:00","twitter_card":"summary_large_image","twitter_site":"@VisualARQ","schema":{"@context":"https:\/\/schema.org","@graph":[{"@type":"WebPage","@id":"https:\/\/visualarqv2.instawp.xyz\/de\/learn\/webinars\/registration\/","url":"https:\/\/visualarqv2.instawp.xyz\/de\/learn\/webinars\/registration\/","name":"Webinar-Anmeldung - VisualARQ","isPartOf":{"@id":"https:\/\/visualarqv2.instawp.xyz\/de\/#website"},"datePublished":"2021-09-23T20:29:12+00:00","dateModified":"2021-09-27T08:39:12+00:00","breadcrumb":{"@id":"https:\/\/visualarqv2.instawp.xyz\/de\/learn\/webinars\/registration\/#breadcrumb"},"inLanguage":"de","potentialAction":[{"@type":"ReadAction","target":["https:\/\/visualarqv2.instawp.xyz\/de\/learn\/webinars\/registration\/"]}]},{"@type":"BreadcrumbList","@id":"https:\/\/visualarqv2.instawp.xyz\/de\/learn\/webinars\/registration\/#breadcrumb","itemListElement":[{"@type":"ListItem","position":1,"name":"Home","item":"https:\/\/visualarqv2.instawp.xyz\/de\/home2\/"},{"@type":"ListItem","position":2,"name":"Schulung","item":"https:\/\/visualarqv2.instawp.xyz\/de\/learn\/"},{"@type":"ListItem","position":3,"name":"Webinare","item":"https:\/\/visualarqv2.instawp.xyz\/de\/learn\/webinars\/"},{"@type":"ListItem","position":4,"name":"Webinar-Anmeldung"}]},{"@type":"WebSite","@id":"https:\/\/visualarqv2.instawp.xyz\/de\/#website","url":"https:\/\/visualarqv2.instawp.xyz\/de\/","name":"VisualARQ","description":"Flexible BIM for Rhino","potentialAction":[{"@type":"SearchAction","target":{"@type":"EntryPoint","urlTemplate":"https:\/\/visualarqv2.instawp.xyz\/de\/?s={search_term_string}"},"query-input":"required name=search_term_string"}],"inLanguage":"de"}]}},"_links":{"self":[{"href":"https:\/\/visualarqv2.instawp.xyz\/de\/wp-json\/wp\/v2\/pages\/23836"}],"collection":[{"href":"https:\/\/visualarqv2.instawp.xyz\/de\/wp-json\/wp\/v2\/pages"}],"about":[{"href":"https:\/\/visualarqv2.instawp.xyz\/de\/wp-json\/wp\/v2\/types\/page"}],"author":[{"embeddable":true,"href":"https:\/\/visualarqv2.instawp.xyz\/de\/wp-json\/wp\/v2\/users\/1"}],"replies":[{"embeddable":true,"href":"https:\/\/visualarqv2.instawp.xyz\/de\/wp-json\/wp\/v2\/comments?post=23836"}],"version-history":[{"count":1,"href":"https:\/\/visualarqv2.instawp.xyz\/de\/wp-json\/wp\/v2\/pages\/23836\/revisions"}],"predecessor-version":[{"id":23838,"href":"https:\/\/visualarqv2.instawp.xyz\/de\/wp-json\/wp\/v2\/pages\/23836\/revisions\/23838"}],"up":[{"embeddable":true,"href":"https:\/\/visualarqv2.instawp.xyz\/de\/wp-json\/wp\/v2\/pages\/11312"}],"wp:attachment":[{"href":"https:\/\/visualarqv2.instawp.xyz\/de\/wp-json\/wp\/v2\/media?parent=23836"}],"curies":[{"name":"wp","href":"https:\/\/api.w.org\/{rel}","templated":true}]}}