{"id":11575,"date":"2011-01-21T00:00:00","date_gmt":"2011-01-21T00:00:00","guid":{"rendered":"https:\/\/visualarqv2.asuni.cloud\/legal\/privacy-policy\/"},"modified":"2020-10-19T13:29:58","modified_gmt":"2020-10-19T13:29:58","slug":"privacy-policy","status":"publish","type":"page","link":"https:\/\/visualarqv2.instawp.xyz\/es\/legal\/privacy-policy\/","title":{"rendered":"Pol\u00edtica de privacidad"},"content":{"rendered":"<h1>Pol\u00edtica de privacidad<\/h1>\r\n<em>Actualizaci\u00f3n: 23 de mayo, 2018<\/em>\r\n\r\nEsta Pol\u00edtica de privacidad se aplica a los sitios web de Asuni Soft y a cualquier funci\u00f3n y servicio en l\u00ednea ofrecido por Asuni Soft que publique o incluya un enlace a esta Pol\u00edtica de privacidad.\r\n<h4>1. Informaci\u00f3n que recopilamos<\/h4>\r\n\r\n<p>Informaci\u00f3n identifitiva<\/p>\r\n\r\nEn las descargas recopilamos determinada informaci\u00f3n personal que puede utilizarse para identificarle, por ejemplo, cualquier informaci\u00f3n que consideremos necesaria para ofrecerle nuestro Servicio o que nos pueda proporcionar de manera voluntaria. La informaci\u00f3n que recopilamos de Usted, en la medida en que es privada, se da a conocer solo de conformidad con las Condiciones del servicio y la Pol\u00edtica de privacidad.\r\n\r\n<p>Informaci\u00f3n no identifitiva<\/p>\r\n\r\nCada vez que visite nuestro Sitio web, podemos recopilar informaci\u00f3n no identificable, como su direcci\u00f3n IP, URL de referencia, navegador, sistema operativo, informaci\u00f3n de cookies y proveedor de servicios Internet. Sin una citaci\u00f3n, cumplimiento voluntario por parte de su proveedor de servicios de Internet o registros adicionales de un tercero, esta informaci\u00f3n por s\u00ed sola no se puede utilizar para identificarle.\r\n<h4>2. \u00bfQu\u00e9 hacemos con su informaci\u00f3n?<\/h4>\r\n<ul>\r\n \t<li>Es confidencial.<\/li>\r\n \t<li>Mejoramos este sitio web para que se ajuste mejor a sus necesidades.<\/li>\r\n \t<li>Mejoramos nuestros productos para que se ajusten mejor a sus exigencias.<\/li>\r\n \t<li>Elaboramos un bolet\u00edn informativo por subscripci\u00f3n en una lista para proporcionar a los subscriptores la informaci\u00f3n actualizada de nuestros productos (y otros productos), soporte, formaci\u00f3n, etc.<\/li>\r\n<\/ul>\r\n<h4>3. \u00bfQu\u00e9 NO hacemos con su informaci\u00f3n?<\/h4>\r\n<ul>\r\n \t<li>Vender o proporcionar su informaci\u00f3n a nadie fuera de esta empresa.<\/li>\r\n \t<li>Proporcionar su informaci\u00f3n a nuestros vendedores o distribuidores.<\/li>\r\n<\/ul>\r\n<h4>4. Acceso a la informaci\u00f3n<\/h4>\r\nTiene derecho a solicitar acceso a la informaci\u00f3n que tenemos sobre usted. Puede hacerlo poni\u00e9ndose en contacto con nosotros en contact@asuni.com. Nos aseguraremos de proporcionarle una copia de los datos que procesamos sobre usted en menos de un mes. Para cumplir con su solicitud, podemos pedirle que verifique su identidad. Cumpliremos su solicitud envi\u00e1ndole la copia electr\u00f3nicamente. Para cualquier solicitud de acceso posterior, podemos cobrarle una tarifa administrativa.\r\n<h4>5. Correcci\u00f3n y supresi\u00f3n de informaci\u00f3n<\/h4>\r\nTiene derecho a rectificar o eliminar cualquier informaci\u00f3n personal que hayamos recopilado sobre usted. Tambi\u00e9n tiene derecho a la portabilidad de los datos y a restringir u objetar el procesamiento de los datos personales que hemos recopilado sobre usted mediante los Servicios. Adem\u00e1s, tiene derecho a solicitarnos que no procesemos sus datos personales (o que se los proporcionemos a terceros para que los procesen) con fines de marketing o con fines sustancialmente diferentes para los que originalmente fueron recopilados o posteriormente autorizados por usted. Puede retirar su consentimiento en cualquier momento para cualquier procesamiento de datos que hagamos en funci\u00f3n del consentimiento que nos haya dado.\r\n\r\nPara ejercer cualquiera de estos derechos, cont\u00e1ctenos utilizando la informaci\u00f3n de la Secci\u00f3n 7 m\u00e1s abajo y especifique qu\u00e9 derecho quiere ejercer. Responderemos a su solicitud en un plazo de 30 d\u00edas. Es posible que le solicitemos informaci\u00f3n adicional para confirmar su identidad. Tenga en cuenta que almacenamos informaci\u00f3n seg\u00fan sea necesario para cumplir con los fines para los que fue recopilada, y podemos continuar reteniendo y utilizando la informaci\u00f3n incluso despu\u00e9s de una solicitud del sujeto de datos para nuestros intereses leg\u00edtimos, incluso para cumplir con nuestras obligaciones legales, resolver disputas, prevenir fraudes y hacer cumplir nuestros acuerdos.\r\n<h4>6. Medidas de seguridad<\/h4>\r\nTomamos medidas para intensificar la seguridad de nuestro Sitio web y de nuestros Servicios, ya que es de nuestro inter\u00e9s. Sin embargo, no nos hacemos responsables de la seguridad o privacidad de su informaci\u00f3n. Es de nuestro inter\u00e9s mantener nuestros sitios web seguros, pero recomendamos que utilice software antivirus, cortafuegos y otras medidas de precauci\u00f3n para protegerse de las amenazas de seguridad.\r\n<h4>7. Contacto para informaci\u00f3n adicional, exclusi\u00f3n, acceso a datos y correcci\u00f3n<\/h4>\r\nSi tiene alguna pregunta o queja sobre esta Pol\u00edtica de privacidad, o si desea ejercer sus derechos de exclusi\u00f3n voluntaria a continuaci\u00f3n, o corregir o acceder a sus datos, cont\u00e1ctenos:\r\n\r\nPor correo electr\u00f3nico: contact@asuni.com\r\nPor correo postal:\r\nResponsable de protecci\u00f3n de datos\r\nAsuni Soft S.L.\r\nRoger de Flor, 32-34, bajos\r\n08018 Barcelona (Espa\u00f1a)\r\n<h4>8. Modificaciones<\/h4>\r\nPodemos modificar esta Pol\u00edtica de privacidad en cualquier momento. Cuando modifiquemos esta Pol\u00edtica de privacidad, actualizaremos esta p\u00e1gina debidamente. Debe leer esta p\u00e1gina cada vez que utilice nuestro Servicio, y su uso continuado de nuestro Servicio constituir\u00e1 su aceptaci\u00f3n de tales modificaciones.","protected":false},"excerpt":{"rendered":"<p>Pol\u00edtica de privacidad Actualizaci\u00f3n: 23 de mayo, 2018 Esta Pol\u00edtica de privacidad se aplica a los sitios web de Asuni Soft y a cualquier funci\u00f3n y servicio en l\u00ednea ofrecido por Asuni Soft que publique o incluya un enlace a esta Pol\u00edtica de privacidad. 1. Informaci\u00f3n que recopilamos Informaci\u00f3n identifitiva En las descargas recopilamos determinada [&hellip;]<\/p>\n","protected":false},"author":1,"featured_media":0,"parent":11573,"menu_order":110,"comment_status":"closed","ping_status":"closed","template":"","meta":{"_et_pb_use_builder":"off","_et_pb_old_content":"","_et_gb_content_width":"","_monsterinsights_skip_tracking":false,"_monsterinsights_sitenote_active":false,"_monsterinsights_sitenote_note":"","_monsterinsights_sitenote_category":0,"footnotes":""},"class_list":["post-11575","page","type-page","status-publish","hentry"],"yoast_head":"<!-- This site is optimized with the Yoast SEO plugin v23.3 - https:\/\/yoast.com\/wordpress\/plugins\/seo\/ -->\n<title>Pol\u00edtica de privacidad - VisualARQ<\/title>\n<meta name=\"robots\" content=\"index, follow, max-snippet:-1, max-image-preview:large, max-video-preview:-1\" \/>\n<link rel=\"canonical\" href=\"https:\/\/visualarqv2.instawp.xyz\/es\/legal\/privacy-policy\/\" \/>\n<meta property=\"og:locale\" content=\"es_ES\" \/>\n<meta property=\"og:type\" content=\"article\" \/>\n<meta property=\"og:title\" content=\"Pol\u00edtica de privacidad - VisualARQ\" \/>\n<meta property=\"og:description\" content=\"Pol\u00edtica de privacidad Actualizaci\u00f3n: 23 de mayo, 2018 Esta Pol\u00edtica de privacidad se aplica a los sitios web de Asuni Soft y a cualquier funci\u00f3n y servicio en l\u00ednea ofrecido por Asuni Soft que publique o incluya un enlace a esta Pol\u00edtica de privacidad. 1. Informaci\u00f3n que recopilamos Informaci\u00f3n identifitiva En las descargas recopilamos determinada [&hellip;]\" \/>\n<meta property=\"og:url\" content=\"https:\/\/visualarqv2.instawp.xyz\/es\/legal\/privacy-policy\/\" \/>\n<meta property=\"og:site_name\" content=\"VisualARQ\" \/>\n<meta property=\"article:publisher\" content=\"https:\/\/www.facebook.com\/visualarq\" \/>\n<meta property=\"article:modified_time\" content=\"2020-10-19T13:29:58+00:00\" \/>\n<meta name=\"twitter:card\" content=\"summary_large_image\" \/>\n<meta name=\"twitter:site\" content=\"@VisualARQ\" \/>\n<meta name=\"twitter:label1\" content=\"Tiempo de lectura\" \/>\n\t<meta name=\"twitter:data1\" content=\"4 minutos\" \/>\n<script type=\"application\/ld+json\" class=\"yoast-schema-graph\">{\"@context\":\"https:\/\/schema.org\",\"@graph\":[{\"@type\":\"WebPage\",\"@id\":\"https:\/\/visualarqv2.instawp.xyz\/es\/legal\/privacy-policy\/\",\"url\":\"https:\/\/visualarqv2.instawp.xyz\/es\/legal\/privacy-policy\/\",\"name\":\"Pol\u00edtica de privacidad - VisualARQ\",\"isPartOf\":{\"@id\":\"https:\/\/visualarqv2.instawp.xyz\/es\/#website\"},\"datePublished\":\"2011-01-21T00:00:00+00:00\",\"dateModified\":\"2020-10-19T13:29:58+00:00\",\"breadcrumb\":{\"@id\":\"https:\/\/visualarqv2.instawp.xyz\/es\/legal\/privacy-policy\/#breadcrumb\"},\"inLanguage\":\"es\",\"potentialAction\":[{\"@type\":\"ReadAction\",\"target\":[\"https:\/\/visualarqv2.instawp.xyz\/es\/legal\/privacy-policy\/\"]}]},{\"@type\":\"BreadcrumbList\",\"@id\":\"https:\/\/visualarqv2.instawp.xyz\/es\/legal\/privacy-policy\/#breadcrumb\",\"itemListElement\":[{\"@type\":\"ListItem\",\"position\":1,\"name\":\"Home\",\"item\":\"https:\/\/visualarqv2.instawp.xyz\/es\/\"},{\"@type\":\"ListItem\",\"position\":2,\"name\":\"Informaci\u00f3n legal\",\"item\":\"https:\/\/visualarqv2.instawp.xyz\/es\/legal\/\"},{\"@type\":\"ListItem\",\"position\":3,\"name\":\"Pol\u00edtica de privacidad\"}]},{\"@type\":\"WebSite\",\"@id\":\"https:\/\/visualarqv2.instawp.xyz\/es\/#website\",\"url\":\"https:\/\/visualarqv2.instawp.xyz\/es\/\",\"name\":\"VisualARQ\",\"description\":\"Flexible BIM for Rhino\",\"potentialAction\":[{\"@type\":\"SearchAction\",\"target\":{\"@type\":\"EntryPoint\",\"urlTemplate\":\"https:\/\/visualarqv2.instawp.xyz\/es\/?s={search_term_string}\"},\"query-input\":\"required name=search_term_string\"}],\"inLanguage\":\"es\"}]}<\/script>\n<!-- \/ Yoast SEO plugin. -->","yoast_head_json":{"title":"Pol\u00edtica de privacidad - VisualARQ","robots":{"index":"index","follow":"follow","max-snippet":"max-snippet:-1","max-image-preview":"max-image-preview:large","max-video-preview":"max-video-preview:-1"},"canonical":"https:\/\/visualarqv2.instawp.xyz\/es\/legal\/privacy-policy\/","og_locale":"es_ES","og_type":"article","og_title":"Pol\u00edtica de privacidad - VisualARQ","og_description":"Pol\u00edtica de privacidad Actualizaci\u00f3n: 23 de mayo, 2018 Esta Pol\u00edtica de privacidad se aplica a los sitios web de Asuni Soft y a cualquier funci\u00f3n y servicio en l\u00ednea ofrecido por Asuni Soft que publique o incluya un enlace a esta Pol\u00edtica de privacidad. 1. Informaci\u00f3n que recopilamos Informaci\u00f3n identifitiva En las descargas recopilamos determinada [&hellip;]","og_url":"https:\/\/visualarqv2.instawp.xyz\/es\/legal\/privacy-policy\/","og_site_name":"VisualARQ","article_publisher":"https:\/\/www.facebook.com\/visualarq","article_modified_time":"2020-10-19T13:29:58+00:00","twitter_card":"summary_large_image","twitter_site":"@VisualARQ","twitter_misc":{"Tiempo de lectura":"4 minutos"},"schema":{"@context":"https:\/\/schema.org","@graph":[{"@type":"WebPage","@id":"https:\/\/visualarqv2.instawp.xyz\/es\/legal\/privacy-policy\/","url":"https:\/\/visualarqv2.instawp.xyz\/es\/legal\/privacy-policy\/","name":"Pol\u00edtica de privacidad - VisualARQ","isPartOf":{"@id":"https:\/\/visualarqv2.instawp.xyz\/es\/#website"},"datePublished":"2011-01-21T00:00:00+00:00","dateModified":"2020-10-19T13:29:58+00:00","breadcrumb":{"@id":"https:\/\/visualarqv2.instawp.xyz\/es\/legal\/privacy-policy\/#breadcrumb"},"inLanguage":"es","potentialAction":[{"@type":"ReadAction","target":["https:\/\/visualarqv2.instawp.xyz\/es\/legal\/privacy-policy\/"]}]},{"@type":"BreadcrumbList","@id":"https:\/\/visualarqv2.instawp.xyz\/es\/legal\/privacy-policy\/#breadcrumb","itemListElement":[{"@type":"ListItem","position":1,"name":"Home","item":"https:\/\/visualarqv2.instawp.xyz\/es\/"},{"@type":"ListItem","position":2,"name":"Informaci\u00f3n legal","item":"https:\/\/visualarqv2.instawp.xyz\/es\/legal\/"},{"@type":"ListItem","position":3,"name":"Pol\u00edtica de privacidad"}]},{"@type":"WebSite","@id":"https:\/\/visualarqv2.instawp.xyz\/es\/#website","url":"https:\/\/visualarqv2.instawp.xyz\/es\/","name":"VisualARQ","description":"Flexible BIM for Rhino","potentialAction":[{"@type":"SearchAction","target":{"@type":"EntryPoint","urlTemplate":"https:\/\/visualarqv2.instawp.xyz\/es\/?s={search_term_string}"},"query-input":"required name=search_term_string"}],"inLanguage":"es"}]}},"_links":{"self":[{"href":"https:\/\/visualarqv2.instawp.xyz\/es\/wp-json\/wp\/v2\/pages\/11575"}],"collection":[{"href":"https:\/\/visualarqv2.instawp.xyz\/es\/wp-json\/wp\/v2\/pages"}],"about":[{"href":"https:\/\/visualarqv2.instawp.xyz\/es\/wp-json\/wp\/v2\/types\/page"}],"author":[{"embeddable":true,"href":"https:\/\/visualarqv2.instawp.xyz\/es\/wp-json\/wp\/v2\/users\/1"}],"replies":[{"embeddable":true,"href":"https:\/\/visualarqv2.instawp.xyz\/es\/wp-json\/wp\/v2\/comments?post=11575"}],"version-history":[{"count":0,"href":"https:\/\/visualarqv2.instawp.xyz\/es\/wp-json\/wp\/v2\/pages\/11575\/revisions"}],"up":[{"embeddable":true,"href":"https:\/\/visualarqv2.instawp.xyz\/es\/wp-json\/wp\/v2\/pages\/11573"}],"wp:attachment":[{"href":"https:\/\/visualarqv2.instawp.xyz\/es\/wp-json\/wp\/v2\/media?parent=11575"}],"curies":[{"name":"wp","href":"https:\/\/api.w.org\/{rel}","templated":true}]}}