{"id":11581,"date":"2011-01-08T00:00:00","date_gmt":"2011-01-08T00:00:00","guid":{"rendered":"https:\/\/visualarqv2.asuni.cloud\/download\/update\/"},"modified":"2023-10-24T14:40:50","modified_gmt":"2023-10-24T14:40:50","slug":"update","status":"publish","type":"page","link":"https:\/\/visualarqv2.instawp.xyz\/es\/download\/update\/","title":{"rendered":"Actualizaci\u00f3n"},"content":{"rendered":"\n[et_pb_section fb_built=\u00bb1&#8243; admin_label=\u00bbsection\u00bb _builder_version=\u00bb4.16&#8243; global_colors_info=\u00bb{}\u00bb][et_pb_row column_structure=\u00bb1_2,1_2&#8243; padding_mobile=\u00bboff\u00bb column_padding_mobile=\u00bbon\u00bb admin_label=\u00bbfila\u00bb _builder_version=\u00bb4.16&#8243; background_size=\u00bbinitial\u00bb background_position=\u00bbtop_left\u00bb background_repeat=\u00bbrepeat\u00bb custom_padding=\u00bb||0px|\u00bb make_fullwidth=\u00bboff\u00bb use_custom_width=\u00bboff\u00bb width_unit=\u00bbon\u00bb global_colors_info=\u00bb{}\u00bb][et_pb_column type=\u00bb1_2&#8243; _builder_version=\u00bb4.16&#8243; custom_padding=\u00bb|||\u00bb global_colors_info=\u00bb{}\u00bb custom_padding__hover=\u00bb|||\u00bb][et_pb_text admin_label=\u00bbT\u00edtulo (con variable)\u00bb _builder_version=\u00bb4.16&#8243; background_size=\u00bbinitial\u00bb background_position=\u00bbtop_left\u00bb background_repeat=\u00bbrepeat\u00bb custom_margin=\u00bb||0px|\u00bb border_style=\u00bbsolid\u00bb global_colors_info=\u00bb{}\u00bb]<h1>Descargar actualizaci\u00f3n 2.13.2<\/h1>[\/et_pb_text][et_pb_text _builder_version=\u00bb4.16&#8243; background_size=\u00bbinitial\u00bb background_position=\u00bbtop_left\u00bb background_repeat=\u00bbrepeat\u00bb border_style=\u00bbsolid\u00bb global_colors_info=\u00bb{}\u00bb]<p>Rellene el formulario para descargar VisualARQ 2.13.2  (para Rhino 5, Rhino 6 y Rhino 7).<\/p>\n<p> <a href=\"https:\/\/visualarqv2.instawp.xyz\/es\/info\/whats-new\/\">Consulte las novedades<\/a>.<\/p>\n<p><strong>Esta Service Release es gratuita para todos los usuarios de VisualARQ<\/strong>. (Contacte con <a href=\"mailto:visualarq@asuni.com\">visualarq@asuni.com<\/a> si posee una licencia de VisualARQ 1 y quiere obtener la licencia de VisualARQ 2 correspondiente.)<\/p>[\/et_pb_text][et_pb_text admin_label=\u00bbMake a wish\u00bb _builder_version=\u00bb4.16&#8243; background_size=\u00bbinitial\u00bb background_position=\u00bbtop_left\u00bb background_repeat=\u00bbrepeat\u00bb custom_margin=\u00bb||0px|\u00bb border_style=\u00bbsolid\u00bb global_colors_info=\u00bb{}\u00bb]<h2>Solicite una funci\u00f3n<\/h2>[\/et_pb_text][et_pb_text _builder_version=\u00bb4.16&#8243; background_size=\u00bbinitial\u00bb background_position=\u00bbtop_left\u00bb background_repeat=\u00bbrepeat\u00bb border_style=\u00bbsolid\u00bb global_colors_info=\u00bb{}\u00bb]Inf\u00f3rmenos sobre qu\u00e9 le gustar\u00eda mejorar en VisualARQ. C\u00f3mo lo utiliza y qu\u00e9 podemos hacer para que le funcione mejor. Solo tardar\u00e1 1 minuto.[\/et_pb_text][et_pb_button button_url=\u00bbhttps:\/\/fz2.asuni.com\/form\/?fz=66&#8243; button_text=\u00bbRellenar la encuesta\u00bb _builder_version=\u00bb4.16&#8243; _module_preset=\u00bbdefault\u00bb global_colors_info=\u00bb{}\u00bb][\/et_pb_button][\/et_pb_column][et_pb_column type=\u00bb1_2&#8243; _builder_version=\u00bb4.16&#8243; custom_padding=\u00bb|||\u00bb global_colors_info=\u00bb{}\u00bb custom_padding__hover=\u00bb|||\u00bb][et_pb_text admin_label=\u00bbFormulario\u00bb _builder_version=\u00bb4.16&#8243; background_size=\u00bbinitial\u00bb background_position=\u00bbtop_left\u00bb background_repeat=\u00bbrepeat\u00bb border_style=\u00bbsolid\u00bb global_colors_info=\u00bb{}\u00bb]<div class=\"div-sobre-iframe\"><iframe loading=\"lazy\" onload=\"iFrameResize()\" src=\"https:\/\/fz2.asuni.com\/form\/?fz=53&lang=es\" width=\"100%\" height=\"40px\" frameborder=\"0\">Form<\/iframe><\/div>\r[\/et_pb_text][\/et_pb_column][\/et_pb_row][\/et_pb_section]\n","protected":false},"excerpt":{"rendered":"<p>Descargar actualizaci\u00f3n de VisualARQ.<\/p>\n","protected":false},"author":1,"featured_media":0,"parent":11698,"menu_order":2,"comment_status":"closed","ping_status":"closed","template":"","meta":{"_et_pb_use_builder":"on","_et_pb_old_content":"<h1>Download Update 1.9.5<\/h1><p>Please, fill out the form to download VisualARQ 1.9.5 (<a href=\"\/?page_id=1392\">see what's new<\/a>). You need a valid VisualARQ license key.<\/p><p>This is a <strong>free<\/strong> service release for VisualARQ 1.X users.<\/p><p>Check your email, including your SPAM folder. Include the address \"<a href=\"mailto:visualarq@asuni.com\">visualarq@asuni.com<\/a>\" in your allowed list to receive messages from VisualARQ.<\/p>","_et_gb_content_width":"","_monsterinsights_skip_tracking":false,"_monsterinsights_sitenote_active":false,"_monsterinsights_sitenote_note":"","_monsterinsights_sitenote_category":0,"footnotes":""},"class_list":["post-11581","page","type-page","status-publish","hentry"],"yoast_head":"<!-- This site is optimized with the Yoast SEO plugin v23.3 - https:\/\/yoast.com\/wordpress\/plugins\/seo\/ -->\n<title>Actualizaci\u00f3n - VisualARQ<\/title>\n<meta name=\"robots\" content=\"index, follow, max-snippet:-1, max-image-preview:large, max-video-preview:-1\" \/>\n<link rel=\"canonical\" href=\"https:\/\/visualarqv2.instawp.xyz\/es\/download\/update\/\" \/>\n<meta property=\"og:locale\" content=\"es_ES\" \/>\n<meta property=\"og:type\" content=\"article\" \/>\n<meta property=\"og:title\" content=\"Actualizaci\u00f3n - VisualARQ\" \/>\n<meta property=\"og:description\" content=\"Descargar actualizaci\u00f3n de VisualARQ.\" \/>\n<meta property=\"og:url\" content=\"https:\/\/visualarqv2.instawp.xyz\/es\/download\/update\/\" \/>\n<meta property=\"og:site_name\" content=\"VisualARQ\" \/>\n<meta property=\"article:publisher\" content=\"https:\/\/www.facebook.com\/visualarq\" \/>\n<meta property=\"article:modified_time\" content=\"2023-10-24T14:40:50+00:00\" \/>\n<meta name=\"twitter:card\" content=\"summary_large_image\" \/>\n<meta name=\"twitter:site\" content=\"@VisualARQ\" \/>\n<meta name=\"twitter:label1\" content=\"Tiempo de lectura\" \/>\n\t<meta name=\"twitter:data1\" content=\"2 minutos\" \/>\n<script type=\"application\/ld+json\" class=\"yoast-schema-graph\">{\"@context\":\"https:\/\/schema.org\",\"@graph\":[{\"@type\":\"WebPage\",\"@id\":\"https:\/\/visualarqv2.instawp.xyz\/es\/download\/update\/\",\"url\":\"https:\/\/visualarqv2.instawp.xyz\/es\/download\/update\/\",\"name\":\"Actualizaci\u00f3n - VisualARQ\",\"isPartOf\":{\"@id\":\"https:\/\/visualarqv2.instawp.xyz\/es\/#website\"},\"datePublished\":\"2011-01-08T00:00:00+00:00\",\"dateModified\":\"2023-10-24T14:40:50+00:00\",\"breadcrumb\":{\"@id\":\"https:\/\/visualarqv2.instawp.xyz\/es\/download\/update\/#breadcrumb\"},\"inLanguage\":\"es\",\"potentialAction\":[{\"@type\":\"ReadAction\",\"target\":[\"https:\/\/visualarqv2.instawp.xyz\/es\/download\/update\/\"]}]},{\"@type\":\"BreadcrumbList\",\"@id\":\"https:\/\/visualarqv2.instawp.xyz\/es\/download\/update\/#breadcrumb\",\"itemListElement\":[{\"@type\":\"ListItem\",\"position\":1,\"name\":\"Home\",\"item\":\"https:\/\/visualarqv2.instawp.xyz\/es\/\"},{\"@type\":\"ListItem\",\"position\":2,\"name\":\"Descargar\",\"item\":\"https:\/\/visualarqv2.instawp.xyz\/es\/download\/\"},{\"@type\":\"ListItem\",\"position\":3,\"name\":\"Actualizaci\u00f3n\"}]},{\"@type\":\"WebSite\",\"@id\":\"https:\/\/visualarqv2.instawp.xyz\/es\/#website\",\"url\":\"https:\/\/visualarqv2.instawp.xyz\/es\/\",\"name\":\"VisualARQ\",\"description\":\"Flexible BIM for Rhino\",\"potentialAction\":[{\"@type\":\"SearchAction\",\"target\":{\"@type\":\"EntryPoint\",\"urlTemplate\":\"https:\/\/visualarqv2.instawp.xyz\/es\/?s={search_term_string}\"},\"query-input\":\"required name=search_term_string\"}],\"inLanguage\":\"es\"}]}<\/script>\n<!-- \/ Yoast SEO plugin. -->","yoast_head_json":{"title":"Actualizaci\u00f3n - VisualARQ","robots":{"index":"index","follow":"follow","max-snippet":"max-snippet:-1","max-image-preview":"max-image-preview:large","max-video-preview":"max-video-preview:-1"},"canonical":"https:\/\/visualarqv2.instawp.xyz\/es\/download\/update\/","og_locale":"es_ES","og_type":"article","og_title":"Actualizaci\u00f3n - VisualARQ","og_description":"Descargar actualizaci\u00f3n de VisualARQ.","og_url":"https:\/\/visualarqv2.instawp.xyz\/es\/download\/update\/","og_site_name":"VisualARQ","article_publisher":"https:\/\/www.facebook.com\/visualarq","article_modified_time":"2023-10-24T14:40:50+00:00","twitter_card":"summary_large_image","twitter_site":"@VisualARQ","twitter_misc":{"Tiempo de lectura":"2 minutos"},"schema":{"@context":"https:\/\/schema.org","@graph":[{"@type":"WebPage","@id":"https:\/\/visualarqv2.instawp.xyz\/es\/download\/update\/","url":"https:\/\/visualarqv2.instawp.xyz\/es\/download\/update\/","name":"Actualizaci\u00f3n - VisualARQ","isPartOf":{"@id":"https:\/\/visualarqv2.instawp.xyz\/es\/#website"},"datePublished":"2011-01-08T00:00:00+00:00","dateModified":"2023-10-24T14:40:50+00:00","breadcrumb":{"@id":"https:\/\/visualarqv2.instawp.xyz\/es\/download\/update\/#breadcrumb"},"inLanguage":"es","potentialAction":[{"@type":"ReadAction","target":["https:\/\/visualarqv2.instawp.xyz\/es\/download\/update\/"]}]},{"@type":"BreadcrumbList","@id":"https:\/\/visualarqv2.instawp.xyz\/es\/download\/update\/#breadcrumb","itemListElement":[{"@type":"ListItem","position":1,"name":"Home","item":"https:\/\/visualarqv2.instawp.xyz\/es\/"},{"@type":"ListItem","position":2,"name":"Descargar","item":"https:\/\/visualarqv2.instawp.xyz\/es\/download\/"},{"@type":"ListItem","position":3,"name":"Actualizaci\u00f3n"}]},{"@type":"WebSite","@id":"https:\/\/visualarqv2.instawp.xyz\/es\/#website","url":"https:\/\/visualarqv2.instawp.xyz\/es\/","name":"VisualARQ","description":"Flexible BIM for Rhino","potentialAction":[{"@type":"SearchAction","target":{"@type":"EntryPoint","urlTemplate":"https:\/\/visualarqv2.instawp.xyz\/es\/?s={search_term_string}"},"query-input":"required name=search_term_string"}],"inLanguage":"es"}]}},"_links":{"self":[{"href":"https:\/\/visualarqv2.instawp.xyz\/es\/wp-json\/wp\/v2\/pages\/11581"}],"collection":[{"href":"https:\/\/visualarqv2.instawp.xyz\/es\/wp-json\/wp\/v2\/pages"}],"about":[{"href":"https:\/\/visualarqv2.instawp.xyz\/es\/wp-json\/wp\/v2\/types\/page"}],"author":[{"embeddable":true,"href":"https:\/\/visualarqv2.instawp.xyz\/es\/wp-json\/wp\/v2\/users\/1"}],"replies":[{"embeddable":true,"href":"https:\/\/visualarqv2.instawp.xyz\/es\/wp-json\/wp\/v2\/comments?post=11581"}],"version-history":[{"count":22,"href":"https:\/\/visualarqv2.instawp.xyz\/es\/wp-json\/wp\/v2\/pages\/11581\/revisions"}],"predecessor-version":[{"id":32319,"href":"https:\/\/visualarqv2.instawp.xyz\/es\/wp-json\/wp\/v2\/pages\/11581\/revisions\/32319"}],"up":[{"embeddable":true,"href":"https:\/\/visualarqv2.instawp.xyz\/es\/wp-json\/wp\/v2\/pages\/11698"}],"wp:attachment":[{"href":"https:\/\/visualarqv2.instawp.xyz\/es\/wp-json\/wp\/v2\/media?parent=11581"}],"curies":[{"name":"wp","href":"https:\/\/api.w.org\/{rel}","templated":true}]}}