{"id":11029,"date":"2011-01-09T00:00:00","date_gmt":"2011-01-09T00:00:00","guid":{"rendered":"https:\/\/visualarqv2.asuni.cloud\/download\/eval\/"},"modified":"2023-11-28T08:07:42","modified_gmt":"2023-11-28T08:07:42","slug":"eval","status":"publish","type":"page","link":"https:\/\/visualarqv2.instawp.xyz\/fr\/download\/eval\/","title":{"rendered":"T\u00e9l\u00e9charger la version d&rsquo;\u00e9valuation"},"content":{"rendered":"[et_pb_section fb_built=\u00a0\u00bb1&Prime; admin_label=\u00a0\u00bbsection\u00a0\u00bb _builder_version=\u00a0\u00bb4.16&Prime; global_colors_info=\u00a0\u00bb{}\u00a0\u00bb][et_pb_row column_structure=\u00a0\u00bb1_2,1_2&Prime; padding_mobile=\u00a0\u00bboff\u00a0\u00bb column_padding_mobile=\u00a0\u00bbon\u00a0\u00bb admin_label=\u00a0\u00bbrow\u00a0\u00bb _builder_version=\u00a0\u00bb4.16&Prime; background_size=\u00a0\u00bbinitial\u00a0\u00bb background_position=\u00a0\u00bbtop_left\u00a0\u00bb background_repeat=\u00a0\u00bbrepeat\u00a0\u00bb make_fullwidth=\u00a0\u00bboff\u00a0\u00bb use_custom_width=\u00a0\u00bboff\u00a0\u00bb width_unit=\u00a0\u00bbon\u00a0\u00bb global_colors_info=\u00a0\u00bb{}\u00a0\u00bb][et_pb_column type=\u00a0\u00bb1_2&Prime; _builder_version=\u00a0\u00bb4.16&Prime; custom_padding=\u00a0\u00bb|||\u00a0\u00bb global_colors_info=\u00a0\u00bb{}\u00a0\u00bb custom_padding__hover=\u00a0\u00bb|||\u00a0\u00bb][et_pb_post_title meta=\u00a0\u00bboff\u00a0\u00bb featured_image=\u00a0\u00bboff\u00a0\u00bb admin_label=\u00a0\u00bbTitulo de la p\u00e1gina\u00a0\u00bb _builder_version=\u00a0\u00bb4.16&Prime; title_font=\u00a0\u00bb|on|||\u00a0\u00bb title_font_size=\u00a0\u00bb30px\u00a0\u00bb title_all_caps=\u00a0\u00bboff\u00a0\u00bb background_color=\u00a0\u00bbrgba(255,255,255,0)\u00a0\u00bb parallax=\u00a0\u00bbon\u00a0\u00bb parallax_method=\u00a0\u00bboff\u00a0\u00bb custom_margin=\u00a0\u00bb||0px|\u00a0\u00bb parallax_effect=\u00a0\u00bbon\u00a0\u00bb module_bg_color=\u00a0\u00bbrgba(255,255,255,0)\u00a0\u00bb use_border_color=\u00a0\u00bboff\u00a0\u00bb border_color=\u00a0\u00bb#ffffff\u00a0\u00bb border_style=\u00a0\u00bbsolid\u00a0\u00bb saved_tabs=\u00a0\u00bball\u00a0\u00bb global_colors_info=\u00a0\u00bb{}\u00a0\u00bb][\/et_pb_post_title][et_pb_text _builder_version=\u00a0\u00bb4.20.4&Prime; background_size=\u00a0\u00bbinitial\u00a0\u00bb background_position=\u00a0\u00bbtop_left\u00a0\u00bb background_repeat=\u00a0\u00bbrepeat\u00a0\u00bb hover_enabled=\u00a0\u00bb0&Prime; border_style=\u00a0\u00bbsolid\u00a0\u00bb global_colors_info=\u00a0\u00bb{}\u00a0\u00bb sticky_enabled=\u00a0\u00bb0&Prime;]<h2>Essayez-la gratuitement<\/h2>\n<p>La version d\u2019\u00e9valuation de VisualARQ est <strong>enti\u00e8rement fonctionnelle pendant 90 jours<\/strong> apr\u00e8s l&rsquo;installation.<\/p>\n\n<p>Remplissez le formulaire pour demander un lien de t\u00e9l\u00e9chargement (pour <strong>Rhino 5<\/strong>, <strong>Rhino 6<\/strong> et <strong>Rhino 7<\/strong>).<\/p>\n\n\n\n<h3 class=\"mt-3\">Vous devez avoir Rhino\u00a0!<\/h3>\n\nVisualARQ fonctionne comme module dans Rhino. Mais la version actuelle de VisualARQ 2 n&rsquo;est pas prise en charge par Rhino 8. Si vous avez une licence Rhino 8, vous pouvez obtenir Rhino 7 \u00e0 partir de ce <a href=\"https:\/\/www.rhino3d.com\/access-rhino-7\/\">lien<\/a>.<\/p>\n<p>Si vous n&rsquo;avez pas de licence Rhino, contactez <a href=\"mailto:visualarq@asuni.com?subject=Request for Rhino 7 evaluation\">nous<\/a> pour demander une version d&rsquo;\u00e9valuation de Rhino 7.<\/p>\n\n\n<h3 class=\"mt-3\">Apr\u00e8s la version d&rsquo;essai de 90 jours&#8230;<\/h3>\n&#8230;VisualARQ fonctionne en &nbsp;<em>mode visionneuse<\/em>&nbsp;et certaines fonctions sont d\u00e9sactiv\u00e9es. (<a href=\"https:\/\/visualarqv2.instawp.xyz\/fr\/info\/license-modes\/#Viewer\">Plus d&rsquo;informations&#8230;<\/a>)\n\n<h3 class=\"mt-3\">Acheter VisualARQ<\/h3>\nCliquez <a href=\"https:\/\/visualarqv2.instawp.xyz\/fr\/sales\/\">ici<\/a> pour acheter une licence de VisualARQ.\n\n\n<h3 class=\"mt-3\">Plusieurs langues disponibles<\/h3>\nVisualARQ est disponible en fran\u00e7ais, anglais, espagnol, allemand, italien, chinois, cor\u00e9en, russe et japonais.[\/et_pb_text][\/et_pb_column][et_pb_column type=\u00a0\u00bb1_2&Prime; _builder_version=\u00a0\u00bb4.16&Prime; custom_padding=\u00a0\u00bb|||\u00a0\u00bb global_colors_info=\u00a0\u00bb{}\u00a0\u00bb custom_padding__hover=\u00a0\u00bb|||\u00a0\u00bb][et_pb_text admin_label=\u00a0\u00bbFormulario\u00a0\u00bb _builder_version=\u00a0\u00bb4.16&Prime; background_size=\u00a0\u00bbinitial\u00a0\u00bb background_position=\u00a0\u00bbtop_left\u00a0\u00bb background_repeat=\u00a0\u00bbrepeat\u00a0\u00bb use_border_color=\u00a0\u00bboff\u00a0\u00bb border_color=\u00a0\u00bb#ffffff\u00a0\u00bb border_style=\u00a0\u00bbsolid\u00a0\u00bb global_colors_info=\u00a0\u00bb{}\u00a0\u00bb]<div class=\"div-sobre-iframe\"><iframe loading=\"lazy\" onload=\"iFrameResize()\" src=\"https:\/\/fz2.asuni.com\/form\/?fz=13&lang=fr\" width=\"100%\" height=\"40px\" frameborder=\"0\">Form<\/iframe><\/div>[\/et_pb_text][et_pb_text _builder_version=\u00a0\u00bb4.16&Prime; background_size=\u00a0\u00bbinitial\u00a0\u00bb background_position=\u00a0\u00bbtop_left\u00a0\u00bb background_repeat=\u00a0\u00bbrepeat\u00a0\u00bb border_style=\u00a0\u00bbsolid\u00a0\u00bb global_colors_info=\u00a0\u00bb{}\u00a0\u00bb][\/et_pb_text][\/et_pb_column][\/et_pb_row][\/et_pb_section]","protected":false},"excerpt":{"rendered":"<p>Formulaire de t\u00e9l\u00e9chargement de la derni\u00e8re version d&rsquo;\u00e9valuation de VisualARQ.<\/p>\n","protected":false},"author":1,"featured_media":0,"parent":11160,"menu_order":1,"comment_status":"closed","ping_status":"closed","template":"","meta":{"_et_pb_use_builder":"on","_et_pb_old_content":"","_et_gb_content_width":"","_monsterinsights_skip_tracking":false,"_monsterinsights_sitenote_active":false,"_monsterinsights_sitenote_note":"","_monsterinsights_sitenote_category":0,"footnotes":""},"class_list":["post-11029","page","type-page","status-publish","hentry"],"yoast_head":"<!-- This site is optimized with the Yoast SEO plugin v23.3 - https:\/\/yoast.com\/wordpress\/plugins\/seo\/ -->\n<title>T\u00e9l\u00e9charger la version d&#039;\u00e9valuation - VisualARQ<\/title>\n<meta name=\"robots\" content=\"index, follow, max-snippet:-1, max-image-preview:large, max-video-preview:-1\" \/>\n<link rel=\"canonical\" href=\"https:\/\/visualarqv2.instawp.xyz\/fr\/download\/eval\/\" \/>\n<meta property=\"og:locale\" content=\"fr_FR\" \/>\n<meta property=\"og:type\" content=\"article\" \/>\n<meta property=\"og:title\" content=\"T\u00e9l\u00e9charger la version d&#039;\u00e9valuation - VisualARQ\" \/>\n<meta property=\"og:description\" content=\"Formulaire de t\u00e9l\u00e9chargement de la derni\u00e8re version d&#039;\u00e9valuation de VisualARQ.\" \/>\n<meta property=\"og:url\" content=\"https:\/\/visualarqv2.instawp.xyz\/fr\/download\/eval\/\" \/>\n<meta property=\"og:site_name\" content=\"VisualARQ\" \/>\n<meta property=\"article:publisher\" content=\"https:\/\/www.facebook.com\/visualarq\" \/>\n<meta property=\"article:modified_time\" content=\"2023-11-28T08:07:42+00:00\" \/>\n<meta name=\"twitter:card\" content=\"summary_large_image\" \/>\n<meta name=\"twitter:site\" content=\"@VisualARQ\" \/>\n<meta name=\"twitter:label1\" content=\"Dur\u00e9e de lecture estim\u00e9e\" \/>\n\t<meta name=\"twitter:data1\" content=\"2 minutes\" \/>\n<script type=\"application\/ld+json\" class=\"yoast-schema-graph\">{\"@context\":\"https:\/\/schema.org\",\"@graph\":[{\"@type\":\"WebPage\",\"@id\":\"https:\/\/visualarqv2.instawp.xyz\/fr\/download\/eval\/\",\"url\":\"https:\/\/visualarqv2.instawp.xyz\/fr\/download\/eval\/\",\"name\":\"T\u00e9l\u00e9charger la version d'\u00e9valuation - VisualARQ\",\"isPartOf\":{\"@id\":\"https:\/\/visualarqv2.instawp.xyz\/fr\/#website\"},\"datePublished\":\"2011-01-09T00:00:00+00:00\",\"dateModified\":\"2023-11-28T08:07:42+00:00\",\"breadcrumb\":{\"@id\":\"https:\/\/visualarqv2.instawp.xyz\/fr\/download\/eval\/#breadcrumb\"},\"inLanguage\":\"fr-FR\",\"potentialAction\":[{\"@type\":\"ReadAction\",\"target\":[\"https:\/\/visualarqv2.instawp.xyz\/fr\/download\/eval\/\"]}]},{\"@type\":\"BreadcrumbList\",\"@id\":\"https:\/\/visualarqv2.instawp.xyz\/fr\/download\/eval\/#breadcrumb\",\"itemListElement\":[{\"@type\":\"ListItem\",\"position\":1,\"name\":\"Home\",\"item\":\"https:\/\/visualarqv2.instawp.xyz\/fr\/home2\/\"},{\"@type\":\"ListItem\",\"position\":2,\"name\":\"T\u00e9l\u00e9charger\",\"item\":\"https:\/\/visualarqv2.instawp.xyz\/fr\/download\/\"},{\"@type\":\"ListItem\",\"position\":3,\"name\":\"T\u00e9l\u00e9charger la version d&#8217;\u00e9valuation\"}]},{\"@type\":\"WebSite\",\"@id\":\"https:\/\/visualarqv2.instawp.xyz\/fr\/#website\",\"url\":\"https:\/\/visualarqv2.instawp.xyz\/fr\/\",\"name\":\"VisualARQ\",\"description\":\"Flexible BIM for Rhino\",\"potentialAction\":[{\"@type\":\"SearchAction\",\"target\":{\"@type\":\"EntryPoint\",\"urlTemplate\":\"https:\/\/visualarqv2.instawp.xyz\/fr\/?s={search_term_string}\"},\"query-input\":\"required name=search_term_string\"}],\"inLanguage\":\"fr-FR\"}]}<\/script>\n<!-- \/ Yoast SEO plugin. -->","yoast_head_json":{"title":"T\u00e9l\u00e9charger la version d'\u00e9valuation - VisualARQ","robots":{"index":"index","follow":"follow","max-snippet":"max-snippet:-1","max-image-preview":"max-image-preview:large","max-video-preview":"max-video-preview:-1"},"canonical":"https:\/\/visualarqv2.instawp.xyz\/fr\/download\/eval\/","og_locale":"fr_FR","og_type":"article","og_title":"T\u00e9l\u00e9charger la version d'\u00e9valuation - VisualARQ","og_description":"Formulaire de t\u00e9l\u00e9chargement de la derni\u00e8re version d'\u00e9valuation de VisualARQ.","og_url":"https:\/\/visualarqv2.instawp.xyz\/fr\/download\/eval\/","og_site_name":"VisualARQ","article_publisher":"https:\/\/www.facebook.com\/visualarq","article_modified_time":"2023-11-28T08:07:42+00:00","twitter_card":"summary_large_image","twitter_site":"@VisualARQ","twitter_misc":{"Dur\u00e9e de lecture estim\u00e9e":"2 minutes"},"schema":{"@context":"https:\/\/schema.org","@graph":[{"@type":"WebPage","@id":"https:\/\/visualarqv2.instawp.xyz\/fr\/download\/eval\/","url":"https:\/\/visualarqv2.instawp.xyz\/fr\/download\/eval\/","name":"T\u00e9l\u00e9charger la version d'\u00e9valuation - VisualARQ","isPartOf":{"@id":"https:\/\/visualarqv2.instawp.xyz\/fr\/#website"},"datePublished":"2011-01-09T00:00:00+00:00","dateModified":"2023-11-28T08:07:42+00:00","breadcrumb":{"@id":"https:\/\/visualarqv2.instawp.xyz\/fr\/download\/eval\/#breadcrumb"},"inLanguage":"fr-FR","potentialAction":[{"@type":"ReadAction","target":["https:\/\/visualarqv2.instawp.xyz\/fr\/download\/eval\/"]}]},{"@type":"BreadcrumbList","@id":"https:\/\/visualarqv2.instawp.xyz\/fr\/download\/eval\/#breadcrumb","itemListElement":[{"@type":"ListItem","position":1,"name":"Home","item":"https:\/\/visualarqv2.instawp.xyz\/fr\/home2\/"},{"@type":"ListItem","position":2,"name":"T\u00e9l\u00e9charger","item":"https:\/\/visualarqv2.instawp.xyz\/fr\/download\/"},{"@type":"ListItem","position":3,"name":"T\u00e9l\u00e9charger la version d&#8217;\u00e9valuation"}]},{"@type":"WebSite","@id":"https:\/\/visualarqv2.instawp.xyz\/fr\/#website","url":"https:\/\/visualarqv2.instawp.xyz\/fr\/","name":"VisualARQ","description":"Flexible BIM for Rhino","potentialAction":[{"@type":"SearchAction","target":{"@type":"EntryPoint","urlTemplate":"https:\/\/visualarqv2.instawp.xyz\/fr\/?s={search_term_string}"},"query-input":"required name=search_term_string"}],"inLanguage":"fr-FR"}]}},"_links":{"self":[{"href":"https:\/\/visualarqv2.instawp.xyz\/fr\/wp-json\/wp\/v2\/pages\/11029"}],"collection":[{"href":"https:\/\/visualarqv2.instawp.xyz\/fr\/wp-json\/wp\/v2\/pages"}],"about":[{"href":"https:\/\/visualarqv2.instawp.xyz\/fr\/wp-json\/wp\/v2\/types\/page"}],"author":[{"embeddable":true,"href":"https:\/\/visualarqv2.instawp.xyz\/fr\/wp-json\/wp\/v2\/users\/1"}],"replies":[{"embeddable":true,"href":"https:\/\/visualarqv2.instawp.xyz\/fr\/wp-json\/wp\/v2\/comments?post=11029"}],"version-history":[{"count":6,"href":"https:\/\/visualarqv2.instawp.xyz\/fr\/wp-json\/wp\/v2\/pages\/11029\/revisions"}],"predecessor-version":[{"id":32668,"href":"https:\/\/visualarqv2.instawp.xyz\/fr\/wp-json\/wp\/v2\/pages\/11029\/revisions\/32668"}],"up":[{"embeddable":true,"href":"https:\/\/visualarqv2.instawp.xyz\/fr\/wp-json\/wp\/v2\/pages\/11160"}],"wp:attachment":[{"href":"https:\/\/visualarqv2.instawp.xyz\/fr\/wp-json\/wp\/v2\/media?parent=11029"}],"curies":[{"name":"wp","href":"https:\/\/api.w.org\/{rel}","templated":true}]}}