{"id":11031,"date":"2011-01-08T00:00:00","date_gmt":"2011-01-08T00:00:00","guid":{"rendered":"https:\/\/visualarqv2.asuni.cloud\/download\/update\/"},"modified":"2023-10-24T14:40:49","modified_gmt":"2023-10-24T14:40:49","slug":"update","status":"publish","type":"page","link":"https:\/\/visualarqv2.instawp.xyz\/fr\/download\/update\/","title":{"rendered":"Actualiser"},"content":{"rendered":"\n[et_pb_section fb_built=\u00a0\u00bb1&Prime; admin_label=\u00a0\u00bbsection\u00a0\u00bb _builder_version=\u00a0\u00bb4.16&Prime; global_colors_info=\u00a0\u00bb{}\u00a0\u00bb][et_pb_row column_structure=\u00a0\u00bb1_2,1_2&Prime; padding_mobile=\u00a0\u00bboff\u00a0\u00bb column_padding_mobile=\u00a0\u00bbon\u00a0\u00bb admin_label=\u00a0\u00bbrow\u00a0\u00bb _builder_version=\u00a0\u00bb4.16&Prime; background_size=\u00a0\u00bbinitial\u00a0\u00bb background_position=\u00a0\u00bbtop_left\u00a0\u00bb background_repeat=\u00a0\u00bbrepeat\u00a0\u00bb custom_padding=\u00a0\u00bb||0px|\u00a0\u00bb make_fullwidth=\u00a0\u00bboff\u00a0\u00bb use_custom_width=\u00a0\u00bboff\u00a0\u00bb width_unit=\u00a0\u00bbon\u00a0\u00bb global_colors_info=\u00a0\u00bb{}\u00a0\u00bb][et_pb_column type=\u00a0\u00bb1_2&Prime; _builder_version=\u00a0\u00bb4.16&Prime; custom_padding=\u00a0\u00bb|||\u00a0\u00bb global_colors_info=\u00a0\u00bb{}\u00a0\u00bb custom_padding__hover=\u00a0\u00bb|||\u00a0\u00bb][et_pb_text admin_label=\u00a0\u00bbT\u00edtulo (con variable)\u00a0\u00bb _builder_version=\u00a0\u00bb4.16&Prime; background_size=\u00a0\u00bbinitial\u00a0\u00bb background_position=\u00a0\u00bbtop_left\u00a0\u00bb background_repeat=\u00a0\u00bbrepeat\u00a0\u00bb custom_margin=\u00a0\u00bb||0px|\u00a0\u00bb border_style=\u00a0\u00bbsolid\u00a0\u00bb global_colors_info=\u00a0\u00bb{}\u00a0\u00bb]<h1>T\u00e9l\u00e9charger la mise \u00e0 jour 2.13.2<\/h1>[\/et_pb_text][et_pb_text _builder_version=\u00a0\u00bb4.16&Prime; background_size=\u00a0\u00bbinitial\u00a0\u00bb background_position=\u00a0\u00bbtop_left\u00a0\u00bb background_repeat=\u00a0\u00bbrepeat\u00a0\u00bb border_style=\u00a0\u00bbsolid\u00a0\u00bb global_colors_info=\u00a0\u00bb{}\u00a0\u00bb]<p>Veuillez remplir le formulaire pour t\u00e9l\u00e9charger VisualARQ 2.13.2  (pour Rhino 5, Rhino 6 et Rhino 7).<\/p>\n<p> <a href=\"https:\/\/visualarqv2.instawp.xyz\/fr\/info\/whats-new\/\">Voir les nouveaut\u00e9s<\/a>.<\/p>\n<p><strong>Cette version r\u00e9vis\u00e9e est gratuite pour tous les utilisateurs de VisualARQ<\/strong>. (Contactez <a href=\"mailto:visualarq@asuni.com\">visualarq@asuni.com<\/a> si vous poss\u00e9dez une licence de VisualARQ 1 et souhaitez obtenir la licence de VisualARQ 2 correspondante.)<\/p>[\/et_pb_text][et_pb_text admin_label=\u00a0\u00bbMake a wish\u00a0\u00bb _builder_version=\u00a0\u00bb4.16&Prime; background_size=\u00a0\u00bbinitial\u00a0\u00bb background_position=\u00a0\u00bbtop_left\u00a0\u00bb background_repeat=\u00a0\u00bbrepeat\u00a0\u00bb custom_margin=\u00a0\u00bb||0px|\u00a0\u00bb border_style=\u00a0\u00bbsolid\u00a0\u00bb global_colors_info=\u00a0\u00bb{}\u00a0\u00bb]<h2>Faire un v\u0153ux de fonction !<\/h2>[\/et_pb_text][et_pb_text _builder_version=\u00a0\u00bb4.16&Prime; background_size=\u00a0\u00bbinitial\u00a0\u00bb background_position=\u00a0\u00bbtop_left\u00a0\u00bb background_repeat=\u00a0\u00bbrepeat\u00a0\u00bb border_style=\u00a0\u00bbsolid\u00a0\u00bb global_colors_info=\u00a0\u00bb{}\u00a0\u00bb]Dites-nous ce que vous aimeriez am\u00e9liorer dans VisualARQ. Comment vous l&rsquo;utilisez et comment nous pourrions l&rsquo;am\u00e9liorer pour vous. Cela ne prendra qu&rsquo;une minute ![\/et_pb_text][et_pb_button button_url=\u00a0\u00bbhttps:\/\/fz2.asuni.com\/form\/?fz=66&Prime; button_text=\u00a0\u00bbParticiper \u00e0 l&#039;enqu\u00eate\u00a0\u00bb _builder_version=\u00a0\u00bb4.16&Prime; _module_preset=\u00a0\u00bbdefault\u00a0\u00bb global_colors_info=\u00a0\u00bb{}\u00a0\u00bb][\/et_pb_button][\/et_pb_column][et_pb_column type=\u00a0\u00bb1_2&Prime; _builder_version=\u00a0\u00bb4.16&Prime; custom_padding=\u00a0\u00bb|||\u00a0\u00bb global_colors_info=\u00a0\u00bb{}\u00a0\u00bb custom_padding__hover=\u00a0\u00bb|||\u00a0\u00bb][et_pb_text admin_label=\u00a0\u00bbFormulario\u00a0\u00bb _builder_version=\u00a0\u00bb4.16&Prime; background_size=\u00a0\u00bbinitial\u00a0\u00bb background_position=\u00a0\u00bbtop_left\u00a0\u00bb background_repeat=\u00a0\u00bbrepeat\u00a0\u00bb border_style=\u00a0\u00bbsolid\u00a0\u00bb global_colors_info=\u00a0\u00bb{}\u00a0\u00bb]<div class=\"div-sobre-iframe\"><iframe loading=\"lazy\" onload=\"iFrameResize()\" src=\"https:\/\/fz2.asuni.com\/form\/?fz=53&lang=fr\" width=\"100%\" height=\"40px\" frameborder=\"0\">Form<\/iframe><\/div>\r[\/et_pb_text][\/et_pb_column][\/et_pb_row][\/et_pb_section]\n","protected":false},"excerpt":{"rendered":"<p>T\u00e9l\u00e9charger la mise \u00e0 jour de VisualARQ.<\/p>\n","protected":false},"author":1,"featured_media":0,"parent":11160,"menu_order":2,"comment_status":"closed","ping_status":"closed","template":"","meta":{"_et_pb_use_builder":"on","_et_pb_old_content":"<h1>Download Update 1.9.5<\/h1><p>Please, fill out the form to download VisualARQ 1.9.5 (<a href=\"\/?page_id=1392\">see what's new<\/a>). You need a valid VisualARQ license key.<\/p><p>This is a <strong>free<\/strong> service release for VisualARQ 1.X users.<\/p><p>Check your email, including your SPAM folder. Include the address \"<a href=\"mailto:visualarq@asuni.com\">visualarq@asuni.com<\/a>\" in your allowed list to receive messages from VisualARQ.<\/p>","_et_gb_content_width":"","_monsterinsights_skip_tracking":false,"_monsterinsights_sitenote_active":false,"_monsterinsights_sitenote_note":"","_monsterinsights_sitenote_category":0,"footnotes":""},"class_list":["post-11031","page","type-page","status-publish","hentry"],"yoast_head":"<!-- This site is optimized with the Yoast SEO plugin v23.3 - https:\/\/yoast.com\/wordpress\/plugins\/seo\/ -->\n<title>Actualiser - VisualARQ<\/title>\n<meta name=\"robots\" content=\"index, follow, max-snippet:-1, max-image-preview:large, max-video-preview:-1\" \/>\n<link rel=\"canonical\" href=\"https:\/\/visualarqv2.instawp.xyz\/fr\/download\/update\/\" \/>\n<meta property=\"og:locale\" content=\"fr_FR\" \/>\n<meta property=\"og:type\" content=\"article\" \/>\n<meta property=\"og:title\" content=\"Actualiser - VisualARQ\" \/>\n<meta property=\"og:description\" content=\"T\u00e9l\u00e9charger la mise \u00e0 jour de VisualARQ.\" \/>\n<meta property=\"og:url\" content=\"https:\/\/visualarqv2.instawp.xyz\/fr\/download\/update\/\" \/>\n<meta property=\"og:site_name\" content=\"VisualARQ\" \/>\n<meta property=\"article:publisher\" content=\"https:\/\/www.facebook.com\/visualarq\" \/>\n<meta property=\"article:modified_time\" content=\"2023-10-24T14:40:49+00:00\" \/>\n<meta name=\"twitter:card\" content=\"summary_large_image\" \/>\n<meta name=\"twitter:site\" content=\"@VisualARQ\" \/>\n<meta name=\"twitter:label1\" content=\"Dur\u00e9e de lecture estim\u00e9e\" \/>\n\t<meta name=\"twitter:data1\" content=\"2 minutes\" \/>\n<script type=\"application\/ld+json\" class=\"yoast-schema-graph\">{\"@context\":\"https:\/\/schema.org\",\"@graph\":[{\"@type\":\"WebPage\",\"@id\":\"https:\/\/visualarqv2.instawp.xyz\/fr\/download\/update\/\",\"url\":\"https:\/\/visualarqv2.instawp.xyz\/fr\/download\/update\/\",\"name\":\"Actualiser - VisualARQ\",\"isPartOf\":{\"@id\":\"https:\/\/visualarqv2.instawp.xyz\/fr\/#website\"},\"datePublished\":\"2011-01-08T00:00:00+00:00\",\"dateModified\":\"2023-10-24T14:40:49+00:00\",\"breadcrumb\":{\"@id\":\"https:\/\/visualarqv2.instawp.xyz\/fr\/download\/update\/#breadcrumb\"},\"inLanguage\":\"fr-FR\",\"potentialAction\":[{\"@type\":\"ReadAction\",\"target\":[\"https:\/\/visualarqv2.instawp.xyz\/fr\/download\/update\/\"]}]},{\"@type\":\"BreadcrumbList\",\"@id\":\"https:\/\/visualarqv2.instawp.xyz\/fr\/download\/update\/#breadcrumb\",\"itemListElement\":[{\"@type\":\"ListItem\",\"position\":1,\"name\":\"Home\",\"item\":\"https:\/\/visualarqv2.instawp.xyz\/fr\/home2\/\"},{\"@type\":\"ListItem\",\"position\":2,\"name\":\"T\u00e9l\u00e9charger\",\"item\":\"https:\/\/visualarqv2.instawp.xyz\/fr\/download\/\"},{\"@type\":\"ListItem\",\"position\":3,\"name\":\"Actualiser\"}]},{\"@type\":\"WebSite\",\"@id\":\"https:\/\/visualarqv2.instawp.xyz\/fr\/#website\",\"url\":\"https:\/\/visualarqv2.instawp.xyz\/fr\/\",\"name\":\"VisualARQ\",\"description\":\"Flexible BIM for Rhino\",\"potentialAction\":[{\"@type\":\"SearchAction\",\"target\":{\"@type\":\"EntryPoint\",\"urlTemplate\":\"https:\/\/visualarqv2.instawp.xyz\/fr\/?s={search_term_string}\"},\"query-input\":\"required name=search_term_string\"}],\"inLanguage\":\"fr-FR\"}]}<\/script>\n<!-- \/ Yoast SEO plugin. -->","yoast_head_json":{"title":"Actualiser - VisualARQ","robots":{"index":"index","follow":"follow","max-snippet":"max-snippet:-1","max-image-preview":"max-image-preview:large","max-video-preview":"max-video-preview:-1"},"canonical":"https:\/\/visualarqv2.instawp.xyz\/fr\/download\/update\/","og_locale":"fr_FR","og_type":"article","og_title":"Actualiser - VisualARQ","og_description":"T\u00e9l\u00e9charger la mise \u00e0 jour de VisualARQ.","og_url":"https:\/\/visualarqv2.instawp.xyz\/fr\/download\/update\/","og_site_name":"VisualARQ","article_publisher":"https:\/\/www.facebook.com\/visualarq","article_modified_time":"2023-10-24T14:40:49+00:00","twitter_card":"summary_large_image","twitter_site":"@VisualARQ","twitter_misc":{"Dur\u00e9e de lecture estim\u00e9e":"2 minutes"},"schema":{"@context":"https:\/\/schema.org","@graph":[{"@type":"WebPage","@id":"https:\/\/visualarqv2.instawp.xyz\/fr\/download\/update\/","url":"https:\/\/visualarqv2.instawp.xyz\/fr\/download\/update\/","name":"Actualiser - VisualARQ","isPartOf":{"@id":"https:\/\/visualarqv2.instawp.xyz\/fr\/#website"},"datePublished":"2011-01-08T00:00:00+00:00","dateModified":"2023-10-24T14:40:49+00:00","breadcrumb":{"@id":"https:\/\/visualarqv2.instawp.xyz\/fr\/download\/update\/#breadcrumb"},"inLanguage":"fr-FR","potentialAction":[{"@type":"ReadAction","target":["https:\/\/visualarqv2.instawp.xyz\/fr\/download\/update\/"]}]},{"@type":"BreadcrumbList","@id":"https:\/\/visualarqv2.instawp.xyz\/fr\/download\/update\/#breadcrumb","itemListElement":[{"@type":"ListItem","position":1,"name":"Home","item":"https:\/\/visualarqv2.instawp.xyz\/fr\/home2\/"},{"@type":"ListItem","position":2,"name":"T\u00e9l\u00e9charger","item":"https:\/\/visualarqv2.instawp.xyz\/fr\/download\/"},{"@type":"ListItem","position":3,"name":"Actualiser"}]},{"@type":"WebSite","@id":"https:\/\/visualarqv2.instawp.xyz\/fr\/#website","url":"https:\/\/visualarqv2.instawp.xyz\/fr\/","name":"VisualARQ","description":"Flexible BIM for Rhino","potentialAction":[{"@type":"SearchAction","target":{"@type":"EntryPoint","urlTemplate":"https:\/\/visualarqv2.instawp.xyz\/fr\/?s={search_term_string}"},"query-input":"required name=search_term_string"}],"inLanguage":"fr-FR"}]}},"_links":{"self":[{"href":"https:\/\/visualarqv2.instawp.xyz\/fr\/wp-json\/wp\/v2\/pages\/11031"}],"collection":[{"href":"https:\/\/visualarqv2.instawp.xyz\/fr\/wp-json\/wp\/v2\/pages"}],"about":[{"href":"https:\/\/visualarqv2.instawp.xyz\/fr\/wp-json\/wp\/v2\/types\/page"}],"author":[{"embeddable":true,"href":"https:\/\/visualarqv2.instawp.xyz\/fr\/wp-json\/wp\/v2\/users\/1"}],"replies":[{"embeddable":true,"href":"https:\/\/visualarqv2.instawp.xyz\/fr\/wp-json\/wp\/v2\/comments?post=11031"}],"version-history":[{"count":27,"href":"https:\/\/visualarqv2.instawp.xyz\/fr\/wp-json\/wp\/v2\/pages\/11031\/revisions"}],"predecessor-version":[{"id":32316,"href":"https:\/\/visualarqv2.instawp.xyz\/fr\/wp-json\/wp\/v2\/pages\/11031\/revisions\/32316"}],"up":[{"embeddable":true,"href":"https:\/\/visualarqv2.instawp.xyz\/fr\/wp-json\/wp\/v2\/pages\/11160"}],"wp:attachment":[{"href":"https:\/\/visualarqv2.instawp.xyz\/fr\/wp-json\/wp\/v2\/media?parent=11031"}],"curies":[{"name":"wp","href":"https:\/\/api.w.org\/{rel}","templated":true}]}}