{"id":11066,"date":"2011-01-21T00:00:00","date_gmt":"2011-01-21T00:00:00","guid":{"rendered":"https:\/\/visualarqv2.asuni.cloud\/legal\/privacy-policy\/"},"modified":"2020-10-19T13:18:34","modified_gmt":"2020-10-19T13:18:34","slug":"privacy-policy","status":"publish","type":"page","link":"https:\/\/visualarqv2.instawp.xyz\/fr\/legal\/privacy-policy\/","title":{"rendered":"Politique de confidentialit\u00e9"},"content":{"rendered":"<h1>Politique de confidentialit\u00e9<\/h1>\r\n<em>Actualisation : 23 mais 2018<\/em>Cette politique de confidentialit\u00e9 est applicable \u00e0 tous les sites Internet de Asuni Soft ainsi que tous les services et options en ligne fournis par Asuni Soft incluant un lien vers cette politique de confidentialit\u00e9. <h4>1. Informations que nous recueillons<\/h4>Informations personnelles Lorsque vous t\u00e9l\u00e9chargez, nous recueillons quelques renseignements personnels vous concernant pouvant \u00eatre utilis\u00e9s pour vous identifier, par exemple toute information que nous estimons n\u00e9cessaire \u00e0 la prestation de notre service ou que vous nous fournissez volontairement. Les informations que nous recueillons aupr\u00e8s de vous, dans la mesure o\u00f9 elles sont priv\u00e9es, ne sont divulgu\u00e9es qu&apos;en conformit\u00e9 avec nos conditions d&apos;utilisation et\/ou la pr\u00e9sente politique de confidentialit\u00e9.Informations anonymes &#8211; Dans le cadre de vos visites sur notre site Web, nous pourrons recueillir certains renseignements non signal\u00e9tiques, en lien par exemple avec votre adresse IP, votre adresse URL de renvoi, votre navigateur Internet, votre syst\u00e8me d\u2019exploitation, certains renseignements relatifs aux cookies et votre fournisseur de services Internet. Sans citation \u00e0 compara\u00eetre, observation volontaire de la part de votre fournisseur de services Internet ou autres enregistrements effectu\u00e9s par des tiers, ces renseignements ne peuvent habituellement \u00e0 eux seuls permettre d\u2019\u00e9tablir votre identit\u00e9.<h4>2. Comment utilisons-nous vos informations ?<\/h4><ul> <li>Nous les gardons confidentielles.<\/li> <li>Nous am\u00e9liorons ce site internet afin qu&apos;il r\u00e9ponde mieux \u00e0 vos besoins.<\/li> <li>Nous am\u00e9liorons nos produits afin qu&apos;ils r\u00e9pondent mieux \u00e0 vos besoins.<\/li> <li>Nous \u00e9tablissons une liste de souscription \u00e0 la lettre d&apos;information afin que nous puissions informer les souscripteurs sur les mises \u00e0 jours de nos produits (et des produits li\u00e9s), sur l&apos;assistance, la formation et les \u00e9v\u00e9nements.<\/li><\/ul><h4>3. Qu&apos;est-ce que nous ne faisons PAS avec vos informations ?<\/h4><ul> <li>Vendre ou fournir vos informations \u00e0 des entit\u00e9s \u00e9trang\u00e8res \u00e0 notre organisation.<\/li> <li>Fournir vos informations \u00e0 nos revendeurs ou distributeurs<\/li><\/ul><h4>4. Acc\u00e8s aux informations<\/h4>Vous avez le droit de consulter les informations que nous poss\u00e9dons sur vous. Pour ce faire, contactez-nous \u00e0 l&apos;adresse contact@asuni.com. En moins d&apos;un mois, nous vous fournirons une copie des donn\u00e9es que nous avons trait\u00e9es vous concernant. Afin de pouvoir r\u00e9pondre \u00e0 votre demande, nous pourrons \u00eatre amen\u00e9s \u00e0 v\u00e9rifier votre identit\u00e9. Nous r\u00e9pondrons \u00e0 votre demande en vous envoyant une r\u00e9ponse par voie \u00e9lectronique. Pour toute demande de consultation post\u00e9rieure, nous pourrons vous demander le paiement d&apos;une participation aux frais de dossier. <h4>5. Correction et suppression des informations<\/h4>Vous pouvez \u00e9galement demander \u00e0 ce que les informations personnelles que nous conservons sur vous soient rectifi\u00e9es ou effac\u00e9es. Vous avez aussi le droit \u00e0 la portabilit\u00e9 des donn\u00e9es ainsi qu&apos;\u00e0 limiter ou vous opposer au traitement des donn\u00e9es personnelles que nous avons recueillies sur vous \u00e0 travers les services. De plus, vous avez le droit de nous demander de ne pas traiter vos donn\u00e9es personnelles (ou de ne pas les transmettre \u00e0 des tiers pour leur traitement) \u00e0 des fins de marketing ou toute autre fin diff\u00e9rente de celle pour laquelle elles ont \u00e9t\u00e9 recueillies ou de celle approuv\u00e9e par vous ult\u00e9rieurement. Vous pouvez retirer \u00e0 tout moment votre consentement pour le traitement des donn\u00e9es que nous r\u00e9alisons conform\u00e9ment au consentement que vous nous avez donn\u00e9. Afin d&apos;exercer un de ces droits, merci d&apos;utiliser les informations de contact de la section 7 ci-dessous et d&apos;indiquer le droit que vous souhaitez exercer. Nous r\u00e9pondrons \u00e0 voter demande dans les 30 jours. Nous pourrions vous demander plus d&apos;informations afin de confirmer votre identit\u00e9. Veuillez noter que nous stockons les informations n\u00e9cessaires \u00e0 la r\u00e9alisation des finalit\u00e9s pour lesquelles elles ont \u00e9t\u00e9 collect\u00e9es et que nous pouvons continuer \u00e0 les conserver et \u00e0 les utiliser m\u00eame apr\u00e8s une demande de la personne concern\u00e9e aux fins de nos int\u00e9r\u00eats l\u00e9gitimes, y compris au besoin pour se conformer \u00e0 nos obligations l\u00e9gales, r\u00e9soudre les diff\u00e9rends, pr\u00e9venir la fraude et faire respecter nos accords.<h4>6. Mesures de s\u00e9curit\u00e9<\/h4>Nous prenons diverses mesures pour accro\u00eetre la s\u00e9curit\u00e9 de notre site et des services, \u00e9tant donn\u00e9 que ceci est dans notre int\u00e9r\u00eat. Nous ne faisons toutefois aucune d\u00e9claration quant \u00e0 la s\u00e9curit\u00e9 ou \u00e0 la confidentialit\u00e9 de vos renseignements personnels. Il est dans notre int\u00e9r\u00eat de veiller \u00e0 ce que notre site Web soit s\u00e9curitaire; nous vous recommandons tout de m\u00eame d\u2019utiliser un logiciel antivirus et un coupe-feu, et de voir \u00e0 prendre toutes les pr\u00e9cautions n\u00e9cessaires \u00e0 votre protection contre les menaces \u00e0 votre s\u00e9curit\u00e9.<h4>7. Contact pour informations suppl\u00e9mentaires, r\u00e9tractation, acc\u00e8s aux donn\u00e9es et correction<\/h4>Pour toute question ou r\u00e9clamation sur cette politique de confidentialit\u00e9, pour exercer vos droits de r\u00e9tractation, acc\u00e9der aux donn\u00e9es vous concernant ou corriger ces donn\u00e9es, merci de nous contacter : Par e-mail : contact@asuni.com Par courrier :Data Protection OfficerAsuni Soft S.L.Roger de Flor, 32-34, bajos08018 Barcelona (Espagne)<h4>8. Modifications<\/h4>Nous pouvons modifier la pr\u00e9sente Politique de confidentialit\u00e9 \u00e0 tout moment. Si nous modifions cette Politique de confidentialit\u00e9, nous mettrons \u00e0 jour cette page conform\u00e9ment. Vous devez lire cette page chaque fois que vous utilisez notre service et le fait de continuer \u00e0 utiliser notre service vaut acceptation de toute modification. ","protected":false},"excerpt":{"rendered":"<p>Politique de confidentialit\u00e9 Actualisation : 23 mais 2018Cette politique de confidentialit\u00e9 est applicable \u00e0 tous les sites Internet de Asuni Soft ainsi que tous les services et options en ligne fournis par Asuni Soft incluant un lien vers cette politique de confidentialit\u00e9. 1. Informations que nous recueillonsInformations personnelles Lorsque vous t\u00e9l\u00e9chargez, nous recueillons quelques renseignements [&hellip;]<\/p>\n","protected":false},"author":1,"featured_media":0,"parent":11064,"menu_order":110,"comment_status":"closed","ping_status":"closed","template":"","meta":{"_et_pb_use_builder":"off","_et_pb_old_content":"","_et_gb_content_width":"","_monsterinsights_skip_tracking":false,"_monsterinsights_sitenote_active":false,"_monsterinsights_sitenote_note":"","_monsterinsights_sitenote_category":0,"footnotes":""},"class_list":["post-11066","page","type-page","status-publish","hentry"],"yoast_head":"<!-- This site is optimized with the Yoast SEO plugin v23.3 - https:\/\/yoast.com\/wordpress\/plugins\/seo\/ -->\n<title>Politique de confidentialit\u00e9 - VisualARQ<\/title>\n<meta name=\"robots\" content=\"index, follow, max-snippet:-1, max-image-preview:large, max-video-preview:-1\" \/>\n<link rel=\"canonical\" href=\"https:\/\/visualarqv2.instawp.xyz\/fr\/legal\/privacy-policy\/\" \/>\n<meta property=\"og:locale\" content=\"fr_FR\" \/>\n<meta property=\"og:type\" content=\"article\" \/>\n<meta property=\"og:title\" content=\"Politique de confidentialit\u00e9 - VisualARQ\" \/>\n<meta property=\"og:description\" content=\"Politique de confidentialit\u00e9 Actualisation : 23 mais 2018Cette politique de confidentialit\u00e9 est applicable \u00e0 tous les sites Internet de Asuni Soft ainsi que tous les services et options en ligne fournis par Asuni Soft incluant un lien vers cette politique de confidentialit\u00e9. 1. Informations que nous recueillonsInformations personnelles Lorsque vous t\u00e9l\u00e9chargez, nous recueillons quelques renseignements [&hellip;]\" \/>\n<meta property=\"og:url\" content=\"https:\/\/visualarqv2.instawp.xyz\/fr\/legal\/privacy-policy\/\" \/>\n<meta property=\"og:site_name\" content=\"VisualARQ\" \/>\n<meta property=\"article:publisher\" content=\"https:\/\/www.facebook.com\/visualarq\" \/>\n<meta property=\"article:modified_time\" content=\"2020-10-19T13:18:34+00:00\" \/>\n<meta name=\"twitter:card\" content=\"summary_large_image\" \/>\n<meta name=\"twitter:site\" content=\"@VisualARQ\" \/>\n<meta name=\"twitter:label1\" content=\"Dur\u00e9e de lecture estim\u00e9e\" \/>\n\t<meta name=\"twitter:data1\" content=\"4 minutes\" \/>\n<script type=\"application\/ld+json\" class=\"yoast-schema-graph\">{\"@context\":\"https:\/\/schema.org\",\"@graph\":[{\"@type\":\"WebPage\",\"@id\":\"https:\/\/visualarqv2.instawp.xyz\/fr\/legal\/privacy-policy\/\",\"url\":\"https:\/\/visualarqv2.instawp.xyz\/fr\/legal\/privacy-policy\/\",\"name\":\"Politique de confidentialit\u00e9 - VisualARQ\",\"isPartOf\":{\"@id\":\"https:\/\/visualarqv2.instawp.xyz\/fr\/#website\"},\"datePublished\":\"2011-01-21T00:00:00+00:00\",\"dateModified\":\"2020-10-19T13:18:34+00:00\",\"breadcrumb\":{\"@id\":\"https:\/\/visualarqv2.instawp.xyz\/fr\/legal\/privacy-policy\/#breadcrumb\"},\"inLanguage\":\"fr-FR\",\"potentialAction\":[{\"@type\":\"ReadAction\",\"target\":[\"https:\/\/visualarqv2.instawp.xyz\/fr\/legal\/privacy-policy\/\"]}]},{\"@type\":\"BreadcrumbList\",\"@id\":\"https:\/\/visualarqv2.instawp.xyz\/fr\/legal\/privacy-policy\/#breadcrumb\",\"itemListElement\":[{\"@type\":\"ListItem\",\"position\":1,\"name\":\"Home\",\"item\":\"https:\/\/visualarqv2.instawp.xyz\/fr\/home2\/\"},{\"@type\":\"ListItem\",\"position\":2,\"name\":\"L\u00e9gal\",\"item\":\"https:\/\/visualarqv2.instawp.xyz\/fr\/legal\/\"},{\"@type\":\"ListItem\",\"position\":3,\"name\":\"Politique de confidentialit\u00e9\"}]},{\"@type\":\"WebSite\",\"@id\":\"https:\/\/visualarqv2.instawp.xyz\/fr\/#website\",\"url\":\"https:\/\/visualarqv2.instawp.xyz\/fr\/\",\"name\":\"VisualARQ\",\"description\":\"Flexible BIM for Rhino\",\"potentialAction\":[{\"@type\":\"SearchAction\",\"target\":{\"@type\":\"EntryPoint\",\"urlTemplate\":\"https:\/\/visualarqv2.instawp.xyz\/fr\/?s={search_term_string}\"},\"query-input\":\"required name=search_term_string\"}],\"inLanguage\":\"fr-FR\"}]}<\/script>\n<!-- \/ Yoast SEO plugin. -->","yoast_head_json":{"title":"Politique de confidentialit\u00e9 - VisualARQ","robots":{"index":"index","follow":"follow","max-snippet":"max-snippet:-1","max-image-preview":"max-image-preview:large","max-video-preview":"max-video-preview:-1"},"canonical":"https:\/\/visualarqv2.instawp.xyz\/fr\/legal\/privacy-policy\/","og_locale":"fr_FR","og_type":"article","og_title":"Politique de confidentialit\u00e9 - VisualARQ","og_description":"Politique de confidentialit\u00e9 Actualisation : 23 mais 2018Cette politique de confidentialit\u00e9 est applicable \u00e0 tous les sites Internet de Asuni Soft ainsi que tous les services et options en ligne fournis par Asuni Soft incluant un lien vers cette politique de confidentialit\u00e9. 1. Informations que nous recueillonsInformations personnelles Lorsque vous t\u00e9l\u00e9chargez, nous recueillons quelques renseignements [&hellip;]","og_url":"https:\/\/visualarqv2.instawp.xyz\/fr\/legal\/privacy-policy\/","og_site_name":"VisualARQ","article_publisher":"https:\/\/www.facebook.com\/visualarq","article_modified_time":"2020-10-19T13:18:34+00:00","twitter_card":"summary_large_image","twitter_site":"@VisualARQ","twitter_misc":{"Dur\u00e9e de lecture estim\u00e9e":"4 minutes"},"schema":{"@context":"https:\/\/schema.org","@graph":[{"@type":"WebPage","@id":"https:\/\/visualarqv2.instawp.xyz\/fr\/legal\/privacy-policy\/","url":"https:\/\/visualarqv2.instawp.xyz\/fr\/legal\/privacy-policy\/","name":"Politique de confidentialit\u00e9 - VisualARQ","isPartOf":{"@id":"https:\/\/visualarqv2.instawp.xyz\/fr\/#website"},"datePublished":"2011-01-21T00:00:00+00:00","dateModified":"2020-10-19T13:18:34+00:00","breadcrumb":{"@id":"https:\/\/visualarqv2.instawp.xyz\/fr\/legal\/privacy-policy\/#breadcrumb"},"inLanguage":"fr-FR","potentialAction":[{"@type":"ReadAction","target":["https:\/\/visualarqv2.instawp.xyz\/fr\/legal\/privacy-policy\/"]}]},{"@type":"BreadcrumbList","@id":"https:\/\/visualarqv2.instawp.xyz\/fr\/legal\/privacy-policy\/#breadcrumb","itemListElement":[{"@type":"ListItem","position":1,"name":"Home","item":"https:\/\/visualarqv2.instawp.xyz\/fr\/home2\/"},{"@type":"ListItem","position":2,"name":"L\u00e9gal","item":"https:\/\/visualarqv2.instawp.xyz\/fr\/legal\/"},{"@type":"ListItem","position":3,"name":"Politique de confidentialit\u00e9"}]},{"@type":"WebSite","@id":"https:\/\/visualarqv2.instawp.xyz\/fr\/#website","url":"https:\/\/visualarqv2.instawp.xyz\/fr\/","name":"VisualARQ","description":"Flexible BIM for Rhino","potentialAction":[{"@type":"SearchAction","target":{"@type":"EntryPoint","urlTemplate":"https:\/\/visualarqv2.instawp.xyz\/fr\/?s={search_term_string}"},"query-input":"required name=search_term_string"}],"inLanguage":"fr-FR"}]}},"_links":{"self":[{"href":"https:\/\/visualarqv2.instawp.xyz\/fr\/wp-json\/wp\/v2\/pages\/11066"}],"collection":[{"href":"https:\/\/visualarqv2.instawp.xyz\/fr\/wp-json\/wp\/v2\/pages"}],"about":[{"href":"https:\/\/visualarqv2.instawp.xyz\/fr\/wp-json\/wp\/v2\/types\/page"}],"author":[{"embeddable":true,"href":"https:\/\/visualarqv2.instawp.xyz\/fr\/wp-json\/wp\/v2\/users\/1"}],"replies":[{"embeddable":true,"href":"https:\/\/visualarqv2.instawp.xyz\/fr\/wp-json\/wp\/v2\/comments?post=11066"}],"version-history":[{"count":0,"href":"https:\/\/visualarqv2.instawp.xyz\/fr\/wp-json\/wp\/v2\/pages\/11066\/revisions"}],"up":[{"embeddable":true,"href":"https:\/\/visualarqv2.instawp.xyz\/fr\/wp-json\/wp\/v2\/pages\/11064"}],"wp:attachment":[{"href":"https:\/\/visualarqv2.instawp.xyz\/fr\/wp-json\/wp\/v2\/media?parent=11066"}],"curies":[{"name":"wp","href":"https:\/\/api.w.org\/{rel}","templated":true}]}}