{"id":11076,"date":"2011-01-13T00:00:00","date_gmt":"2011-01-13T00:00:00","guid":{"rendered":"https:\/\/visualarqv2.asuni.cloud\/info\/what-is-rhino\/"},"modified":"2022-06-07T15:05:43","modified_gmt":"2022-06-07T15:05:43","slug":"what-is-rhino","status":"publish","type":"page","link":"https:\/\/visualarqv2.instawp.xyz\/fr\/info\/what-is-rhino\/","title":{"rendered":"Qu&rsquo;est-ce que Rhino ?"},"content":{"rendered":"\n<h1 class=\"wp-block-heading\"><strong>Qu&rsquo;est-ce que Rhino ?<\/strong><\/h1>\n\n<div style=\"height:50px\" aria-hidden=\"true\" class=\"wp-block-spacer\"><\/div>\n\n<h3 class=\"wp-block-heading\">Rhinoceros \u2013 Outils de mod\u00e9lisation pour les dessinateurs et architectes<\/h3>\n\n<p>Depuis sa premi\u00e8reversion en 1998, Rhinoceros\u00ae, ou Rhino\u00ae, est devenu un des outils incontournables de la mod\u00e9lisation 3D pour les <strong>dessinateurs<\/strong> et les <strong>architectes<\/strong>.<\/p>\n\n<p>Rhino peut cr\u00e9er, modifier, analyser, documenter, rendre, animer et traduire des courbes, des surfaces et des solides <strong>NURBS<\/strong> sans limite de complexit\u00e9, de degr\u00e9 ni de taille. Rhino peut aussi traiter des maillages polygonaux et des nuages de points. Sa pr\u00e9cision et sa flexibilit\u00e9 en font l&rsquo;outil id\u00e9al pour les \u00e9tudiants qui souhaitent explorer des id\u00e9es et leur donner forme sans passer trop de temps \u00e0 l&rsquo;apprentissage de la CAO.<\/p>\n\n<p>\u00c0 partir d&rsquo;une esquisse, d&rsquo;un dessin, d&rsquo;un mod\u00e8le physique, de donn\u00e9es scann\u00e9es ou tout simplement d&rsquo;une id\u00e9e, Rhino met \u00e0  votre disposition les outils n\u00e9cessaires pour <strong>mod\u00e9liser<\/strong> et <strong>documenter<\/strong> avec pr\u00e9cision vos <strong>concepts<\/strong> afin de r\u00e9aliser un <strong>rendu<\/strong>, une animation, un plan, un prototype, une analyse et de fabriquer ou construire le mod\u00e8le.<\/p>\n\n<p>Toute g\u00e9om\u00e9trie cr\u00e9\u00e9e dans Rhino peut \u00eatre export\u00e9e vers des machines de d\u00e9coupe au laser, des fraiseuses ou des imprimantes 3D et cette particularit\u00e9 rend Rhino tr\u00e8s diff\u00e9rent des autres outils de mod\u00e9lisation 3D bas\u00e9s sur les polygones qui permettent de cr\u00e9er de belles images mais sans la pr\u00e9cision de fabrication.<\/p>\n\n<p>L&rsquo;architecture ouverte de Rhino permet aussi d&rsquo;utiliser Rhino comme plate-forme de d\u00e9veloppement : un SDK C++ et un ensemble de m\u00e9thodes de scripts (RhinoScript) permettent aux programmateurs de personnaliser et automatiser Rhino ainsi que d&rsquo;\u00e9largir ses capacit\u00e9s. Il existe \u00e0 l&rsquo;heure actuelle des dizaines de modules pour Rhino (cr\u00e9ation de terrains, architecture param\u00e9trique, rendu, animation, FAO, bijouterie, cr\u00e9ation de moules, etc.)<\/p>\n\n<p>Avec plus de 300 000 utilisateurs commerciaux et plus de 10 000 \u00e9coles, Rhinoceros vous permet de d\u00e9velopper rapidement vos concepts et de les communiquer avec pr\u00e9cision \u00e0 toutes les personnes du processus de recherche, d\u00e9veloppement, marketing et fabrication ou construction. <\/p>\n\n<p>Une <strong>Version d\u2019\u00e9valuation<\/strong> gratuite peut \u00eatre t\u00e9l\u00e9charg\u00e9e sur <a href=\"https:\/\/www.rhino3d.com\/eval.htm\">www.rhino3d.com\/eval.htm<\/a><\/p>\n\n<div style=\"height:50px\" aria-hidden=\"true\" class=\"wp-block-spacer\"><\/div>\n\n<h2 class=\"wp-block-heading\">VisualARQ dans Rhino :<\/h2>\n\n<p>VisualARQ est enti\u00e8rement int\u00e9gr\u00e9 dans <strong>Rhino 5<\/strong> (32 et 64 bits), <strong>Rhino 6<\/strong> et <strong>Rhino 7<\/strong>.<\/p>\n\n<p>Il utilise le m\u00eame flux de travail et tous les outils de Rhino permettant de travailler avec des objets 2D et 3D peuvent \u00eatre combin\u00e9s avec les objets de VisualARQ.<\/p>\n\n<p><\/p>\n\n<p><\/p>\n\n<div class=\"wp-block-group is-layout-flow wp-block-group-is-layout-flow\">\n<h3 class=\"wp-block-heading\">Cr\u00e9ation de courbes et outils de dessin 2D :<\/h3>\n\n\n\n<div style=\"height:20px\" aria-hidden=\"true\" class=\"wp-block-spacer\"><\/div>\n\n\n\n<div class=\"wp-block-columns is-layout-flex wp-container-core-columns-is-layout-1 wp-block-columns-is-layout-flex\">\n<div class=\"wp-block-column is-layout-flow wp-block-column-is-layout-flow\" style=\"flex-basis:30%\">\n<div class=\"wp-block-image\"><figure class=\"aligncenter\"><img decoding=\"async\" src=\"https:\/\/visualarqv2.instawp.xyz\/wp-content\/uploads\/sites\/2\/2011\/08\/toolbar-curve-creation.png\" alt=\"\"\/><\/figure><\/div>\n<\/div>\n\n\n\n<div class=\"wp-block-column is-layout-flow wp-block-column-is-layout-flow\" style=\"flex-basis:70%\">\n<p>Point, ligne, courbe, polyligne, cercle, ellipse, arc, rectangle, polygone, et.<\/p>\n<\/div>\n<\/div>\n\n\n\n<div class=\"wp-block-columns is-layout-flex wp-container-core-columns-is-layout-2 wp-block-columns-is-layout-flex\">\n<div class=\"wp-block-column is-layout-flow wp-block-column-is-layout-flow\" style=\"flex-basis:30%\">\n<div class=\"wp-block-image\"><figure class=\"aligncenter is-resized\"><img loading=\"lazy\" decoding=\"async\" src=\"https:\/\/visualarqv2.instawp.xyz\/wp-content\/uploads\/sites\/2\/2011\/08\/toolbar-drawing-tools.png\" alt=\"\" width=\"247\" height=\"111\"\/><\/figure><\/div>\n<\/div>\n\n\n\n<div class=\"wp-block-column is-layout-flow wp-block-column-is-layout-flow\" style=\"flex-basis:70%\">\n<p>Cong\u00e9, sym\u00e9trie, d\u00e9calage, courbure, prolongement, reconstruction, hachures, cotes, types de ligne, texte, etc.<\/p>\n<\/div>\n<\/div>\n<\/div>\n\n<div class=\"wp-block-group is-layout-flow wp-block-group-is-layout-flow\">\n<h3 class=\"wp-block-heading\">Cr\u00e9ation de surfaces et de solides :<\/h3>\n\n\n\n<div style=\"height:20px\" aria-hidden=\"true\" class=\"wp-block-spacer\"><\/div>\n\n\n\n<p><\/p>\n\n\n\n<div class=\"wp-block-columns is-layout-flex wp-container-core-columns-is-layout-3 wp-block-columns-is-layout-flex\">\n<div class=\"wp-block-column is-layout-flow wp-block-column-is-layout-flow\" style=\"flex-basis:30%\">\n<div class=\"wp-block-image\"><figure class=\"aligncenter size-full\"><img loading=\"lazy\" decoding=\"async\" width=\"246\" height=\"114\" src=\"https:\/\/visualarqv2.instawp.xyz\/wp-content\/uploads\/2019\/01\/toolbar-surface-creation.png\" alt=\"\" class=\"wp-image-8506\"\/><\/figure><\/div>\n<\/div>\n\n\n\n<div class=\"wp-block-column is-layout-flow wp-block-column-is-layout-flow\" style=\"flex-basis:70%\">\n<p>Surface \u00e0 partir de points, surface \u00e0 partir de courbes, surface par sections, patch, plan rectangulaire, balayage sur 1 et 2 rails, extrusion, etc. <\/p>\n<\/div>\n<\/div>\n\n\n\n<div class=\"wp-block-columns is-layout-flex wp-container-core-columns-is-layout-4 wp-block-columns-is-layout-flex\">\n<div class=\"wp-block-column is-layout-flow wp-block-column-is-layout-flow\" style=\"flex-basis:30%\">\n<div class=\"wp-block-image\"><figure class=\"aligncenter\"><img decoding=\"async\" src=\"https:\/\/visualarqv2.instawp.xyz\/wp-content\/uploads\/sites\/2\/2011\/08\/toolbar-solid-creation.png\" alt=\"\"\/><\/figure><\/div>\n<\/div>\n\n\n\n<div class=\"wp-block-column is-layout-flow wp-block-column-is-layout-flow\" style=\"flex-basis:70%\">\n<p>Bo\u00eete, cylindre, sph\u00e8re, ellipso\u00efde, c\u00f4ne, pyramide, tube, tore, etc.<\/p>\n<\/div>\n<\/div>\n<\/div>\n\n<div class=\"wp-block-group is-layout-flow wp-block-group-is-layout-flow\">\n<h3 class=\"wp-block-heading\">Outils 2D et 3D et transformation des objets :<\/h3>\n\n\n\n<div style=\"height:20px\" aria-hidden=\"true\" class=\"wp-block-spacer\"><\/div>\n\n\n\n<p><\/p>\n\n\n\n<div class=\"wp-block-columns is-layout-flex wp-container-core-columns-is-layout-5 wp-block-columns-is-layout-flex\">\n<div class=\"wp-block-column is-layout-flow wp-block-column-is-layout-flow\" style=\"flex-basis:30%\">\n<div class=\"wp-block-image\"><figure class=\"aligncenter\"><img decoding=\"async\" src=\"https:\/\/visualarqv2.instawp.xyz\/wp-content\/uploads\/sites\/2\/2011\/08\/toolbar-tools.png\" alt=\"\"\/><\/figure><\/div>\n<\/div>\n\n\n\n<div class=\"wp-block-column is-layout-flow wp-block-column-is-layout-flow\" style=\"flex-basis:70%\">\n<p>Courbes, surfaces, solides, maillages, joindre, d\u00e9composer, limiter, diviser, grouper, points de contr\u00f4le, texte, cr\u00e9er des blocs, etc.<\/p>\n<\/div>\n<\/div>\n\n\n\n<div class=\"wp-block-columns is-layout-flex wp-container-core-columns-is-layout-6 wp-block-columns-is-layout-flex\">\n<div class=\"wp-block-column is-layout-flow wp-block-column-is-layout-flow\" style=\"flex-basis:30%\">\n<div class=\"wp-block-image\"><figure class=\"aligncenter\"><img decoding=\"async\" src=\"https:\/\/visualarqv2.instawp.xyz\/wp-content\/uploads\/sites\/2\/2011\/08\/toolbar-transform.png\" alt=\"\"\/><\/figure><\/div>\n<\/div>\n\n\n\n<div class=\"wp-block-column is-layout-flow wp-block-column-is-layout-flow\" style=\"flex-basis:70%\">\n<p>D\u00e9placer, copier, rotation, \u00e9chelle, sym\u00e9trie, aligner, matrice, etc. <\/p>\n<\/div>\n<\/div>\n<\/div>\n\n<p><\/p>\n\n<h3 class=\"wp-block-heading\">Modes de visualisation<\/h3>\n\n<figure class=\"wp-block-image\"><img decoding=\"async\" src=\"https:\/\/visualarqv2.instawp.xyz\/wp-content\/uploads\/sites\/2\/2012\/05\/Rhino-Display-modes.png\" alt=\"\" class=\"wp-image-4681\" title=\"Modes d'affichage de Rhino\"\/><figcaption>Filaire, ombr\u00e9, semi-transparent, rendu, artistique, personnalis\u00e9, etc.<\/figcaption><\/figure>\n","protected":false},"excerpt":{"rendered":"<p>Aper\u00e7u rapide des fonctions de Rhinoceros.<\/p>\n","protected":false},"author":5,"featured_media":0,"parent":11202,"menu_order":0,"comment_status":"closed","ping_status":"closed","template":"","meta":{"_et_pb_use_builder":"off","_et_pb_old_content":"","_et_gb_content_width":"","_monsterinsights_skip_tracking":false,"_monsterinsights_sitenote_active":false,"_monsterinsights_sitenote_note":"","_monsterinsights_sitenote_category":0,"footnotes":""},"class_list":["post-11076","page","type-page","status-publish","hentry"],"yoast_head":"<!-- This site is optimized with the Yoast SEO plugin v23.3 - https:\/\/yoast.com\/wordpress\/plugins\/seo\/ -->\n<title>Qu&#039;est-ce que Rhino ? - VisualARQ<\/title>\n<meta name=\"robots\" content=\"index, follow, max-snippet:-1, max-image-preview:large, max-video-preview:-1\" \/>\n<link rel=\"canonical\" href=\"https:\/\/visualarqv2.instawp.xyz\/fr\/info\/what-is-rhino\/\" \/>\n<meta property=\"og:locale\" content=\"fr_FR\" \/>\n<meta property=\"og:type\" content=\"article\" \/>\n<meta property=\"og:title\" content=\"Qu&#039;est-ce que Rhino ? - VisualARQ\" \/>\n<meta property=\"og:description\" content=\"Aper\u00e7u rapide des fonctions de Rhinoceros.\" \/>\n<meta property=\"og:url\" content=\"https:\/\/visualarqv2.instawp.xyz\/fr\/info\/what-is-rhino\/\" \/>\n<meta property=\"og:site_name\" content=\"VisualARQ\" \/>\n<meta property=\"article:publisher\" content=\"https:\/\/www.facebook.com\/visualarq\" \/>\n<meta property=\"article:modified_time\" content=\"2022-06-07T15:05:43+00:00\" \/>\n<meta property=\"og:image\" content=\"https:\/\/visualarqv2.instawp.xyz\/wp-content\/uploads\/sites\/2\/2011\/08\/toolbar-curve-creation.png\" \/>\n<meta name=\"twitter:card\" content=\"summary_large_image\" \/>\n<meta name=\"twitter:site\" content=\"@VisualARQ\" \/>\n<meta name=\"twitter:label1\" content=\"Dur\u00e9e de lecture estim\u00e9e\" \/>\n\t<meta name=\"twitter:data1\" content=\"3 minutes\" \/>\n<script type=\"application\/ld+json\" class=\"yoast-schema-graph\">{\"@context\":\"https:\/\/schema.org\",\"@graph\":[{\"@type\":\"WebPage\",\"@id\":\"https:\/\/visualarqv2.instawp.xyz\/fr\/info\/what-is-rhino\/\",\"url\":\"https:\/\/visualarqv2.instawp.xyz\/fr\/info\/what-is-rhino\/\",\"name\":\"Qu'est-ce que Rhino ? - VisualARQ\",\"isPartOf\":{\"@id\":\"https:\/\/visualarqv2.instawp.xyz\/fr\/#website\"},\"primaryImageOfPage\":{\"@id\":\"https:\/\/visualarqv2.instawp.xyz\/fr\/info\/what-is-rhino\/#primaryimage\"},\"image\":{\"@id\":\"https:\/\/visualarqv2.instawp.xyz\/fr\/info\/what-is-rhino\/#primaryimage\"},\"thumbnailUrl\":\"https:\/\/visualarqv2.instawp.xyz\/wp-content\/uploads\/sites\/2\/2011\/08\/toolbar-curve-creation.png\",\"datePublished\":\"2011-01-13T00:00:00+00:00\",\"dateModified\":\"2022-06-07T15:05:43+00:00\",\"breadcrumb\":{\"@id\":\"https:\/\/visualarqv2.instawp.xyz\/fr\/info\/what-is-rhino\/#breadcrumb\"},\"inLanguage\":\"fr-FR\",\"potentialAction\":[{\"@type\":\"ReadAction\",\"target\":[\"https:\/\/visualarqv2.instawp.xyz\/fr\/info\/what-is-rhino\/\"]}]},{\"@type\":\"ImageObject\",\"inLanguage\":\"fr-FR\",\"@id\":\"https:\/\/visualarqv2.instawp.xyz\/fr\/info\/what-is-rhino\/#primaryimage\",\"url\":\"https:\/\/visualarqv2.instawp.xyz\/wp-content\/uploads\/sites\/2\/2011\/08\/toolbar-curve-creation.png\",\"contentUrl\":\"https:\/\/visualarqv2.instawp.xyz\/wp-content\/uploads\/sites\/2\/2011\/08\/toolbar-curve-creation.png\"},{\"@type\":\"BreadcrumbList\",\"@id\":\"https:\/\/visualarqv2.instawp.xyz\/fr\/info\/what-is-rhino\/#breadcrumb\",\"itemListElement\":[{\"@type\":\"ListItem\",\"position\":1,\"name\":\"Home\",\"item\":\"https:\/\/visualarqv2.instawp.xyz\/fr\/home2\/\"},{\"@type\":\"ListItem\",\"position\":2,\"name\":\"Info\",\"item\":\"https:\/\/visualarqv2.instawp.xyz\/fr\/info\/\"},{\"@type\":\"ListItem\",\"position\":3,\"name\":\"Qu&#8217;est-ce que Rhino ?\"}]},{\"@type\":\"WebSite\",\"@id\":\"https:\/\/visualarqv2.instawp.xyz\/fr\/#website\",\"url\":\"https:\/\/visualarqv2.instawp.xyz\/fr\/\",\"name\":\"VisualARQ\",\"description\":\"Flexible BIM for Rhino\",\"potentialAction\":[{\"@type\":\"SearchAction\",\"target\":{\"@type\":\"EntryPoint\",\"urlTemplate\":\"https:\/\/visualarqv2.instawp.xyz\/fr\/?s={search_term_string}\"},\"query-input\":\"required name=search_term_string\"}],\"inLanguage\":\"fr-FR\"}]}<\/script>\n<!-- \/ Yoast SEO plugin. -->","yoast_head_json":{"title":"Qu'est-ce que Rhino ? - VisualARQ","robots":{"index":"index","follow":"follow","max-snippet":"max-snippet:-1","max-image-preview":"max-image-preview:large","max-video-preview":"max-video-preview:-1"},"canonical":"https:\/\/visualarqv2.instawp.xyz\/fr\/info\/what-is-rhino\/","og_locale":"fr_FR","og_type":"article","og_title":"Qu'est-ce que Rhino ? - VisualARQ","og_description":"Aper\u00e7u rapide des fonctions de Rhinoceros.","og_url":"https:\/\/visualarqv2.instawp.xyz\/fr\/info\/what-is-rhino\/","og_site_name":"VisualARQ","article_publisher":"https:\/\/www.facebook.com\/visualarq","article_modified_time":"2022-06-07T15:05:43+00:00","og_image":[{"url":"https:\/\/visualarqv2.instawp.xyz\/wp-content\/uploads\/sites\/2\/2011\/08\/toolbar-curve-creation.png"}],"twitter_card":"summary_large_image","twitter_site":"@VisualARQ","twitter_misc":{"Dur\u00e9e de lecture estim\u00e9e":"3 minutes"},"schema":{"@context":"https:\/\/schema.org","@graph":[{"@type":"WebPage","@id":"https:\/\/visualarqv2.instawp.xyz\/fr\/info\/what-is-rhino\/","url":"https:\/\/visualarqv2.instawp.xyz\/fr\/info\/what-is-rhino\/","name":"Qu'est-ce que Rhino ? - VisualARQ","isPartOf":{"@id":"https:\/\/visualarqv2.instawp.xyz\/fr\/#website"},"primaryImageOfPage":{"@id":"https:\/\/visualarqv2.instawp.xyz\/fr\/info\/what-is-rhino\/#primaryimage"},"image":{"@id":"https:\/\/visualarqv2.instawp.xyz\/fr\/info\/what-is-rhino\/#primaryimage"},"thumbnailUrl":"https:\/\/visualarqv2.instawp.xyz\/wp-content\/uploads\/sites\/2\/2011\/08\/toolbar-curve-creation.png","datePublished":"2011-01-13T00:00:00+00:00","dateModified":"2022-06-07T15:05:43+00:00","breadcrumb":{"@id":"https:\/\/visualarqv2.instawp.xyz\/fr\/info\/what-is-rhino\/#breadcrumb"},"inLanguage":"fr-FR","potentialAction":[{"@type":"ReadAction","target":["https:\/\/visualarqv2.instawp.xyz\/fr\/info\/what-is-rhino\/"]}]},{"@type":"ImageObject","inLanguage":"fr-FR","@id":"https:\/\/visualarqv2.instawp.xyz\/fr\/info\/what-is-rhino\/#primaryimage","url":"https:\/\/visualarqv2.instawp.xyz\/wp-content\/uploads\/sites\/2\/2011\/08\/toolbar-curve-creation.png","contentUrl":"https:\/\/visualarqv2.instawp.xyz\/wp-content\/uploads\/sites\/2\/2011\/08\/toolbar-curve-creation.png"},{"@type":"BreadcrumbList","@id":"https:\/\/visualarqv2.instawp.xyz\/fr\/info\/what-is-rhino\/#breadcrumb","itemListElement":[{"@type":"ListItem","position":1,"name":"Home","item":"https:\/\/visualarqv2.instawp.xyz\/fr\/home2\/"},{"@type":"ListItem","position":2,"name":"Info","item":"https:\/\/visualarqv2.instawp.xyz\/fr\/info\/"},{"@type":"ListItem","position":3,"name":"Qu&#8217;est-ce que Rhino ?"}]},{"@type":"WebSite","@id":"https:\/\/visualarqv2.instawp.xyz\/fr\/#website","url":"https:\/\/visualarqv2.instawp.xyz\/fr\/","name":"VisualARQ","description":"Flexible BIM for Rhino","potentialAction":[{"@type":"SearchAction","target":{"@type":"EntryPoint","urlTemplate":"https:\/\/visualarqv2.instawp.xyz\/fr\/?s={search_term_string}"},"query-input":"required name=search_term_string"}],"inLanguage":"fr-FR"}]}},"_links":{"self":[{"href":"https:\/\/visualarqv2.instawp.xyz\/fr\/wp-json\/wp\/v2\/pages\/11076"}],"collection":[{"href":"https:\/\/visualarqv2.instawp.xyz\/fr\/wp-json\/wp\/v2\/pages"}],"about":[{"href":"https:\/\/visualarqv2.instawp.xyz\/fr\/wp-json\/wp\/v2\/types\/page"}],"author":[{"embeddable":true,"href":"https:\/\/visualarqv2.instawp.xyz\/fr\/wp-json\/wp\/v2\/users\/5"}],"replies":[{"embeddable":true,"href":"https:\/\/visualarqv2.instawp.xyz\/fr\/wp-json\/wp\/v2\/comments?post=11076"}],"version-history":[{"count":2,"href":"https:\/\/visualarqv2.instawp.xyz\/fr\/wp-json\/wp\/v2\/pages\/11076\/revisions"}],"predecessor-version":[{"id":27897,"href":"https:\/\/visualarqv2.instawp.xyz\/fr\/wp-json\/wp\/v2\/pages\/11076\/revisions\/27897"}],"up":[{"embeddable":true,"href":"https:\/\/visualarqv2.instawp.xyz\/fr\/wp-json\/wp\/v2\/pages\/11202"}],"wp:attachment":[{"href":"https:\/\/visualarqv2.instawp.xyz\/fr\/wp-json\/wp\/v2\/media?parent=11076"}],"curies":[{"name":"wp","href":"https:\/\/api.w.org\/{rel}","templated":true}]}}