{"id":23830,"date":"2021-09-23T20:29:12","date_gmt":"2021-09-23T20:29:12","guid":{"rendered":"https:\/\/visualarqv2.asuni.cloud\/learn\/webinars\/inscription-au-webinaire\/"},"modified":"2024-02-13T13:52:16","modified_gmt":"2024-02-13T13:52:16","slug":"registration","status":"publish","type":"page","link":"https:\/\/visualarqv2.instawp.xyz\/fr\/learn\/webinars\/registration\/","title":{"rendered":"Inscription au webinaire"},"content":{"rendered":"<h1 style=\"text-align: center;\">Inscription au webinaire<\/h1>\n<p style=\"text-align: center;\"><div class=\"div-sobre-iframe\"><iframe loading=\"lazy\" onload=\"iFrameResize()\" src=\"https:\/\/fz2.asuni.com\/form\/?fz=69&lang=fr\" width=\"100%\" height=\"40px\" frameborder=\"0\">Form<\/iframe><\/div><\/p>\n<p style=\"text-align: center;\"><small>Les informations fournies lors de l&rsquo;inscription peuvent \u00eatre utilis\u00e9es et partag\u00e9es par Asuni Soft SL conform\u00e9ment \u00e0 la <a href=\"https:\/\/visualarqv2.instawp.xyz\/legal\/privacy-policy\/\">Politique de confidentialit\u00e9<\/a>.<\/small><\/p>\n&nbsp;","protected":false},"excerpt":{"rendered":"<p>Inscription au webinaire Les informations fournies lors de l&rsquo;inscription peuvent \u00eatre utilis\u00e9es et partag\u00e9es par Asuni Soft SL conform\u00e9ment \u00e0 la Politique de confidentialit\u00e9. &nbsp;<\/p>\n","protected":false},"author":1,"featured_media":0,"parent":11115,"menu_order":0,"comment_status":"closed","ping_status":"closed","template":"page-download.php","meta":{"_et_pb_use_builder":"","_et_pb_old_content":"","_et_gb_content_width":"","_monsterinsights_skip_tracking":false,"_monsterinsights_sitenote_active":false,"_monsterinsights_sitenote_note":"","_monsterinsights_sitenote_category":0,"footnotes":""},"class_list":["post-23830","page","type-page","status-publish","hentry"],"yoast_head":"<!-- This site is optimized with the Yoast SEO plugin v23.3 - https:\/\/yoast.com\/wordpress\/plugins\/seo\/ -->\n<title>Inscription au webinaire - VisualARQ<\/title>\n<meta name=\"robots\" content=\"index, follow, max-snippet:-1, max-image-preview:large, max-video-preview:-1\" \/>\n<link rel=\"canonical\" href=\"https:\/\/visualarqv2.instawp.xyz\/fr\/learn\/webinars\/registration\/\" \/>\n<meta property=\"og:locale\" content=\"fr_FR\" \/>\n<meta property=\"og:type\" content=\"article\" \/>\n<meta property=\"og:title\" content=\"Inscription au webinaire - VisualARQ\" \/>\n<meta property=\"og:description\" content=\"Inscription au webinaire Les informations fournies lors de l&rsquo;inscription peuvent \u00eatre utilis\u00e9es et partag\u00e9es par Asuni Soft SL conform\u00e9ment \u00e0 la Politique de confidentialit\u00e9. &nbsp;\" \/>\n<meta property=\"og:url\" content=\"https:\/\/visualarqv2.instawp.xyz\/fr\/learn\/webinars\/registration\/\" \/>\n<meta property=\"og:site_name\" content=\"VisualARQ\" \/>\n<meta property=\"article:publisher\" content=\"https:\/\/www.facebook.com\/visualarq\" \/>\n<meta property=\"article:modified_time\" content=\"2024-02-13T13:52:16+00:00\" \/>\n<meta name=\"twitter:card\" content=\"summary_large_image\" \/>\n<meta name=\"twitter:site\" content=\"@VisualARQ\" \/>\n<script type=\"application\/ld+json\" class=\"yoast-schema-graph\">{\"@context\":\"https:\/\/schema.org\",\"@graph\":[{\"@type\":\"WebPage\",\"@id\":\"https:\/\/visualarqv2.instawp.xyz\/fr\/learn\/webinars\/registration\/\",\"url\":\"https:\/\/visualarqv2.instawp.xyz\/fr\/learn\/webinars\/registration\/\",\"name\":\"Inscription au webinaire - VisualARQ\",\"isPartOf\":{\"@id\":\"https:\/\/visualarqv2.instawp.xyz\/fr\/#website\"},\"datePublished\":\"2021-09-23T20:29:12+00:00\",\"dateModified\":\"2024-02-13T13:52:16+00:00\",\"breadcrumb\":{\"@id\":\"https:\/\/visualarqv2.instawp.xyz\/fr\/learn\/webinars\/registration\/#breadcrumb\"},\"inLanguage\":\"fr-FR\",\"potentialAction\":[{\"@type\":\"ReadAction\",\"target\":[\"https:\/\/visualarqv2.instawp.xyz\/fr\/learn\/webinars\/registration\/\"]}]},{\"@type\":\"BreadcrumbList\",\"@id\":\"https:\/\/visualarqv2.instawp.xyz\/fr\/learn\/webinars\/registration\/#breadcrumb\",\"itemListElement\":[{\"@type\":\"ListItem\",\"position\":1,\"name\":\"Home\",\"item\":\"https:\/\/visualarqv2.instawp.xyz\/fr\/home2\/\"},{\"@type\":\"ListItem\",\"position\":2,\"name\":\"Apprendre\",\"item\":\"https:\/\/visualarqv2.instawp.xyz\/fr\/learn\/\"},{\"@type\":\"ListItem\",\"position\":3,\"name\":\"Webinaires\",\"item\":\"https:\/\/visualarqv2.instawp.xyz\/fr\/learn\/webinars\/\"},{\"@type\":\"ListItem\",\"position\":4,\"name\":\"Inscription au webinaire\"}]},{\"@type\":\"WebSite\",\"@id\":\"https:\/\/visualarqv2.instawp.xyz\/fr\/#website\",\"url\":\"https:\/\/visualarqv2.instawp.xyz\/fr\/\",\"name\":\"VisualARQ\",\"description\":\"Flexible BIM for Rhino\",\"potentialAction\":[{\"@type\":\"SearchAction\",\"target\":{\"@type\":\"EntryPoint\",\"urlTemplate\":\"https:\/\/visualarqv2.instawp.xyz\/fr\/?s={search_term_string}\"},\"query-input\":\"required name=search_term_string\"}],\"inLanguage\":\"fr-FR\"}]}<\/script>\n<!-- \/ Yoast SEO plugin. -->","yoast_head_json":{"title":"Inscription au webinaire - VisualARQ","robots":{"index":"index","follow":"follow","max-snippet":"max-snippet:-1","max-image-preview":"max-image-preview:large","max-video-preview":"max-video-preview:-1"},"canonical":"https:\/\/visualarqv2.instawp.xyz\/fr\/learn\/webinars\/registration\/","og_locale":"fr_FR","og_type":"article","og_title":"Inscription au webinaire - VisualARQ","og_description":"Inscription au webinaire Les informations fournies lors de l&rsquo;inscription peuvent \u00eatre utilis\u00e9es et partag\u00e9es par Asuni Soft SL conform\u00e9ment \u00e0 la Politique de confidentialit\u00e9. &nbsp;","og_url":"https:\/\/visualarqv2.instawp.xyz\/fr\/learn\/webinars\/registration\/","og_site_name":"VisualARQ","article_publisher":"https:\/\/www.facebook.com\/visualarq","article_modified_time":"2024-02-13T13:52:16+00:00","twitter_card":"summary_large_image","twitter_site":"@VisualARQ","schema":{"@context":"https:\/\/schema.org","@graph":[{"@type":"WebPage","@id":"https:\/\/visualarqv2.instawp.xyz\/fr\/learn\/webinars\/registration\/","url":"https:\/\/visualarqv2.instawp.xyz\/fr\/learn\/webinars\/registration\/","name":"Inscription au webinaire - VisualARQ","isPartOf":{"@id":"https:\/\/visualarqv2.instawp.xyz\/fr\/#website"},"datePublished":"2021-09-23T20:29:12+00:00","dateModified":"2024-02-13T13:52:16+00:00","breadcrumb":{"@id":"https:\/\/visualarqv2.instawp.xyz\/fr\/learn\/webinars\/registration\/#breadcrumb"},"inLanguage":"fr-FR","potentialAction":[{"@type":"ReadAction","target":["https:\/\/visualarqv2.instawp.xyz\/fr\/learn\/webinars\/registration\/"]}]},{"@type":"BreadcrumbList","@id":"https:\/\/visualarqv2.instawp.xyz\/fr\/learn\/webinars\/registration\/#breadcrumb","itemListElement":[{"@type":"ListItem","position":1,"name":"Home","item":"https:\/\/visualarqv2.instawp.xyz\/fr\/home2\/"},{"@type":"ListItem","position":2,"name":"Apprendre","item":"https:\/\/visualarqv2.instawp.xyz\/fr\/learn\/"},{"@type":"ListItem","position":3,"name":"Webinaires","item":"https:\/\/visualarqv2.instawp.xyz\/fr\/learn\/webinars\/"},{"@type":"ListItem","position":4,"name":"Inscription au webinaire"}]},{"@type":"WebSite","@id":"https:\/\/visualarqv2.instawp.xyz\/fr\/#website","url":"https:\/\/visualarqv2.instawp.xyz\/fr\/","name":"VisualARQ","description":"Flexible BIM for Rhino","potentialAction":[{"@type":"SearchAction","target":{"@type":"EntryPoint","urlTemplate":"https:\/\/visualarqv2.instawp.xyz\/fr\/?s={search_term_string}"},"query-input":"required name=search_term_string"}],"inLanguage":"fr-FR"}]}},"_links":{"self":[{"href":"https:\/\/visualarqv2.instawp.xyz\/fr\/wp-json\/wp\/v2\/pages\/23830"}],"collection":[{"href":"https:\/\/visualarqv2.instawp.xyz\/fr\/wp-json\/wp\/v2\/pages"}],"about":[{"href":"https:\/\/visualarqv2.instawp.xyz\/fr\/wp-json\/wp\/v2\/types\/page"}],"author":[{"embeddable":true,"href":"https:\/\/visualarqv2.instawp.xyz\/fr\/wp-json\/wp\/v2\/users\/1"}],"replies":[{"embeddable":true,"href":"https:\/\/visualarqv2.instawp.xyz\/fr\/wp-json\/wp\/v2\/comments?post=23830"}],"version-history":[{"count":1,"href":"https:\/\/visualarqv2.instawp.xyz\/fr\/wp-json\/wp\/v2\/pages\/23830\/revisions"}],"predecessor-version":[{"id":33444,"href":"https:\/\/visualarqv2.instawp.xyz\/fr\/wp-json\/wp\/v2\/pages\/23830\/revisions\/33444"}],"up":[{"embeddable":true,"href":"https:\/\/visualarqv2.instawp.xyz\/fr\/wp-json\/wp\/v2\/pages\/11115"}],"wp:attachment":[{"href":"https:\/\/visualarqv2.instawp.xyz\/fr\/wp-json\/wp\/v2\/media?parent=23830"}],"curies":[{"name":"wp","href":"https:\/\/api.w.org\/{rel}","templated":true}]}}