{"id":33208,"date":"2024-01-10T11:32:59","date_gmt":"2024-01-10T11:32:59","guid":{"rendered":"https:\/\/visualarqv2.asuni.cloud\/download\/beta\/"},"modified":"2024-02-01T09:37:45","modified_gmt":"2024-02-01T09:37:45","slug":"beta","status":"publish","type":"page","link":"https:\/\/visualarqv2.instawp.xyz\/fr\/download\/beta\/","title":{"rendered":"B\u00eata"},"content":{"rendered":"\n<h1 class=\"wp-block-heading\">T\u00e9l\u00e9chargez VisualARQ 3 B\u00eata ici<\/h1>\n\n<div class=\"wp-block-columns is-layout-flex wp-container-core-columns-is-layout-1 wp-block-columns-is-layout-flex\">\n<div class=\"wp-block-column is-layout-flow wp-block-column-is-layout-flow\">\n<h3 class=\"wp-block-heading\">Essayer VisualARQ 3 B\u00eata<\/h3>\n\n\n\n<p>Si vous poss\u00e9dez une licence de VisualARQ 2, vous pouvez d\u00e9j\u00e0 essayer la version b\u00eata actuelle de VisualARQ 3.<\/p>\n\n\n\n<p>Remplissez le formulaire pour demander un lien de t\u00e9l\u00e9chargement (<strong>pour Rhino 8 uniquement<\/strong>).<\/p>\n\n\n\n<p><\/p>\n\n\n\n<h3 class=\"wp-block-heading\">Quelles sont les nouveaut\u00e9s de VisualARQ 3 ?<\/h3>\n\n\n\n<p>D\u00e9couvrez les nouvelles fonctionnalit\u00e9s que vous pouvez essayer avec la version b\u00eata actuelle de VisualARQ 3 sur la page <a href=\"https:\/\/visualarqv2.instawp.xyz\/features\/v3\/\">Nouveaut\u00e9s<\/a>.<\/p>\n\n\n\n<p><\/p>\n\n\n\n<h3 class=\"wp-block-heading\">V\u00e9rifier les mises \u00e0 mises \u00e0 jour<\/h3>\n\n\n\n<p>Les versions b\u00eata de VisualARQ 3 expirent apr\u00e8s 60 jours. V\u00e9rifier les nouvelles mises \u00e0 jour. <\/p>\n<\/div>\n\n\n\n<div class=\"wp-block-column is-layout-flow wp-block-column-is-layout-flow\"><div class=\"div-sobre-iframe\"><iframe loading=\"lazy\" onload=\"iFrameResize()\" src=\"https:\/\/fz2.asuni.com\/form\/?fz=74&lang=fr\" width=\"100%\" height=\"40px\" frameborder=\"0\">Form<\/iframe><\/div>\n<\/div>\n<\/div>\n","protected":false},"excerpt":{"rendered":"<p>T\u00e9l\u00e9chargez VisualARQ 3 B\u00eata ici Essayer VisualARQ 3 B\u00eata Si vous poss\u00e9dez une licence de VisualARQ 2, vous pouvez d\u00e9j\u00e0 essayer la version b\u00eata actuelle de VisualARQ 3. Remplissez le formulaire pour demander un lien de t\u00e9l\u00e9chargement (pour Rhino 8 uniquement). Quelles sont les nouveaut\u00e9s de VisualARQ 3 ? D\u00e9couvrez les nouvelles fonctionnalit\u00e9s que vous [&hellip;]<\/p>\n","protected":false},"author":6,"featured_media":0,"parent":11160,"menu_order":0,"comment_status":"closed","ping_status":"closed","template":"page-download.php","meta":{"_et_pb_use_builder":"","_et_pb_old_content":"","_et_gb_content_width":"","_monsterinsights_skip_tracking":false,"_monsterinsights_sitenote_active":false,"_monsterinsights_sitenote_note":"","_monsterinsights_sitenote_category":0,"footnotes":""},"class_list":["post-33208","page","type-page","status-publish","hentry"],"yoast_head":"<!-- This site is optimized with the Yoast SEO plugin v23.3 - https:\/\/yoast.com\/wordpress\/plugins\/seo\/ -->\n<title>B\u00eata - VisualARQ<\/title>\n<meta name=\"robots\" content=\"index, follow, max-snippet:-1, max-image-preview:large, max-video-preview:-1\" \/>\n<link rel=\"canonical\" href=\"https:\/\/visualarqv2.instawp.xyz\/fr\/download\/beta\/\" \/>\n<meta property=\"og:locale\" content=\"fr_FR\" \/>\n<meta property=\"og:type\" content=\"article\" \/>\n<meta property=\"og:title\" content=\"B\u00eata - VisualARQ\" \/>\n<meta property=\"og:description\" content=\"T\u00e9l\u00e9chargez VisualARQ 3 B\u00eata ici Essayer VisualARQ 3 B\u00eata Si vous poss\u00e9dez une licence de VisualARQ 2, vous pouvez d\u00e9j\u00e0 essayer la version b\u00eata actuelle de VisualARQ 3. Remplissez le formulaire pour demander un lien de t\u00e9l\u00e9chargement (pour Rhino 8 uniquement). Quelles sont les nouveaut\u00e9s de VisualARQ 3 ? D\u00e9couvrez les nouvelles fonctionnalit\u00e9s que vous [&hellip;]\" \/>\n<meta property=\"og:url\" content=\"https:\/\/visualarqv2.instawp.xyz\/fr\/download\/beta\/\" \/>\n<meta property=\"og:site_name\" content=\"VisualARQ\" \/>\n<meta property=\"article:publisher\" content=\"https:\/\/www.facebook.com\/visualarq\" \/>\n<meta property=\"article:modified_time\" content=\"2024-02-01T09:37:45+00:00\" \/>\n<meta name=\"twitter:card\" content=\"summary_large_image\" \/>\n<meta name=\"twitter:site\" content=\"@VisualARQ\" \/>\n<script type=\"application\/ld+json\" class=\"yoast-schema-graph\">{\"@context\":\"https:\/\/schema.org\",\"@graph\":[{\"@type\":\"WebPage\",\"@id\":\"https:\/\/visualarqv2.instawp.xyz\/fr\/download\/beta\/\",\"url\":\"https:\/\/visualarqv2.instawp.xyz\/fr\/download\/beta\/\",\"name\":\"B\u00eata - VisualARQ\",\"isPartOf\":{\"@id\":\"https:\/\/visualarqv2.instawp.xyz\/fr\/#website\"},\"datePublished\":\"2024-01-10T11:32:59+00:00\",\"dateModified\":\"2024-02-01T09:37:45+00:00\",\"breadcrumb\":{\"@id\":\"https:\/\/visualarqv2.instawp.xyz\/fr\/download\/beta\/#breadcrumb\"},\"inLanguage\":\"fr-FR\",\"potentialAction\":[{\"@type\":\"ReadAction\",\"target\":[\"https:\/\/visualarqv2.instawp.xyz\/fr\/download\/beta\/\"]}]},{\"@type\":\"BreadcrumbList\",\"@id\":\"https:\/\/visualarqv2.instawp.xyz\/fr\/download\/beta\/#breadcrumb\",\"itemListElement\":[{\"@type\":\"ListItem\",\"position\":1,\"name\":\"Home\",\"item\":\"https:\/\/visualarqv2.instawp.xyz\/fr\/home2\/\"},{\"@type\":\"ListItem\",\"position\":2,\"name\":\"T\u00e9l\u00e9charger\",\"item\":\"https:\/\/visualarqv2.instawp.xyz\/fr\/download\/\"},{\"@type\":\"ListItem\",\"position\":3,\"name\":\"B\u00eata\"}]},{\"@type\":\"WebSite\",\"@id\":\"https:\/\/visualarqv2.instawp.xyz\/fr\/#website\",\"url\":\"https:\/\/visualarqv2.instawp.xyz\/fr\/\",\"name\":\"VisualARQ\",\"description\":\"Flexible BIM for Rhino\",\"potentialAction\":[{\"@type\":\"SearchAction\",\"target\":{\"@type\":\"EntryPoint\",\"urlTemplate\":\"https:\/\/visualarqv2.instawp.xyz\/fr\/?s={search_term_string}\"},\"query-input\":\"required name=search_term_string\"}],\"inLanguage\":\"fr-FR\"}]}<\/script>\n<!-- \/ Yoast SEO plugin. -->","yoast_head_json":{"title":"B\u00eata - VisualARQ","robots":{"index":"index","follow":"follow","max-snippet":"max-snippet:-1","max-image-preview":"max-image-preview:large","max-video-preview":"max-video-preview:-1"},"canonical":"https:\/\/visualarqv2.instawp.xyz\/fr\/download\/beta\/","og_locale":"fr_FR","og_type":"article","og_title":"B\u00eata - VisualARQ","og_description":"T\u00e9l\u00e9chargez VisualARQ 3 B\u00eata ici Essayer VisualARQ 3 B\u00eata Si vous poss\u00e9dez une licence de VisualARQ 2, vous pouvez d\u00e9j\u00e0 essayer la version b\u00eata actuelle de VisualARQ 3. Remplissez le formulaire pour demander un lien de t\u00e9l\u00e9chargement (pour Rhino 8 uniquement). Quelles sont les nouveaut\u00e9s de VisualARQ 3 ? D\u00e9couvrez les nouvelles fonctionnalit\u00e9s que vous [&hellip;]","og_url":"https:\/\/visualarqv2.instawp.xyz\/fr\/download\/beta\/","og_site_name":"VisualARQ","article_publisher":"https:\/\/www.facebook.com\/visualarq","article_modified_time":"2024-02-01T09:37:45+00:00","twitter_card":"summary_large_image","twitter_site":"@VisualARQ","schema":{"@context":"https:\/\/schema.org","@graph":[{"@type":"WebPage","@id":"https:\/\/visualarqv2.instawp.xyz\/fr\/download\/beta\/","url":"https:\/\/visualarqv2.instawp.xyz\/fr\/download\/beta\/","name":"B\u00eata - VisualARQ","isPartOf":{"@id":"https:\/\/visualarqv2.instawp.xyz\/fr\/#website"},"datePublished":"2024-01-10T11:32:59+00:00","dateModified":"2024-02-01T09:37:45+00:00","breadcrumb":{"@id":"https:\/\/visualarqv2.instawp.xyz\/fr\/download\/beta\/#breadcrumb"},"inLanguage":"fr-FR","potentialAction":[{"@type":"ReadAction","target":["https:\/\/visualarqv2.instawp.xyz\/fr\/download\/beta\/"]}]},{"@type":"BreadcrumbList","@id":"https:\/\/visualarqv2.instawp.xyz\/fr\/download\/beta\/#breadcrumb","itemListElement":[{"@type":"ListItem","position":1,"name":"Home","item":"https:\/\/visualarqv2.instawp.xyz\/fr\/home2\/"},{"@type":"ListItem","position":2,"name":"T\u00e9l\u00e9charger","item":"https:\/\/visualarqv2.instawp.xyz\/fr\/download\/"},{"@type":"ListItem","position":3,"name":"B\u00eata"}]},{"@type":"WebSite","@id":"https:\/\/visualarqv2.instawp.xyz\/fr\/#website","url":"https:\/\/visualarqv2.instawp.xyz\/fr\/","name":"VisualARQ","description":"Flexible BIM for Rhino","potentialAction":[{"@type":"SearchAction","target":{"@type":"EntryPoint","urlTemplate":"https:\/\/visualarqv2.instawp.xyz\/fr\/?s={search_term_string}"},"query-input":"required name=search_term_string"}],"inLanguage":"fr-FR"}]}},"_links":{"self":[{"href":"https:\/\/visualarqv2.instawp.xyz\/fr\/wp-json\/wp\/v2\/pages\/33208"}],"collection":[{"href":"https:\/\/visualarqv2.instawp.xyz\/fr\/wp-json\/wp\/v2\/pages"}],"about":[{"href":"https:\/\/visualarqv2.instawp.xyz\/fr\/wp-json\/wp\/v2\/types\/page"}],"author":[{"embeddable":true,"href":"https:\/\/visualarqv2.instawp.xyz\/fr\/wp-json\/wp\/v2\/users\/6"}],"replies":[{"embeddable":true,"href":"https:\/\/visualarqv2.instawp.xyz\/fr\/wp-json\/wp\/v2\/comments?post=33208"}],"version-history":[{"count":3,"href":"https:\/\/visualarqv2.instawp.xyz\/fr\/wp-json\/wp\/v2\/pages\/33208\/revisions"}],"predecessor-version":[{"id":33362,"href":"https:\/\/visualarqv2.instawp.xyz\/fr\/wp-json\/wp\/v2\/pages\/33208\/revisions\/33362"}],"up":[{"embeddable":true,"href":"https:\/\/visualarqv2.instawp.xyz\/fr\/wp-json\/wp\/v2\/pages\/11160"}],"wp:attachment":[{"href":"https:\/\/visualarqv2.instawp.xyz\/fr\/wp-json\/wp\/v2\/media?parent=33208"}],"curies":[{"name":"wp","href":"https:\/\/api.w.org\/{rel}","templated":true}]}}