{"id":11474,"date":"2014-05-12T00:00:00","date_gmt":"2014-05-12T00:00:00","guid":{"rendered":"https:\/\/visualarqv2.asuni.cloud\/info\/license-modes\/"},"modified":"2022-01-12T16:35:30","modified_gmt":"2022-01-12T16:35:30","slug":"license-modes","status":"publish","type":"page","link":"https:\/\/visualarqv2.instawp.xyz\/it\/info\/license-modes\/","title":{"rendered":"Modalit\u00e0 di licenza"},"content":{"rendered":"<h1>Modalit\u00e0 di licenza di VisualARQ<\/h1>\r\nVisualARQ offre cinque modalit\u00e0 di licenza:\r\n\r\n<img loading=\"lazy\" decoding=\"async\" src=\"https:\/\/visualarqv2.instawp.xyz\/wp-content\/uploads\/2020\/05\/VA_License_WModes.png\" alt=\"Modalit\u00e0 di licenza di VisualARQ\" width=\"644\" height=\"503\" class=\"aligncenter size-full wp-image-18448\" srcset=\"https:\/\/visualarqv2.instawp.xyz\/wp-content\/uploads\/2020\/05\/VA_License_WModes.png 644w, https:\/\/visualarqv2.instawp.xyz\/wp-content\/uploads\/2020\/05\/VA_License_WModes-480x375.png 480w\" sizes=\"(min-width: 0px) and (max-width: 480px) 480px, (min-width: 481px) 644px, 100vw\" \/>\r\n\r\n<h3 id=\"Viewer\" class=\"mt-4\">Visualizzatore<\/h3>\r\n<p>Una volta scaduto il periodo di valutazione, VisualARQ si esegue in modalit\u00e0 &#8220;Visualizzatore&#8221;. Quando ci\u00f2 accade, potete aprire e salvare documenti che contengono oggetti di VisualARQ, ma alcune funzionalit\u00e0 sono disattivate:<\/p>\r\n<ul>\r\n\t<li>comandi di VisualARQ<\/li>\r\n\t<li>La modifica degli oggetti di VisualARQ usando le propriet\u00e0 ed i punti di controllo.<\/li>\r\n\t<li>Importazione ed esportazione IFC.<\/li>\r\n\t<li>Componenti di VisualARQ in Grasshopper.<\/li>\r\n<\/ul>\r\n<br clear=\"all\" \/>\r\n\r\n\r\n<h3 id=\"Eval\" class=\"mt-4\">Valutazione<\/h3>\r\nDurante il periodo di valutazione, tutte le funzionalit\u00e0 di VisualARQ sono completamente funzionanti. Non \u00e8 necessario nessun codice di prodotto.\r\n<br clear=\"all\" \/>\r\n\r\n\r\n<h3 id=\"Standalone\" class=\"mt-4\">Standalone<\/h3>\r\nPer eseguire VisualARQ in modalit\u00e0 standalone, \u00e8 necessario un codice di prodotto valido. <a href=\"https:\/\/visualarqv2.instawp.xyz\/it\/sales\/\">Acquistare VisualARQ<\/a> per ottenere un codice di prodotto valido.\r\n\r\n\r\n\r\n<h3 id=\"Zoo\" class=\"mt-4\">Rete<\/h3>\r\nUsa una licenza VisualARQ acquisita dal <a href=\"https:\/\/wiki.mcneel.com\/zoo\/home\">server Zoo<\/a>. \r\nIl software del server Zoo e il plug-in Zoo di VisualARQ (entrambi gratuiti) consentono la condivisione delle licenze di VisualARQ (codici prodotto) tra gli utenti di uno stesso gruppo di lavoro in rete.\r\n\r\nQuando VisualARQ \u00e8 installato come nodo di gruppo anzich\u00e9 come prodotto standalone, funziona nel seguente modo:\r\n<ul>\r\n\t<li>Quando si avvia un nodo di gruppo, viene inviata allo Zoo una richiesta di licenza.<\/li>\r\n\t<li>Viene assegnata al nodo una licenza non in uso.<\/li>\r\n\t<li>Quando il nodo termina la sessione, la licenza viene restituita allo Zoo ed \u00e8 visibile tra le licenze disponibili.<\/li>\r\n<\/ul>\r\n\r\n<a href=\"https:\/\/visualarqv2.instawp.xyz\/it\/download\/resources\/#zoo\">Download del plug-in Zoo per VisualARQ qui<\/a>\r\n\r\n\r\n<h3 id=\"Cloud\" class=\"mt-4\">Cloud<\/h3>\r\nUsa una licenza di VisualARQ acquisita dal server Zoo Cloud. Il server Zoo Cloud \u00e8 un servizio gratuito fornito da McNeel, che consente di gestire online la licenza di VisualARQ.\r\n\r\n<ul>\r\n<li>Per singoli utenti, utilizza i dati di accesso di <a href=\"https:\/\/accounts.rhino3d.com\/\">Rhino Accounts<\/a> per usare VisualARQ su qualsiasi computer.<\/li>\r\n<li>Per aziende e scuole, Zoo Cloud pu\u00f2 semplificare la distribuzione delle licenze. Le organizzazioni possono creare un gruppo di licenze e condividerle con i membri del team.<\/li>\r\n<li>Lavorare online o offline. Non occorre estrarre le licenze e saranno disponibili anche senza una connessione a Internet costante.<\/li>\r\n<li><\/li>\r\n<\/ul>\r\n<a href=\"https:\/\/www.rhino3d.com\/it\/features\/administration\/licensing\/#cloud-zoo\">Ulteriori informazioni sul Zoo Cloud<\/a>","protected":false},"excerpt":{"rendered":"<p>Modalit\u00e0 di licenza di VisualARQ VisualARQ offre cinque modalit\u00e0 di licenza: Visualizzatore Una volta scaduto il periodo di valutazione, VisualARQ si esegue in modalit\u00e0 &#8220;Visualizzatore&#8221;. Quando ci\u00f2 accade, potete aprire e salvare documenti che contengono oggetti di VisualARQ, ma alcune funzionalit\u00e0 sono disattivate: comandi di VisualARQ La modifica degli oggetti di VisualARQ usando le propriet\u00e0 [&hellip;]<\/p>\n","protected":false},"author":6,"featured_media":0,"parent":11527,"menu_order":0,"comment_status":"closed","ping_status":"closed","template":"","meta":{"_et_pb_use_builder":"","_et_pb_old_content":"","_et_gb_content_width":"","_monsterinsights_skip_tracking":false,"_monsterinsights_sitenote_active":false,"_monsterinsights_sitenote_note":"","_monsterinsights_sitenote_category":0,"footnotes":""},"class_list":["post-11474","page","type-page","status-publish","hentry"],"yoast_head":"<!-- This site is optimized with the Yoast SEO plugin v23.3 - https:\/\/yoast.com\/wordpress\/plugins\/seo\/ -->\n<title>Modalit\u00e0 di licenza - VisualARQ<\/title>\n<meta name=\"robots\" content=\"index, follow, max-snippet:-1, max-image-preview:large, max-video-preview:-1\" \/>\n<link rel=\"canonical\" href=\"https:\/\/visualarqv2.instawp.xyz\/it\/info\/license-modes\/\" \/>\n<meta property=\"og:locale\" content=\"it_IT\" \/>\n<meta property=\"og:type\" content=\"article\" \/>\n<meta property=\"og:title\" content=\"Modalit\u00e0 di licenza - VisualARQ\" \/>\n<meta property=\"og:description\" content=\"Modalit\u00e0 di licenza di VisualARQ VisualARQ offre cinque modalit\u00e0 di licenza: Visualizzatore Una volta scaduto il periodo di valutazione, VisualARQ si esegue in modalit\u00e0 &#8220;Visualizzatore&#8221;. Quando ci\u00f2 accade, potete aprire e salvare documenti che contengono oggetti di VisualARQ, ma alcune funzionalit\u00e0 sono disattivate: comandi di VisualARQ La modifica degli oggetti di VisualARQ usando le propriet\u00e0 [&hellip;]\" \/>\n<meta property=\"og:url\" content=\"https:\/\/visualarqv2.instawp.xyz\/it\/info\/license-modes\/\" \/>\n<meta property=\"og:site_name\" content=\"VisualARQ\" \/>\n<meta property=\"article:publisher\" content=\"https:\/\/www.facebook.com\/visualarq\" \/>\n<meta property=\"article:modified_time\" content=\"2022-01-12T16:35:30+00:00\" \/>\n<meta property=\"og:image\" content=\"https:\/\/visualarqv2.instawp.xyz\/wp-content\/uploads\/2020\/05\/VA_License_WModes.png\" \/>\n<meta name=\"twitter:card\" content=\"summary_large_image\" \/>\n<meta name=\"twitter:site\" content=\"@VisualARQ\" \/>\n<meta name=\"twitter:label1\" content=\"Tempo di lettura stimato\" \/>\n\t<meta name=\"twitter:data1\" content=\"2 minuti\" \/>\n<script type=\"application\/ld+json\" class=\"yoast-schema-graph\">{\"@context\":\"https:\/\/schema.org\",\"@graph\":[{\"@type\":\"WebPage\",\"@id\":\"https:\/\/visualarqv2.instawp.xyz\/it\/info\/license-modes\/\",\"url\":\"https:\/\/visualarqv2.instawp.xyz\/it\/info\/license-modes\/\",\"name\":\"Modalit\u00e0 di licenza - VisualARQ\",\"isPartOf\":{\"@id\":\"https:\/\/visualarqv2.instawp.xyz\/it\/#website\"},\"primaryImageOfPage\":{\"@id\":\"https:\/\/visualarqv2.instawp.xyz\/it\/info\/license-modes\/#primaryimage\"},\"image\":{\"@id\":\"https:\/\/visualarqv2.instawp.xyz\/it\/info\/license-modes\/#primaryimage\"},\"thumbnailUrl\":\"https:\/\/visualarqv2.instawp.xyz\/wp-content\/uploads\/2020\/05\/VA_License_WModes.png\",\"datePublished\":\"2014-05-12T00:00:00+00:00\",\"dateModified\":\"2022-01-12T16:35:30+00:00\",\"breadcrumb\":{\"@id\":\"https:\/\/visualarqv2.instawp.xyz\/it\/info\/license-modes\/#breadcrumb\"},\"inLanguage\":\"it-IT\",\"potentialAction\":[{\"@type\":\"ReadAction\",\"target\":[\"https:\/\/visualarqv2.instawp.xyz\/it\/info\/license-modes\/\"]}]},{\"@type\":\"ImageObject\",\"inLanguage\":\"it-IT\",\"@id\":\"https:\/\/visualarqv2.instawp.xyz\/it\/info\/license-modes\/#primaryimage\",\"url\":\"https:\/\/visualarqv2.instawp.xyz\/wp-content\/uploads\/2020\/05\/VA_License_WModes.png\",\"contentUrl\":\"https:\/\/visualarqv2.instawp.xyz\/wp-content\/uploads\/2020\/05\/VA_License_WModes.png\"},{\"@type\":\"BreadcrumbList\",\"@id\":\"https:\/\/visualarqv2.instawp.xyz\/it\/info\/license-modes\/#breadcrumb\",\"itemListElement\":[{\"@type\":\"ListItem\",\"position\":1,\"name\":\"Home\",\"item\":\"https:\/\/visualarqv2.instawp.xyz\/it\/home2\/\"},{\"@type\":\"ListItem\",\"position\":2,\"name\":\"Info\",\"item\":\"https:\/\/visualarqv2.instawp.xyz\/it\/info\/\"},{\"@type\":\"ListItem\",\"position\":3,\"name\":\"Modalit\u00e0 di licenza\"}]},{\"@type\":\"WebSite\",\"@id\":\"https:\/\/visualarqv2.instawp.xyz\/it\/#website\",\"url\":\"https:\/\/visualarqv2.instawp.xyz\/it\/\",\"name\":\"VisualARQ\",\"description\":\"Flexible BIM for Rhino\",\"potentialAction\":[{\"@type\":\"SearchAction\",\"target\":{\"@type\":\"EntryPoint\",\"urlTemplate\":\"https:\/\/visualarqv2.instawp.xyz\/it\/?s={search_term_string}\"},\"query-input\":\"required name=search_term_string\"}],\"inLanguage\":\"it-IT\"}]}<\/script>\n<!-- \/ Yoast SEO plugin. -->","yoast_head_json":{"title":"Modalit\u00e0 di licenza - VisualARQ","robots":{"index":"index","follow":"follow","max-snippet":"max-snippet:-1","max-image-preview":"max-image-preview:large","max-video-preview":"max-video-preview:-1"},"canonical":"https:\/\/visualarqv2.instawp.xyz\/it\/info\/license-modes\/","og_locale":"it_IT","og_type":"article","og_title":"Modalit\u00e0 di licenza - VisualARQ","og_description":"Modalit\u00e0 di licenza di VisualARQ VisualARQ offre cinque modalit\u00e0 di licenza: Visualizzatore Una volta scaduto il periodo di valutazione, VisualARQ si esegue in modalit\u00e0 &#8220;Visualizzatore&#8221;. Quando ci\u00f2 accade, potete aprire e salvare documenti che contengono oggetti di VisualARQ, ma alcune funzionalit\u00e0 sono disattivate: comandi di VisualARQ La modifica degli oggetti di VisualARQ usando le propriet\u00e0 [&hellip;]","og_url":"https:\/\/visualarqv2.instawp.xyz\/it\/info\/license-modes\/","og_site_name":"VisualARQ","article_publisher":"https:\/\/www.facebook.com\/visualarq","article_modified_time":"2022-01-12T16:35:30+00:00","og_image":[{"url":"https:\/\/visualarqv2.instawp.xyz\/wp-content\/uploads\/2020\/05\/VA_License_WModes.png"}],"twitter_card":"summary_large_image","twitter_site":"@VisualARQ","twitter_misc":{"Tempo di lettura stimato":"2 minuti"},"schema":{"@context":"https:\/\/schema.org","@graph":[{"@type":"WebPage","@id":"https:\/\/visualarqv2.instawp.xyz\/it\/info\/license-modes\/","url":"https:\/\/visualarqv2.instawp.xyz\/it\/info\/license-modes\/","name":"Modalit\u00e0 di licenza - VisualARQ","isPartOf":{"@id":"https:\/\/visualarqv2.instawp.xyz\/it\/#website"},"primaryImageOfPage":{"@id":"https:\/\/visualarqv2.instawp.xyz\/it\/info\/license-modes\/#primaryimage"},"image":{"@id":"https:\/\/visualarqv2.instawp.xyz\/it\/info\/license-modes\/#primaryimage"},"thumbnailUrl":"https:\/\/visualarqv2.instawp.xyz\/wp-content\/uploads\/2020\/05\/VA_License_WModes.png","datePublished":"2014-05-12T00:00:00+00:00","dateModified":"2022-01-12T16:35:30+00:00","breadcrumb":{"@id":"https:\/\/visualarqv2.instawp.xyz\/it\/info\/license-modes\/#breadcrumb"},"inLanguage":"it-IT","potentialAction":[{"@type":"ReadAction","target":["https:\/\/visualarqv2.instawp.xyz\/it\/info\/license-modes\/"]}]},{"@type":"ImageObject","inLanguage":"it-IT","@id":"https:\/\/visualarqv2.instawp.xyz\/it\/info\/license-modes\/#primaryimage","url":"https:\/\/visualarqv2.instawp.xyz\/wp-content\/uploads\/2020\/05\/VA_License_WModes.png","contentUrl":"https:\/\/visualarqv2.instawp.xyz\/wp-content\/uploads\/2020\/05\/VA_License_WModes.png"},{"@type":"BreadcrumbList","@id":"https:\/\/visualarqv2.instawp.xyz\/it\/info\/license-modes\/#breadcrumb","itemListElement":[{"@type":"ListItem","position":1,"name":"Home","item":"https:\/\/visualarqv2.instawp.xyz\/it\/home2\/"},{"@type":"ListItem","position":2,"name":"Info","item":"https:\/\/visualarqv2.instawp.xyz\/it\/info\/"},{"@type":"ListItem","position":3,"name":"Modalit\u00e0 di licenza"}]},{"@type":"WebSite","@id":"https:\/\/visualarqv2.instawp.xyz\/it\/#website","url":"https:\/\/visualarqv2.instawp.xyz\/it\/","name":"VisualARQ","description":"Flexible BIM for Rhino","potentialAction":[{"@type":"SearchAction","target":{"@type":"EntryPoint","urlTemplate":"https:\/\/visualarqv2.instawp.xyz\/it\/?s={search_term_string}"},"query-input":"required name=search_term_string"}],"inLanguage":"it-IT"}]}},"_links":{"self":[{"href":"https:\/\/visualarqv2.instawp.xyz\/it\/wp-json\/wp\/v2\/pages\/11474"}],"collection":[{"href":"https:\/\/visualarqv2.instawp.xyz\/it\/wp-json\/wp\/v2\/pages"}],"about":[{"href":"https:\/\/visualarqv2.instawp.xyz\/it\/wp-json\/wp\/v2\/types\/page"}],"author":[{"embeddable":true,"href":"https:\/\/visualarqv2.instawp.xyz\/it\/wp-json\/wp\/v2\/users\/6"}],"replies":[{"embeddable":true,"href":"https:\/\/visualarqv2.instawp.xyz\/it\/wp-json\/wp\/v2\/comments?post=11474"}],"version-history":[{"count":3,"href":"https:\/\/visualarqv2.instawp.xyz\/it\/wp-json\/wp\/v2\/pages\/11474\/revisions"}],"predecessor-version":[{"id":24818,"href":"https:\/\/visualarqv2.instawp.xyz\/it\/wp-json\/wp\/v2\/pages\/11474\/revisions\/24818"}],"up":[{"embeddable":true,"href":"https:\/\/visualarqv2.instawp.xyz\/it\/wp-json\/wp\/v2\/pages\/11527"}],"wp:attachment":[{"href":"https:\/\/visualarqv2.instawp.xyz\/it\/wp-json\/wp\/v2\/media?parent=11474"}],"curies":[{"name":"wp","href":"https:\/\/api.w.org\/{rel}","templated":true}]}}